{"id":5178,"date":"2021-09-23T08:01:52","date_gmt":"2021-09-23T08:01:52","guid":{"rendered":"http:\/\/www.ensembleinterface.com\/en\/?page_id=5178"},"modified":"2021-09-23T08:13:16","modified_gmt":"2021-09-23T08:13:16","slug":"macro","status":"publish","type":"page","link":"http:\/\/www.ensembleinterface.com\/en\/agenda\/macro\/","title":{"rendered":"Macro"},"content":{"rendered":"<p>Gare du Nord Basel | 25.11.2021<br \/>\n18:30 | <a href=\"https:\/\/www.vhsbb.ch\/kursprogramm\/musik-232857\/klanggespraeche-neue-musik-im-gare-du-nord-292972\" target=\"_blank\" rel=\"noopener noreferrer\">Klanggespr\u00e4ch<\/a> in Kooperation mit der Volkshochschule Basel<br \/>\n20:00 | Konzert<\/p>\n<p>Das <span style=\"color: #c0c0c0;\">Ensemble Interface<\/span> und der holl\u00e4ndische Instrumentenbauer <span style=\"color: #c0c0c0;\">Hans van Koolwijk<\/span> entwickeln im Projekt KlangM\u00f8bil seit 2015 hybride Klangskulpturen. Mithilfe ihrer Spieler*innen erwachen die \u00fcberdimensionalen mobilen Resonanzk\u00f6rper zu Figuren eines Th\u00e9\u00e2tre Musical, und f\u00fchren in ungeahnte feinste bis roheste Klang-Kosmen.<br \/>\nIm Konzert MACRO integriert das Ensemble erstmals Solo- und Duo-Formationen ihres klassischen Instrumentariums und bestehende zeitgen\u00f6ssische Kompositionen in die exotische Sammlung der Schlag-Zupf-Blas-Streich-Bestien.<br \/>\nVermag die klangliche und performative Begegnung mit dem vermeintlichen Anderen den Blick auf das Eigene ver\u00e4ndern?<\/p>\n<h3>Werke:<\/h3>\n<p>Ensemble Interface \u2013 <em>KlangM\u00f8bil<\/em>, Fassung f\u00fcr sechs Performer (UA)<br \/>\nMark Barden (*1980) \u2013 <em>personae<\/em> (2009) f\u00fcr Bassfl\u00f6te und Bassklarinette<br \/>\nAnnesley Black (*1979) \u2013 <em>Stiff upper lip<\/em> (UA Neufassung) f\u00fcr Bassklarinette<br \/>\nStefano Gervasoni (*1962) \u2013 <em>Pr\u00e9cieux \/ Pr\u00e9tentieux \/ Pernicieux<\/em> (2010\/13) f\u00fcr Toy Piano<br \/>\nAdriana H\u00f6lszky (*1953) \u2013 <em>like a bird &#8211; Hommage \u00e0 G. Kurt\u00e1g<\/em> (2006) f\u00fcr Geige<br \/>\nMatthias Spahlinger (*1944) \u2013 <em>aus: adieu m\u2019amour<\/em> (1982\/83) f\u00fcr Geige und Cello<\/p>\n<h3>Team:<\/h3>\n<p><span style=\"color: #c0c0c0;\">Bettina Berger<\/span>, Fl\u00f6ten und Performance<br \/>\n<span style=\"color: #c0c0c0;\">Roberto Dani<\/span>, Performance<br \/>\n<span style=\"color: #c0c0c0;\">Anna D\u2019Errico<\/span>, Toy Piano und Performance<br \/>\n<span style=\"color: #c0c0c0;\">Andrea Nagy<\/span>, Klarinetten und Performance<br \/>\n<span style=\"color: #c0c0c0;\">Christophe Mathias<\/span>, Cello und Performance<br \/>\n<span style=\"color: #c0c0c0;\">HannaH Walter<\/span>, Violine und Performance<br \/>\n<span style=\"color: #c0c0c0;\">Hans van Koolwijk<\/span>, Instrumente und Skulpturen KlangM\u00f8bil<\/p>\n<p><em>Background image: Hans van Koolwijk, KlangM\u00f8bil, 2015 \/\/ KlangM\u00f8bil#3_Senses working overtime \u00a9 Gaudeamus Muziekweek 2018. Foto: Herre Vermeer<\/em><\/p>\n<p><a href=\"https:\/\/www.garedunord.ch\/programm\/spielplan\" target=\"_blank\" rel=\"noopener noreferrer\">Mehr&#8230;<\/a><\/p>\n","protected":false},"excerpt":{"rendered":"<p>Gare du Nord Basel | 25.11.2021 18:30 | Klanggespr\u00e4ch in Kooperation mit der Volkshochschule Basel 20:00 | Konzert Das Ensemble Interface und der holl\u00e4ndische Instrumentenbauer Hans van Koolwijk entwickeln im Projekt KlangM\u00f8bil seit 2015 hybride Klangskulpturen. Mithilfe ihrer Spieler*innen erwachen die \u00fcberdimensionalen mobilen Resonanzk\u00f6rper zu Figuren eines Th\u00e9\u00e2tre Musical, und f\u00fchren in ungeahnte feinste bis&#8230;<\/p>\n<div class=\"read_more\"><a href=\"http:\/\/www.ensembleinterface.com\/en\/agenda\/macro\/\">Read More<\/a><\/div>\n","protected":false},"author":1,"featured_media":0,"parent":47,"menu_order":0,"comment_status":"open","ping_status":"open","template":"fullwidthbio.php","meta":{"footnotes":""},"class_list":["post-5178","page","type-page","status-publish","hentry"],"_links":{"self":[{"href":"http:\/\/www.ensembleinterface.com\/en\/wp-json\/wp\/v2\/pages\/5178","targetHints":{"allow":["GET"]}}],"collection":[{"href":"http:\/\/www.ensembleinterface.com\/en\/wp-json\/wp\/v2\/pages"}],"about":[{"href":"http:\/\/www.ensembleinterface.com\/en\/wp-json\/wp\/v2\/types\/page"}],"author":[{"embeddable":true,"href":"http:\/\/www.ensembleinterface.com\/en\/wp-json\/wp\/v2\/users\/1"}],"replies":[{"embeddable":true,"href":"http:\/\/www.ensembleinterface.com\/en\/wp-json\/wp\/v2\/comments?post=5178"}],"version-history":[{"count":4,"href":"http:\/\/www.ensembleinterface.com\/en\/wp-json\/wp\/v2\/pages\/5178\/revisions"}],"predecessor-version":[{"id":5184,"href":"http:\/\/www.ensembleinterface.com\/en\/wp-json\/wp\/v2\/pages\/5178\/revisions\/5184"}],"up":[{"embeddable":true,"href":"http:\/\/www.ensembleinterface.com\/en\/wp-json\/wp\/v2\/pages\/47"}],"wp:attachment":[{"href":"http:\/\/www.ensembleinterface.com\/en\/wp-json\/wp\/v2\/media?parent=5178"}],"curies":[{"name":"wp","href":"https:\/\/api.w.org\/{rel}","templated":true}]}}