{"id":492,"date":"2011-12-12T23:18:54","date_gmt":"2011-12-12T23:18:54","guid":{"rendered":"http:\/\/www.ensembleinterface.com\/wordpress\/?page_id=492"},"modified":"2012-09-24T18:28:20","modified_gmt":"2012-09-24T18:28:20","slug":"0512_ignm_basel","status":"publish","type":"page","link":"http:\/\/www.ensembleinterface.com\/en\/agenda\/0512_ignm_basel\/","title":{"rendered":"IGNM Basel"},"content":{"rendered":"<p>24 April 2012<img loading=\"lazy\" decoding=\"async\" class=\"wp-image-1177 alignright\" src=\"http:\/\/www.ensembleinterface.com\/wp-content\/uploads\/Flyer-La-Suisse-est-une-ville.jpg\" alt=\"\" width=\"272\" height=\"255\" \/><br \/>\n<span style=\"color: #c0c0c0\"> Paris | <a href=\"http:\/\/www.citedesartsparis.net\/\" target=\"_blank\"><span style=\"color: #c0c0c0\">Cit\u00e9 Internationale des Arts<\/span><\/a><\/span><br \/>\n1 May 2012 | 20:00<br \/>\n<span style=\"color: #c0c0c0\"> Basel | <a href=\"http:\/\/www.garedunord.ch\/\" target=\"_blank\"><span style=\"color: #c0c0c0\">Gare du Nord<\/span><\/a><\/span><\/p>\n<p><span style=\"color: #999999\"><strong><span style=\"color: #c0c0c0\">Paris<\/span><\/strong> | Programm<\/span><br \/>\n<span style=\"color: #c0c0c0\">Beat Gysin: Puls und Schlag (2012) f\u00fcr Ensemble (UA)<br \/>\nLars Werdenberg:\u00a0Man\u0153uvres (2010) f\u00fcr Klavier (UA)<br \/>\n<\/span><span style=\"color: #c0c0c0\">Lars Werdenberg:\u00a0Man\u0153uvres (2011\/12) f\u00fcr Fl\u00f6te, Schlagzeug und Klavier (UA)<\/span><br \/>\n<span style=\"color: #c0c0c0\">Enno Poppe: Gel\u00f6schte Lieder (1996-99) f\u00fcr Ensemble<\/span><\/p>\n<p><span style=\"color: #999999\"><strong><span style=\"color: #c0c0c0\">Basel<\/span><\/strong> | <a href=\"http:\/\/ensembleinterface.com\/download\/IGNM_Basel_Mai_ensemble_interface.pdf\"><span style=\"color: #999999\">Download Programm<\/span><\/a><\/span><br \/>\n<span style=\"color: #c0c0c0\"> Enno Poppe: Gel\u00f6schte Lieder (1996-99) f\u00fcr Ensemble<\/span><br \/>\n<span style=\"color: #c0c0c0\"> Beat Gysin: Puls und Schlag (2012) f\u00fcr Ensemble (UA)<\/span><br \/>\n<span style=\"color: #c0c0c0\"> Lars Werdenberg:\u00a0Man\u0153uvres (2010) f\u00fcr Klavier (UA)<\/span><br \/>\n<span style=\"color: #c0c0c0\"> Lars Werdenberg:\u00a0Man\u0153uvres (2011\/12) f\u00fcr Fl\u00f6te, Schlagzeug und Klavier (UA)<\/span><br \/>\n<span style=\"color: #c0c0c0\"> Franco Donatoni: Arp\u00e8ge (1986) f\u00fcr Ensemble<\/span><br \/>\n<span style=\"color: #c0c0c0\">Georges Aperghis: La Nuit en t\u00eate (2000) f\u00fcr Sopran und Ensemble<\/span><a href=\"http:\/\/ignm-basel.ch\" target=\"_blank\"><img loading=\"lazy\" decoding=\"async\" class=\"alignnone size-full wp-image-510 alignright\" src=\"http:\/\/www.ensembleinterface.com\/wordpress\/wp-content\/uploads\/logo_small.jpg\" alt=\"\" width=\"197\" height=\"83\" \/><\/a><\/p>\n<p><span style=\"color: #c0c0c0\">ensemble interface<\/span><br \/>\n<span style=\"color: #c0c0c0\"> Donatienne Michel-Dansac, Sopran<\/span><br \/>\n<span style=\"color: #c0c0c0\"> Scott Voyles, Leitung<\/span><\/p>\n<p>&nbsp;<\/p>\n<p>&nbsp;<\/p>\n","protected":false},"excerpt":{"rendered":"<p>24 April 2012 Paris | Cit\u00e9 Internationale des Arts 1 May 2012 | 20:00 Basel | Gare du Nord Paris | Programm Beat Gysin: Puls und Schlag (2012) f\u00fcr Ensemble (UA) Lars Werdenberg:\u00a0Man\u0153uvres (2010) f\u00fcr Klavier (UA) Lars Werdenberg:\u00a0Man\u0153uvres (2011\/12) f\u00fcr Fl\u00f6te, Schlagzeug und Klavier (UA) Enno Poppe: Gel\u00f6schte Lieder (1996-99) f\u00fcr Ensemble Basel |&#8230;<\/p>\n<div class=\"read_more\"><a href=\"http:\/\/www.ensembleinterface.com\/en\/agenda\/0512_ignm_basel\/\">Read More<\/a><\/div>\n","protected":false},"author":1,"featured_media":0,"parent":47,"menu_order":0,"comment_status":"open","ping_status":"open","template":"fullwidth.php","meta":{"footnotes":""},"class_list":["post-492","page","type-page","status-publish","hentry"],"_links":{"self":[{"href":"http:\/\/www.ensembleinterface.com\/en\/wp-json\/wp\/v2\/pages\/492","targetHints":{"allow":["GET"]}}],"collection":[{"href":"http:\/\/www.ensembleinterface.com\/en\/wp-json\/wp\/v2\/pages"}],"about":[{"href":"http:\/\/www.ensembleinterface.com\/en\/wp-json\/wp\/v2\/types\/page"}],"author":[{"embeddable":true,"href":"http:\/\/www.ensembleinterface.com\/en\/wp-json\/wp\/v2\/users\/1"}],"replies":[{"embeddable":true,"href":"http:\/\/www.ensembleinterface.com\/en\/wp-json\/wp\/v2\/comments?post=492"}],"version-history":[{"count":1,"href":"http:\/\/www.ensembleinterface.com\/en\/wp-json\/wp\/v2\/pages\/492\/revisions"}],"predecessor-version":[{"id":1605,"href":"http:\/\/www.ensembleinterface.com\/en\/wp-json\/wp\/v2\/pages\/492\/revisions\/1605"}],"up":[{"embeddable":true,"href":"http:\/\/www.ensembleinterface.com\/en\/wp-json\/wp\/v2\/pages\/47"}],"wp:attachment":[{"href":"http:\/\/www.ensembleinterface.com\/en\/wp-json\/wp\/v2\/media?parent=492"}],"curies":[{"name":"wp","href":"https:\/\/api.w.org\/{rel}","templated":true}]}}