{"id":4854,"date":"2019-12-01T15:00:59","date_gmt":"2019-12-01T15:00:59","guid":{"rendered":"http:\/\/www.ensembleinterface.com\/en\/?page_id=4854"},"modified":"2019-12-01T15:05:20","modified_gmt":"2019-12-01T15:05:20","slug":"musica-femina-international-symposium-budapest","status":"publish","type":"page","link":"http:\/\/www.ensembleinterface.com\/en\/agenda\/musica-femina-international-symposium-budapest\/","title":{"rendered":"MUSICA FEMINA INTERNATIONAL SYMPOSIUM BUDAPEST"},"content":{"rendered":"<p><span style=\"color: #c0c0c0;\">8-9 January 2020 | Budapest<\/span><\/p>\n<p>MusicaFemina International Symposium is a forum for researchers, music professionals and local communities in Central and East Europe to explore relations of gender and musical practice in four interrelated programs.<br \/>\n<em>Gender and Creativity in Music Worlds<\/em> is a two-day conference including lectures, panel discussions and roundtable discussions. The panels focus on the role of gender in music education, the relations between gender and music in the Central and East European region, and issues of gender within the music industry. At the roundtable discussions, performers, composers and managers will address issues of creativity from a gender perspective.<br \/>\nThe discussions will be followed by a special edition of <em>Ladyfest Budapest<\/em>, an underground event, in H\u00e1rom Holl\u00f3 Caf\u00e9, with all-female bands from Germany, Poland and Hungary performing. The final event of the symposium will be the <a href=\"http:\/\/www.ensembleinterface.com\/en\/agenda\/atlatszo-hang-new-music-festival\/\">opening concert of the Transparent Sound New Music Festival.<\/a><\/p>\n<p><span style=\"color: #c0c0c0;\">9 January | 15:15 | Central European University (N\u00e1dor utca 15. 1051 Budapest)<\/span><br \/>\n<span style=\"color: #c0c0c0;\"><strong>Gender, Inspiration and the Creative Process &#8211; Roundtable discussion<\/strong><\/span><br \/>\nComposers and performers are discussing the practice of creation, rehearsal, performance, issues of inspiration in new music from a gender-perspective.<br \/>\nAndrea Szigetv\u00e1ri (composer), Anna D\u2019Errico (Ensemble Interface), Ania Karpowicz ( #Ensemble), D\u00e1niel P\u00e9ter Bir\u00f3 (composer)<br \/>\nModerator: Irene Suchy, Musicologist and Editor of Music Programs of the Austrian Radio (\u00d61)<\/p>\n<p><a href=\"https:\/\/atlatszohang.hu\/musicafemina\/\"><strong>Check out the complete schedule here\u2026<\/strong><\/a><\/p>\n<p><img loading=\"lazy\" decoding=\"async\" class=\"alignnone size-thumbnail wp-image-4696\" src=\"http:\/\/www.ensembleinterface.com\/en\/files\/agenda\/atlatszo-hang-new-music-festival\/2455B973-19ED-4E2C-83FD-B3E61F14A76B-150x150.jpg\" alt=\"\" width=\"150\" height=\"150\" srcset=\"http:\/\/www.ensembleinterface.com\/en\/files\/agenda\/atlatszo-hang-new-music-festival\/2455B973-19ED-4E2C-83FD-B3E61F14A76B-150x150.jpg 150w, http:\/\/www.ensembleinterface.com\/en\/files\/agenda\/atlatszo-hang-new-music-festival\/2455B973-19ED-4E2C-83FD-B3E61F14A76B-300x300.jpg 300w, http:\/\/www.ensembleinterface.com\/en\/files\/agenda\/atlatszo-hang-new-music-festival\/2455B973-19ED-4E2C-83FD-B3E61F14A76B-768x768.jpg 768w, http:\/\/www.ensembleinterface.com\/en\/files\/agenda\/atlatszo-hang-new-music-festival\/2455B973-19ED-4E2C-83FD-B3E61F14A76B.jpg 800w\" sizes=\"auto, (max-width: 150px) 100vw, 150px\" \/>\u00a0<img loading=\"lazy\" decoding=\"async\" class=\"alignnone wp-image-4701 size-thumbnail\" src=\"http:\/\/www.ensembleinterface.com\/en\/files\/agenda\/atlatszo-hang-new-music-festival\/images-150x150.png\" alt=\"\" width=\"150\" height=\"150\" srcset=\"http:\/\/www.ensembleinterface.com\/en\/files\/agenda\/atlatszo-hang-new-music-festival\/images-150x150.png 150w, http:\/\/www.ensembleinterface.com\/en\/files\/agenda\/atlatszo-hang-new-music-festival\/images.png 225w\" sizes=\"auto, (max-width: 150px) 100vw, 150px\" \/><\/p>\n","protected":false},"excerpt":{"rendered":"<p>8-9 January 2020 | Budapest MusicaFemina International Symposium is a forum for researchers, music professionals and local communities in Central and East Europe to explore relations of gender and musical practice in four interrelated programs. Gender and Creativity in Music Worlds is a two-day conference including lectures, panel discussions and roundtable discussions. The panels focus&#8230;<\/p>\n<div class=\"read_more\"><a href=\"http:\/\/www.ensembleinterface.com\/en\/agenda\/musica-femina-international-symposium-budapest\/\">Read More<\/a><\/div>\n","protected":false},"author":1,"featured_media":0,"parent":47,"menu_order":0,"comment_status":"open","ping_status":"open","template":"fullwidthbio.php","meta":{"footnotes":""},"class_list":["post-4854","page","type-page","status-publish","hentry"],"_links":{"self":[{"href":"http:\/\/www.ensembleinterface.com\/en\/wp-json\/wp\/v2\/pages\/4854","targetHints":{"allow":["GET"]}}],"collection":[{"href":"http:\/\/www.ensembleinterface.com\/en\/wp-json\/wp\/v2\/pages"}],"about":[{"href":"http:\/\/www.ensembleinterface.com\/en\/wp-json\/wp\/v2\/types\/page"}],"author":[{"embeddable":true,"href":"http:\/\/www.ensembleinterface.com\/en\/wp-json\/wp\/v2\/users\/1"}],"replies":[{"embeddable":true,"href":"http:\/\/www.ensembleinterface.com\/en\/wp-json\/wp\/v2\/comments?post=4854"}],"version-history":[{"count":3,"href":"http:\/\/www.ensembleinterface.com\/en\/wp-json\/wp\/v2\/pages\/4854\/revisions"}],"predecessor-version":[{"id":4858,"href":"http:\/\/www.ensembleinterface.com\/en\/wp-json\/wp\/v2\/pages\/4854\/revisions\/4858"}],"up":[{"embeddable":true,"href":"http:\/\/www.ensembleinterface.com\/en\/wp-json\/wp\/v2\/pages\/47"}],"wp:attachment":[{"href":"http:\/\/www.ensembleinterface.com\/en\/wp-json\/wp\/v2\/media?parent=4854"}],"curies":[{"name":"wp","href":"https:\/\/api.w.org\/{rel}","templated":true}]}}