{"id":4728,"date":"2019-11-07T13:41:05","date_gmt":"2019-11-07T13:41:05","guid":{"rendered":"http:\/\/www.ensembleinterface.com\/en\/?page_id=4728"},"modified":"2019-11-07T13:45:56","modified_gmt":"2019-11-07T13:45:56","slug":"goethe-institut-supports-our-hungarian-debut","status":"publish","type":"page","link":"http:\/\/www.ensembleinterface.com\/en\/goethe-institut-supports-our-hungarian-debut\/","title":{"rendered":"GOETHE INSTITUT SUPPORTS OUR HUNGARIAN DEBUT"},"content":{"rendered":"<p>We are very happy to announce that our Hungarian debut at \u00c1tl\u00e1sz\u00f3 Hang New Music Festival Budapest has gained support from Goethe Institut.<br \/>\nOur events at \u00c1tl\u00e1sz\u00f3 Hang include open rehearsals and symposiums, culminating in a concert at Zeneakad\u00e9mia Liszt Ferenc Academy of Music, featuring a premiere by Hungarian composer Judit Varga and pieces by Wojtek Blecharz, Brian Ferneyhough, Ashley Fure, Marco Stroppa.<br \/>\n<a href=\"http:\/\/www.ensembleinterface.com\/en\/agenda\/atlatszo-hang-new-music-festival\/\">Follow the project at this link<\/a><\/p>\n<p>With the support of Goethe Institut<\/p>\n<p><img loading=\"lazy\" decoding=\"async\" class=\"alignnone size-thumbnail wp-image-4696\" src=\"http:\/\/www.ensembleinterface.com\/en\/files\/agenda\/atlatszo-hang-new-music-festival\/2455B973-19ED-4E2C-83FD-B3E61F14A76B-150x150.jpg\" alt=\"\" width=\"150\" height=\"150\" srcset=\"http:\/\/www.ensembleinterface.com\/en\/files\/agenda\/atlatszo-hang-new-music-festival\/2455B973-19ED-4E2C-83FD-B3E61F14A76B-150x150.jpg 150w, http:\/\/www.ensembleinterface.com\/en\/files\/agenda\/atlatszo-hang-new-music-festival\/2455B973-19ED-4E2C-83FD-B3E61F14A76B-300x300.jpg 300w, http:\/\/www.ensembleinterface.com\/en\/files\/agenda\/atlatszo-hang-new-music-festival\/2455B973-19ED-4E2C-83FD-B3E61F14A76B-768x768.jpg 768w, http:\/\/www.ensembleinterface.com\/en\/files\/agenda\/atlatszo-hang-new-music-festival\/2455B973-19ED-4E2C-83FD-B3E61F14A76B.jpg 800w\" sizes=\"auto, (max-width: 150px) 100vw, 150px\" \/>&nbsp;<img loading=\"lazy\" decoding=\"async\" class=\"alignnone wp-image-4701 size-thumbnail\" src=\"http:\/\/www.ensembleinterface.com\/en\/files\/agenda\/atlatszo-hang-new-music-festival\/images-150x150.png\" alt=\"\" width=\"150\" height=\"150\" srcset=\"http:\/\/www.ensembleinterface.com\/en\/files\/agenda\/atlatszo-hang-new-music-festival\/images-150x150.png 150w, http:\/\/www.ensembleinterface.com\/en\/files\/agenda\/atlatszo-hang-new-music-festival\/images.png 225w\" sizes=\"auto, (max-width: 150px) 100vw, 150px\" \/><\/p>\n","protected":false},"excerpt":{"rendered":"<p>We are very happy to announce that our Hungarian debut at \u00c1tl\u00e1sz\u00f3 Hang New Music Festival Budapest has gained support from Goethe Institut. Our events at \u00c1tl\u00e1sz\u00f3 Hang include open rehearsals and symposiums, culminating in a concert at Zeneakad\u00e9mia Liszt Ferenc Academy of Music, featuring a premiere by Hungarian composer Judit Varga and pieces by&#8230;<\/p>\n<div class=\"read_more\"><a href=\"http:\/\/www.ensembleinterface.com\/en\/goethe-institut-supports-our-hungarian-debut\/\">Read More<\/a><\/div>\n","protected":false},"author":1,"featured_media":0,"parent":0,"menu_order":0,"comment_status":"open","ping_status":"open","template":"fullwidthbio.php","meta":{"footnotes":""},"class_list":["post-4728","page","type-page","status-publish","hentry"],"_links":{"self":[{"href":"http:\/\/www.ensembleinterface.com\/en\/wp-json\/wp\/v2\/pages\/4728","targetHints":{"allow":["GET"]}}],"collection":[{"href":"http:\/\/www.ensembleinterface.com\/en\/wp-json\/wp\/v2\/pages"}],"about":[{"href":"http:\/\/www.ensembleinterface.com\/en\/wp-json\/wp\/v2\/types\/page"}],"author":[{"embeddable":true,"href":"http:\/\/www.ensembleinterface.com\/en\/wp-json\/wp\/v2\/users\/1"}],"replies":[{"embeddable":true,"href":"http:\/\/www.ensembleinterface.com\/en\/wp-json\/wp\/v2\/comments?post=4728"}],"version-history":[{"count":3,"href":"http:\/\/www.ensembleinterface.com\/en\/wp-json\/wp\/v2\/pages\/4728\/revisions"}],"predecessor-version":[{"id":4733,"href":"http:\/\/www.ensembleinterface.com\/en\/wp-json\/wp\/v2\/pages\/4728\/revisions\/4733"}],"wp:attachment":[{"href":"http:\/\/www.ensembleinterface.com\/en\/wp-json\/wp\/v2\/media?parent=4728"}],"curies":[{"name":"wp","href":"https:\/\/api.w.org\/{rel}","templated":true}]}}