{"id":4693,"date":"2019-09-17T16:43:04","date_gmt":"2019-09-17T16:43:04","guid":{"rendered":"http:\/\/www.ensembleinterface.com\/en\/?page_id=4693"},"modified":"2019-11-07T13:38:11","modified_gmt":"2019-11-07T13:38:11","slug":"atlatszo-hang-new-music-festival","status":"publish","type":"page","link":"http:\/\/www.ensembleinterface.com\/en\/agenda\/atlatszo-hang-new-music-festival\/","title":{"rendered":"\u00c1TL\u00c1TSZ\u00d3 HANG NEW MUSIC FESTIVAL"},"content":{"rendered":"<p><span style=\"color: #c0c0c0;\">Budapest | Zeneakad\u00e9mia Liszt Ferenc Academy of Music<\/span><br \/>\n<span style=\"color: #c0c0c0;\">9 January 2020 | 20:00<\/span><\/p>\n<h3>PROGRAM<\/h3>\n<p><strong>Ashley Fure<\/strong> &#8211; <em>Therefore I Was<\/em> (2012) (Hungarian premiere)<br \/>\n<strong>Judit Varga<\/strong> &#8211; <em>Anamorphoses 02<\/em> (2019) (WP)<br \/>\n<strong>Bryan Ferneyhough<\/strong> &#8211; <em>Time and motion study I<\/em> (1971\/1977) (Hungarian premiere)<br \/>\n<strong>Wojtek Blecharz<\/strong> &#8211; <em>Torpor<\/em> (2008) (Hungarian premiere)<br \/>\n<strong>Marco Stroppa<\/strong> &#8211; <em>Osja. Seven strophes for a literary drone<\/em> (2005\/2008) (Hungarian premiere)<\/p>\n<p><strong>Ensemble Interface<\/strong><br \/>\nAndrea Nagy, clarinets<br \/>\nJo\u00e3o Carlos Pacheco, percussion<br \/>\nAnna D\u2019Errico, piano<br \/>\nGeorgia Privitera, violin<br \/>\nChristophe Mathias, cello<\/p>\n<p>With the support of Goethe Institut<\/p>\n<p><a href=\"http:\/\/www.atlatszohang.hu\">more&#8230;<\/a><\/p>\n<p><img loading=\"lazy\" decoding=\"async\" class=\"alignnone size-thumbnail wp-image-4696\" src=\"http:\/\/www.ensembleinterface.com\/en\/files\/agenda\/atlatszo-hang-new-music-festival\/2455B973-19ED-4E2C-83FD-B3E61F14A76B-150x150.jpg\" alt=\"\" width=\"150\" height=\"150\" srcset=\"http:\/\/www.ensembleinterface.com\/en\/files\/agenda\/atlatszo-hang-new-music-festival\/2455B973-19ED-4E2C-83FD-B3E61F14A76B-150x150.jpg 150w, http:\/\/www.ensembleinterface.com\/en\/files\/agenda\/atlatszo-hang-new-music-festival\/2455B973-19ED-4E2C-83FD-B3E61F14A76B-300x300.jpg 300w, http:\/\/www.ensembleinterface.com\/en\/files\/agenda\/atlatszo-hang-new-music-festival\/2455B973-19ED-4E2C-83FD-B3E61F14A76B-768x768.jpg 768w, http:\/\/www.ensembleinterface.com\/en\/files\/agenda\/atlatszo-hang-new-music-festival\/2455B973-19ED-4E2C-83FD-B3E61F14A76B.jpg 800w\" sizes=\"auto, (max-width: 150px) 100vw, 150px\" \/>&nbsp;<img loading=\"lazy\" decoding=\"async\" class=\"alignnone wp-image-4701 size-thumbnail\" src=\"http:\/\/www.ensembleinterface.com\/en\/files\/agenda\/atlatszo-hang-new-music-festival\/images-150x150.png\" alt=\"\" width=\"150\" height=\"150\" srcset=\"http:\/\/www.ensembleinterface.com\/en\/files\/agenda\/atlatszo-hang-new-music-festival\/images-150x150.png 150w, http:\/\/www.ensembleinterface.com\/en\/files\/agenda\/atlatszo-hang-new-music-festival\/images.png 225w\" sizes=\"auto, (max-width: 150px) 100vw, 150px\" \/><\/p>\n","protected":false},"excerpt":{"rendered":"<p>Budapest | Zeneakad\u00e9mia Liszt Ferenc Academy of Music 9 January 2020 | 20:00 PROGRAM Ashley Fure &#8211; Therefore I Was (2012) (Hungarian premiere) Judit Varga &#8211; Anamorphoses 02 (2019) (WP) Bryan Ferneyhough &#8211; Time and motion study I (1971\/1977) (Hungarian premiere) Wojtek Blecharz &#8211; Torpor (2008) (Hungarian premiere) Marco Stroppa &#8211; Osja. Seven strophes for&#8230;<\/p>\n<div class=\"read_more\"><a href=\"http:\/\/www.ensembleinterface.com\/en\/agenda\/atlatszo-hang-new-music-festival\/\">Read More<\/a><\/div>\n","protected":false},"author":1,"featured_media":0,"parent":47,"menu_order":0,"comment_status":"open","ping_status":"open","template":"fullwidthbio.php","meta":{"footnotes":""},"class_list":["post-4693","page","type-page","status-publish","hentry"],"_links":{"self":[{"href":"http:\/\/www.ensembleinterface.com\/en\/wp-json\/wp\/v2\/pages\/4693","targetHints":{"allow":["GET"]}}],"collection":[{"href":"http:\/\/www.ensembleinterface.com\/en\/wp-json\/wp\/v2\/pages"}],"about":[{"href":"http:\/\/www.ensembleinterface.com\/en\/wp-json\/wp\/v2\/types\/page"}],"author":[{"embeddable":true,"href":"http:\/\/www.ensembleinterface.com\/en\/wp-json\/wp\/v2\/users\/1"}],"replies":[{"embeddable":true,"href":"http:\/\/www.ensembleinterface.com\/en\/wp-json\/wp\/v2\/comments?post=4693"}],"version-history":[{"count":13,"href":"http:\/\/www.ensembleinterface.com\/en\/wp-json\/wp\/v2\/pages\/4693\/revisions"}],"predecessor-version":[{"id":4723,"href":"http:\/\/www.ensembleinterface.com\/en\/wp-json\/wp\/v2\/pages\/4693\/revisions\/4723"}],"up":[{"embeddable":true,"href":"http:\/\/www.ensembleinterface.com\/en\/wp-json\/wp\/v2\/pages\/47"}],"wp:attachment":[{"href":"http:\/\/www.ensembleinterface.com\/en\/wp-json\/wp\/v2\/media?parent=4693"}],"curies":[{"name":"wp","href":"https:\/\/api.w.org\/{rel}","templated":true}]}}