{"id":4184,"date":"2017-03-14T17:20:35","date_gmt":"2017-03-14T17:20:35","guid":{"rendered":"http:\/\/www.ensembleinterface.com\/en\/?page_id=4184"},"modified":"2017-04-01T19:00:34","modified_gmt":"2017-04-01T19:00:34","slug":"musikmesse-festival-frankfurt","status":"publish","type":"page","link":"http:\/\/www.ensembleinterface.com\/en\/agenda\/musikmesse-festival-frankfurt\/","title":{"rendered":"Musikmesse Festival Frankfurt"},"content":{"rendered":"<p><span style=\"color: #f5f7f6;\">Sparkasse Frankfurt, Neue Mainzer Strasse 49, Frankfurt<br \/>\n5 april 2017 | 20:00<\/span><\/p>\n<h4>Musik f\u00fcr Augen und Ohren<\/h4>\n<p>Das Ensemble Interface pr\u00e4sentiert ein frisches und vielf\u00e4ltiges Programm mit feinen und lauten, \u00fcberraschenden und virtuosen Momenten. Zu h\u00f6ren sind Schl\u00fcsselwerke von Messiaen, Cage, Reich und Xenakis sowie Kompositionen der jungen Generation von Blecharz, Dorokhov und des Frankfurters Robin Hoffmann. Musik f\u00fcr Augen und Ohren: Der physische Einsatz spielt dabei eine wichtige Rolle, mal lyrisch-t\u00e4nzerisch, mal sportlich-exzessiv.<\/p>\n<h4>Program<\/h4>\n<p><span style=\"color: #c0c0c0;\">Dieter Schnebel<\/span> (*1930) <em>Poem f\u00fcr sieben Arme<\/em> (1989) f\u00fcr vier Ausf\u00fchrende<br \/>\n<span style=\"color: #c0c0c0;\">George Benjamin<\/span> (*1956) aus: <em>Shadowlines<\/em> (2001): <em>Cantabile &#8211; Wild &#8211; Tempestoso<\/em> f\u00fcr Klavier solo<br \/>\n<span style=\"color: #c0c0c0;\">Wojtek Blecharz<\/span> (*1981) <em>K\u2019an<\/em> (2013) f\u00fcr Steeldrum und 130 Bambusst\u00e4bchen<br \/>\n<span style=\"color: #c0c0c0;\">Robin Hoffmann<\/span> (*1970) <em>Studie f\u00fcr Birkhahnlocker<\/em> (2005) f\u00fcr Vogelpfeife<br \/>\n<span style=\"color: #c0c0c0;\">John Cage<\/span> (1912-1992) <em>The Wonderful Widow of 18 springs<\/em> (1942) f\u00fcr Stimme und Klavier<br \/>\n<span style=\"color: #c0c0c0;\">Steve Reich<\/span> (*1936) <em>Clapping Music<\/em> (1972) f\u00fcr zwei Ausf\u00fchrende<br \/>\n<span style=\"color: #c0c0c0;\">Olivier Messiaen<\/span> (1908-1992) <em>Le merle noir [Die Amsel]<\/em> (1952) f\u00fcr Fl\u00f6te und Klavier<br \/>\n<span style=\"color: #c0c0c0;\">Iannis Xenakis<\/span> (1922-2001) <em>Rebonds B<\/em> (1987) f\u00fcr Schlagzeug solo<br \/>\n<span style=\"color: #c0c0c0;\">Georgy Dorokhov<\/span> (1984-2013) <em>Manifest<\/em> (2009) f\u00fcr drei Styroporspieler mit B\u00f6gen<\/p>\n<p><a href=\"http:\/\/www.musikmesse-festival.net\/speaker\/ensemble-interface-2017-04-05\/\" target=\"_blank\">http:\/\/www.musikmesse-festival.net\/speaker\/ensemble-interface-2017-04-05\/<\/a><\/p>\n<p><span style=\"color: #c0c0c0;\"><strong>Ensemble Interface<\/strong><\/span><br \/>\nBettina Berger, Fl\u00f6te<br \/>\nAnna D&#8217;Errico, Klavier<br \/>\nAgnieszka Koprowska-Born, Perkussion<\/p>\n","protected":false},"excerpt":{"rendered":"<p>Sparkasse Frankfurt, Neue Mainzer Strasse 49, Frankfurt 5 april 2017 | 20:00 Musik f\u00fcr Augen und Ohren Das Ensemble Interface pr\u00e4sentiert ein frisches und vielf\u00e4ltiges Programm mit feinen und lauten, \u00fcberraschenden und virtuosen Momenten. Zu h\u00f6ren sind Schl\u00fcsselwerke von Messiaen, Cage, Reich und Xenakis sowie Kompositionen der jungen Generation von Blecharz, Dorokhov und des Frankfurters&#8230;<\/p>\n<div class=\"read_more\"><a href=\"http:\/\/www.ensembleinterface.com\/en\/agenda\/musikmesse-festival-frankfurt\/\">Read More<\/a><\/div>\n","protected":false},"author":1,"featured_media":0,"parent":47,"menu_order":0,"comment_status":"open","ping_status":"open","template":"fullwidth.php","meta":{"footnotes":""},"class_list":["post-4184","page","type-page","status-publish","hentry"],"_links":{"self":[{"href":"http:\/\/www.ensembleinterface.com\/en\/wp-json\/wp\/v2\/pages\/4184","targetHints":{"allow":["GET"]}}],"collection":[{"href":"http:\/\/www.ensembleinterface.com\/en\/wp-json\/wp\/v2\/pages"}],"about":[{"href":"http:\/\/www.ensembleinterface.com\/en\/wp-json\/wp\/v2\/types\/page"}],"author":[{"embeddable":true,"href":"http:\/\/www.ensembleinterface.com\/en\/wp-json\/wp\/v2\/users\/1"}],"replies":[{"embeddable":true,"href":"http:\/\/www.ensembleinterface.com\/en\/wp-json\/wp\/v2\/comments?post=4184"}],"version-history":[{"count":11,"href":"http:\/\/www.ensembleinterface.com\/en\/wp-json\/wp\/v2\/pages\/4184\/revisions"}],"predecessor-version":[{"id":4212,"href":"http:\/\/www.ensembleinterface.com\/en\/wp-json\/wp\/v2\/pages\/4184\/revisions\/4212"}],"up":[{"embeddable":true,"href":"http:\/\/www.ensembleinterface.com\/en\/wp-json\/wp\/v2\/pages\/47"}],"wp:attachment":[{"href":"http:\/\/www.ensembleinterface.com\/en\/wp-json\/wp\/v2\/media?parent=4184"}],"curies":[{"name":"wp","href":"https:\/\/api.w.org\/{rel}","templated":true}]}}