{"id":3971,"date":"2016-03-30T18:20:03","date_gmt":"2016-03-30T18:20:03","guid":{"rendered":"http:\/\/www.ensembleinterface.com\/en\/?page_id=3971"},"modified":"2016-03-30T18:44:55","modified_gmt":"2016-03-30T18:44:55","slug":"musikfest-nachmittag-eines-fauns-2","status":"publish","type":"page","link":"http:\/\/www.ensembleinterface.com\/en\/agenda\/musikfest-nachmittag-eines-fauns-2\/","title":{"rendered":"MUSIKFEST NACHMITTAG EINES FAUNS"},"content":{"rendered":"<p><div class=\"two_third\">\n<span style=\"color: #c0c0c0;\">6 October 2016 | Alte Oper Frankfurt<\/span><\/p>\n<p><em>20:00 | Mozart Saal<\/em><br \/>\n<em> Die Poesie des Begehrens<\/em><br \/>\n<em> Eine gro\u00dfe Textinszenierung zu Mallarm\u00e9s &#8211; Faun-Dichtung als Z\u00fcndfunke der Moderne<\/em><br \/>\n<em> Thomas Thieme, speaker<\/em><br \/>\n<em> Maren Eggert, speaker<\/em><br \/>\n<em> Michael Braun, commentary<\/em><\/p>\n<p><strong><span style=\"color: #f5f7f6;\">21:45 | Mozart Saal<\/span><\/strong><br \/>\n<span style=\"color: #c0c0c0;\">Nach(t)konzert<\/span><br \/>\n<span style=\"color: #c0c0c0;\"> Giacinto Scelsi &#8211; Hyxos for flute, gongs and bells<\/span><br \/>\n<span style=\"color: #c0c0c0;\"> Claude Debussy &#8211; Pr\u00e9lude \u00e0 l&#8217;apr\u00e8s-midi d&#8217;un faune (version for sextet: Michel Mathias)<\/span><\/p>\n<p><span style=\"color: #f5f7f6;\">Ensemble Interface:<\/span><br \/>\n<span style=\"color: #c0c0c0;\">Bettina Berger, flute<\/span><br \/>\n<span style=\"color: #c0c0c0;\"> Andrea Nagy, clarinet<\/span><br \/>\n<span style=\"color: #c0c0c0;\"> Anna D\u2019Errico, piano<\/span><br \/>\n<span style=\"color: #c0c0c0;\"> Agnieszka Koprowska-Born, percussion<\/span><br \/>\n<span style=\"color: #c0c0c0;\"> Daniela M\u00fcller, violin<\/span><br \/>\n<span style=\"color: #c0c0c0;\"> Christophe Mathias, cello<\/span><\/p>\n<p><a href=\"https:\/\/www.alteoper.de\/de\/programm\/veranstaltung.php?id=516464237\" target=\"_blank\">More&#8230;<\/a><br \/>\n<\/div><div class=\"one_third last\">\n<img loading=\"lazy\" decoding=\"async\" class=\"alignnone size-full wp-image-3399\" src=\"http:\/\/www.ensembleinterface.com\/en\/files\/agenda\/nachtkonzert\/logo.png\" alt=\"Alte Oper\" width=\"200\" height=\"88\" \/><\/div><\/p>\n","protected":false},"excerpt":{"rendered":"","protected":false},"author":1,"featured_media":0,"parent":47,"menu_order":0,"comment_status":"open","ping_status":"open","template":"fullwidth.php","meta":{"footnotes":""},"class_list":["post-3971","page","type-page","status-publish","hentry"],"_links":{"self":[{"href":"http:\/\/www.ensembleinterface.com\/en\/wp-json\/wp\/v2\/pages\/3971","targetHints":{"allow":["GET"]}}],"collection":[{"href":"http:\/\/www.ensembleinterface.com\/en\/wp-json\/wp\/v2\/pages"}],"about":[{"href":"http:\/\/www.ensembleinterface.com\/en\/wp-json\/wp\/v2\/types\/page"}],"author":[{"embeddable":true,"href":"http:\/\/www.ensembleinterface.com\/en\/wp-json\/wp\/v2\/users\/1"}],"replies":[{"embeddable":true,"href":"http:\/\/www.ensembleinterface.com\/en\/wp-json\/wp\/v2\/comments?post=3971"}],"version-history":[{"count":3,"href":"http:\/\/www.ensembleinterface.com\/en\/wp-json\/wp\/v2\/pages\/3971\/revisions"}],"predecessor-version":[{"id":3976,"href":"http:\/\/www.ensembleinterface.com\/en\/wp-json\/wp\/v2\/pages\/3971\/revisions\/3976"}],"up":[{"embeddable":true,"href":"http:\/\/www.ensembleinterface.com\/en\/wp-json\/wp\/v2\/pages\/47"}],"wp:attachment":[{"href":"http:\/\/www.ensembleinterface.com\/en\/wp-json\/wp\/v2\/media?parent=3971"}],"curies":[{"name":"wp","href":"https:\/\/api.w.org\/{rel}","templated":true}]}}