{"id":3831,"date":"2015-11-03T14:04:24","date_gmt":"2015-11-03T14:04:24","guid":{"rendered":"http:\/\/www.ensembleinterface.com\/en\/?page_id=3831"},"modified":"2016-04-01T18:17:22","modified_gmt":"2016-04-01T18:17:22","slug":"asian-composers-league-korea-international-conference-festival","status":"publish","type":"page","link":"http:\/\/www.ensembleinterface.com\/en\/agenda\/asian-composers-league-korea-international-conference-festival\/","title":{"rendered":"ASIAN COMPOSERS LEAGUE-KOREA INTERNATIONAL CONFERENCE &#038; FESTIVAL"},"content":{"rendered":"<p>April 27th, 2016 | Seoul<\/p>\n<p><span style=\"color: #c0c0c0;\">Ensemble Interface<\/span> is invited to join the Asian Composers League-Korea International Conference &amp; Festival 2016, taking place next April in Seoul. Activities will include a concert featuring premieres by Corean composers and a collaboration with composer-in-residence Jos\u00e9 Maria S\u00e1nchez-Verd\u00fa.<\/p>\n<h3>Program<\/h3>\n<p><span style=\"color: #c0c0c0;\">Jinpyeong Yoo<\/span> &#8211; <em>Four songs for Father<\/em> (WP)<br \/>\n<span style=\"color: #c0c0c0;\">Youngmi Cho<\/span> &#8211; <em>Inflorescence<\/em> (WP)<br \/>\n<span style=\"color: #c0c0c0;\">JongYeoul Chong<\/span> &#8211; <em>Fragments<\/em> (WP)<br \/>\n<span style=\"color: #c0c0c0;\">Jung-eun Park<\/span> &#8211; <em>Rose<\/em> (WP)<br \/>\n<span style=\"color: #c0c0c0;\">Chunghoon Kim<\/span> &#8211; <em>Soft cut<\/em> (WP)<br \/>\n<span style=\"color: #c0c0c0;\">Jos\u00e9 M. S\u00e1nchez-Verd\u00fa<\/span> &#8211; <em>Arquitecturas del L\u00edmite<\/em> (2005-12)<br \/>\n<span style=\"color: #c0c0c0;\">Jos\u00e9 M. S\u00e1nchez-Verd\u00fa<\/span> &#8211; <em>Territorio interior<\/em> (2014)<\/p>\n<p><a href=\"http:\/\/www.aclkorea.org\" target=\"_blank\">http:\/\/www.aclkorea.org<\/a><\/p>\n","protected":false},"excerpt":{"rendered":"<p>April 27th, 2016 | Seoul Ensemble Interface is invited to join the Asian Composers League-Korea International Conference &amp; Festival 2016, taking place next April in Seoul. Activities will include a concert featuring premieres by Corean composers and a collaboration with composer-in-residence Jos\u00e9 Maria S\u00e1nchez-Verd\u00fa. Program Jinpyeong Yoo &#8211; Four songs for Father (WP) Youngmi Cho&#8230;<\/p>\n<div class=\"read_more\"><a href=\"http:\/\/www.ensembleinterface.com\/en\/agenda\/asian-composers-league-korea-international-conference-festival\/\">Read More<\/a><\/div>\n","protected":false},"author":1,"featured_media":0,"parent":47,"menu_order":0,"comment_status":"open","ping_status":"open","template":"fullwidth.php","meta":{"footnotes":""},"class_list":["post-3831","page","type-page","status-publish","hentry"],"_links":{"self":[{"href":"http:\/\/www.ensembleinterface.com\/en\/wp-json\/wp\/v2\/pages\/3831","targetHints":{"allow":["GET"]}}],"collection":[{"href":"http:\/\/www.ensembleinterface.com\/en\/wp-json\/wp\/v2\/pages"}],"about":[{"href":"http:\/\/www.ensembleinterface.com\/en\/wp-json\/wp\/v2\/types\/page"}],"author":[{"embeddable":true,"href":"http:\/\/www.ensembleinterface.com\/en\/wp-json\/wp\/v2\/users\/1"}],"replies":[{"embeddable":true,"href":"http:\/\/www.ensembleinterface.com\/en\/wp-json\/wp\/v2\/comments?post=3831"}],"version-history":[{"count":4,"href":"http:\/\/www.ensembleinterface.com\/en\/wp-json\/wp\/v2\/pages\/3831\/revisions"}],"predecessor-version":[{"id":3980,"href":"http:\/\/www.ensembleinterface.com\/en\/wp-json\/wp\/v2\/pages\/3831\/revisions\/3980"}],"up":[{"embeddable":true,"href":"http:\/\/www.ensembleinterface.com\/en\/wp-json\/wp\/v2\/pages\/47"}],"wp:attachment":[{"href":"http:\/\/www.ensembleinterface.com\/en\/wp-json\/wp\/v2\/media?parent=3831"}],"curies":[{"name":"wp","href":"https:\/\/api.w.org\/{rel}","templated":true}]}}