{"id":3610,"date":"2015-07-14T09:15:07","date_gmt":"2015-07-14T09:15:07","guid":{"rendered":"http:\/\/www.ensembleinterface.com\/en\/?page_id=3610"},"modified":"2015-07-14T09:15:56","modified_gmt":"2015-07-14T09:15:56","slug":"tonstor-vermittlung-neuer-musik","status":"publish","type":"page","link":"http:\/\/www.ensembleinterface.com\/en\/agenda\/tonstor-vermittlung-neuer-musik\/","title":{"rendered":"T\u00d6NST\u00d6R | VERMITTLUNG NEUER MUSIK"},"content":{"rendered":"<p><span style=\"color: #c0c0c0;\">August &#8211; September 2015 | Bern<\/span><\/p>\n<h4>Top secret: verknallt!<\/h4>\n<p><span style=\"color: #c0c0c0;\"><strong>Performances:<\/strong><\/span><br \/>\n<span style=\"color: #c0c0c0;\">Sa, 5.9., 14h \/ 16h, Schloss K\u00f6niz, Grosse Sch\u00fc\u00fcr, 60 minutes each<\/span><br \/>\n<span style=\"color: #c0c0c0;\"> So, 13.9., Dampfzentrale Bern, as installation between 13-19h<\/span><\/p>\n<p>Ein Sturm, ein Beben, ein Himmelhochjauchzen: Verliebtsein ist monstr\u00f6s, ein Urgef\u00fchl, manchmal die H\u00f6lle! Vor allem weil man nicht 24 Stunden am Tag \u201ein touch\u201c sein kann. Resultat: eine Flut von Botschaften, die hinund hergeschickt werden, um sich des anderen zu vergewissern. Jugendliche haben die sorgf\u00e4ltig aufbewahrten Liebesbriefe ihrer Grosseltern durchforstet, ihre Nasen in die Tageb\u00fccher ihrer Eltern gesteckt und aus den eigenen Smartphones verschl\u00fcsselte Liebesbotschaften geholt. Das ist ein bisschen wie Durchs-Schl\u00fcssellochGucken.<br \/>\nGenau das ist zu erleben in der Klang-Installation von T\u00f6nst\u00f6r am Kinder- und Jugendmedien Festival K\u00f6niz KiBuK: Kurz-Botschaften von Mensch zu Mensch, \u00fcbersetzt in Kl\u00e4nge und gespielt auf ungewohnten Instrumenten. Eine Live-Klang-Installation als Veranstaltung von T\u00f6nst\u00f6r und Kinder- und Jugendmedien Festival K\u00f6niz KiBuK in Zusammenarbeit mit Musikfestival Bern.<\/p>\n<p><span style=\"color: #c0c0c0;\">8. Klasse der Schule Morillon-K\u00f6niz von Christine Hostettler<\/span><br \/>\n<span style=\"color: #c0c0c0;\"> Ensemble Interface<\/span><br \/>\n<span style=\"color: #c0c0c0;\"> Barbara Balba Weber, concept and coordination<\/span><\/p>\n<p><a href=\"http:\/\/www.toenstoer.ch\/\" target=\"_blank\">more&#8230;<\/a><\/p>\n<p><img loading=\"lazy\" decoding=\"async\" class=\"alignnone size-full wp-image-3528\" src=\"http:\/\/www.ensembleinterface.com\/de\/files\/Tonstor-Dampzentrale.png\" alt=\"Tonstor-Dampzentrale\" width=\"350\" height=\"76\" \/><\/p>\n","protected":false},"excerpt":{"rendered":"<p>August &#8211; September 2015 | Bern Top secret: verknallt! Performances: Sa, 5.9., 14h \/ 16h, Schloss K\u00f6niz, Grosse Sch\u00fc\u00fcr, 60 minutes each So, 13.9., Dampfzentrale Bern, as installation between 13-19h Ein Sturm, ein Beben, ein Himmelhochjauchzen: Verliebtsein ist monstr\u00f6s, ein Urgef\u00fchl, manchmal die H\u00f6lle! Vor allem weil man nicht 24 Stunden am Tag \u201ein touch\u201c&#8230;<\/p>\n<div class=\"read_more\"><a href=\"http:\/\/www.ensembleinterface.com\/en\/agenda\/tonstor-vermittlung-neuer-musik\/\">Read More<\/a><\/div>\n","protected":false},"author":1,"featured_media":0,"parent":47,"menu_order":0,"comment_status":"open","ping_status":"open","template":"fullwidth.php","meta":{"footnotes":""},"class_list":["post-3610","page","type-page","status-publish","hentry"],"_links":{"self":[{"href":"http:\/\/www.ensembleinterface.com\/en\/wp-json\/wp\/v2\/pages\/3610","targetHints":{"allow":["GET"]}}],"collection":[{"href":"http:\/\/www.ensembleinterface.com\/en\/wp-json\/wp\/v2\/pages"}],"about":[{"href":"http:\/\/www.ensembleinterface.com\/en\/wp-json\/wp\/v2\/types\/page"}],"author":[{"embeddable":true,"href":"http:\/\/www.ensembleinterface.com\/en\/wp-json\/wp\/v2\/users\/1"}],"replies":[{"embeddable":true,"href":"http:\/\/www.ensembleinterface.com\/en\/wp-json\/wp\/v2\/comments?post=3610"}],"version-history":[{"count":1,"href":"http:\/\/www.ensembleinterface.com\/en\/wp-json\/wp\/v2\/pages\/3610\/revisions"}],"predecessor-version":[{"id":3611,"href":"http:\/\/www.ensembleinterface.com\/en\/wp-json\/wp\/v2\/pages\/3610\/revisions\/3611"}],"up":[{"embeddable":true,"href":"http:\/\/www.ensembleinterface.com\/en\/wp-json\/wp\/v2\/pages\/47"}],"wp:attachment":[{"href":"http:\/\/www.ensembleinterface.com\/en\/wp-json\/wp\/v2\/media?parent=3610"}],"curies":[{"name":"wp","href":"https:\/\/api.w.org\/{rel}","templated":true}]}}