{"id":3498,"date":"2015-06-09T08:59:49","date_gmt":"2015-06-09T08:59:49","guid":{"rendered":"http:\/\/www.ensembleinterface.com\/en\/?page_id=3498"},"modified":"2015-10-30T17:21:35","modified_gmt":"2015-10-30T17:21:35","slug":"uk-tour","status":"publish","type":"page","link":"http:\/\/www.ensembleinterface.com\/en\/projects\/uk-tour\/","title":{"rendered":"UK TOUR"},"content":{"rendered":"<blockquote><p>\u201c&#8230;<em>a very exciting prospect to both audiences and composers in England<\/em>\u201d &#8211; Sound and Music<\/p><\/blockquote>\n<div class=\"one_half\">\n<h3>Program<\/h3>\n<p><span style=\"color: #c0c0c0;\">Patricia Alessandrini<\/span>: <em>Esquisses pour alphabet de t\u00e9n\u00e8bres <\/em><br \/>\nfor flute, clarinet, piano, percussion, violin, cello and electronics<\/p>\n<p><span style=\"color: #c0c0c0;\">Pedro Alvarez<\/span>: <em>New forms of asymmetry <\/em><br \/>\nfor solo guitar and ensemble<br \/>\nDiego Castro Magas, guitar<\/p>\n<p><span style=\"color: #c0c0c0;\">Martin Iddon<\/span>: <em>crinaeae <\/em><br \/>\nfor flute, clarinet, piano, percussion, violin, cello<\/p>\n<p><span style=\"color: #c0c0c0;\">Mauricio Pauly<\/span>: <em>El tel\u00e9fono en reposo pero atento<\/em><br \/>\nfor amplified ensemble and live electronics<\/div><div class=\"one_half last\">\n<h3>Performances and events<\/h3>\n<p><span style=\"color: #c0c0c0;\">International Anthony Burgess Foundation Manchester<\/span><br \/>\n17 November 2015, 7:30pm<\/p>\n<p><span style=\"color: #c0c0c0;\">Clothworkers Centenary Concert Hall, University of Leeds<\/span><br \/>\n18 November 2015, 7:30pm<\/p>\n<p><span style=\"color: #c0c0c0;\">Goldsmiths University London, Deptford Town Hall Council Chambers<\/span><br \/>\n19 November 2015, 7:30pm<\/p>\n<p><span style=\"color: #c0c0c0;\">Ensemble-in-residence at Goldsmiths University London<\/span><br \/>\n12 \u2013 21 November 2015<\/p>\n<p><span style=\"color: #c0c0c0;\">Open rehearsal, Goldsmiths University London<\/span><br \/>\n20 November 2015, 10am\u20131:30pm<\/div><\/p>\n<p>In November 2015 <span style=\"color: #c0c0c0;\">Ensemble Interface<\/span> is heading to the United Kingdom for a touring project, featuring new pieces by Patricia Alessandrini, Pedro Alvarez, Martin Iddon and Mauricio Pauly, plus workshop activities in collaboration with UK universities.<br \/>\nOne of the purposes of this project is to support the development and performance of pieces by UK-based composers, all the while encouraging the exchange between composers, ensemble and audience through various workshop formats. Performances will be accompanied by workshops for students and open panel discussions for the audience, purposing to deepen the interest and the understanding towards this repertoire.<br \/>\nThe tour is meant to be the starting point of a long-term collaboration, including a recording project, cooperating with CD labels in Germany and England, featuring also collaborations with UK-based ensembles and broadening the scope to more composers from both countries.<\/p>\n<p>The project has been granted support by the <a href=\"http:\/\/soundandmusic.org\/projects\/touring-201516\" target=\"_blank\">Sound and Music Touring Programme<\/a>. Ensemble Interface achieved this award after entering into a competitive process with over 70 other applicants. In Sound and Music\u2019s view, Interface project \u201coffers a very exciting prospect to both audiences and composers in England\u201d.\u00a0The project is also supported by\u00a0the\u00a0<a href=\"http:\/\/www.brittenpears.org\/\" target=\"_blank\">Britten-Pears Foundation<\/a> and the <a href=\"http:\/\/www.goethe.de\/musikfoerderung\" target=\"_blank\">Goethe-Institut<\/a>.<\/p>\n<p><a href=\"http:\/\/www.ensembleinterface.com\/en\/files\/SAM-logo-RGB-white.png\"><img loading=\"lazy\" decoding=\"async\" class=\"alignnone wp-image-3535\" src=\"http:\/\/www.ensembleinterface.com\/en\/files\/SAM-logo-RGB-white_300-300x108.png\" alt=\"SAM-logo-RGB-white_300\" width=\"219\" height=\"79\" \/><\/a>\u00a0<a href=\"http:\/\/www.brittenpears.org\" target=\"_blank\"><img loading=\"lazy\" decoding=\"async\" class=\"alignnone wp-image-3672\" src=\"http:\/\/www.ensembleinterface.com\/en\/files\/agenda\/uk-tour_manchester\/Britten-Pears_170.jpg\" alt=\"Britten-Pears_170\" width=\"160\" height=\"79\" \/><\/a>\u00a0\u00a0\u00a0 <a href=\"http:\/\/www.goethe.de\/musikfoerderung\" target=\"_blank\"><img loading=\"lazy\" decoding=\"async\" class=\"alignnone wp-image-2275\" src=\"http:\/\/www.ensembleinterface.com\/en\/files\/GI_Logo_horizontal_white_sRGB.png\" alt=\"GI_Logo_horizontal_white_sRGB\" width=\"169\" height=\"79\" \/><\/a>\u00a0\u00a0\u00a0\u00a0 <a href=\"http:\/\/www.auswaertiges-amt.de\/DE\/Startseite_node.html\" target=\"_blank\"><img loading=\"lazy\" decoding=\"async\" class=\"alignnone wp-image-3677\" src=\"http:\/\/www.ensembleinterface.com\/en\/files\/agenda\/uk-tour_manchester\/Logo_AA_170.jpg\" alt=\"Logo_AA_170\" width=\"149\" height=\"79\" \/><\/a><\/p>\n<p><img loading=\"lazy\" decoding=\"async\" class=\"alignnone size-medium wp-image-3532\" src=\"http:\/\/www.ensembleinterface.com\/en\/files\/SAM-logo-RGB-white.png\" alt=\"SAM-logo-RGB-white\" width=\"1\" height=\"1\" \/><br \/>\n&nbsp;<br \/>\n&nbsp;<br \/>\n<img loading=\"lazy\" decoding=\"async\" class=\" size-full wp-image-3505 alignleft\" src=\"http:\/\/www.ensembleinterface.com\/en\/files\/Alessandrini-small.jpg\" alt=\"Alessandrini-small\" width=\"151\" height=\"200\" \/><em>Alphabet de t\u00e9n\u00e8bres(hommage \u00e0 Ligeti)<\/em> will allow the pianist of the Ensemble Interface to pilot the ensemble parts and live electronics by playing, in alternation, on a keyboard and a piano, using special touch-sensing technology. She will do this by playing an existing series of pieces, a selection of \u00e9tudes by Ligeti (from Book #1), in a manner not entirely audible to the public, focussing on the instrumental gesture, thus be playing one piece in order to unfold an entirely different piece of music: my own composition, which is in turn based on various settings of the Lamentations of Jeremiah. Her tempo and expressivity (as measured by rubato and amplitude) will shape the expressivity of the instrumental parts. The communication between her performance and the instrumental parts will be obtained through some very simple programs I will install on each player&#8217;s iPhone, Android, or other personal device (using PD and MobMuPlat, a special framework for smartphone programming). The devices will in turn provide audio and visual cues which will guide the performers through the score. This will be particularly important for the microtonal tunings, and for moments in which the performers use their voices.<br \/>\nA numerical system relating to the original scores of the Ligeti will relate to the Hebrew letters which begin each verse of the Lamentations. The piece will reference settings by Tallis, Couperin, Palestrina, Lasso, Victoria, Zelenka, and others. I hope in this manner to use abstract materials &#8211; the letters of the alphabet &#8211; to convey emotional states. _ <a href=\"http:\/\/alessandrini.virb.com\/\" target=\"_blank\">Patricia Alessandrini<\/a><br \/>\n&nbsp;<br \/>\n&nbsp;<\/p>\n<p><span style=\"color: #c0c0c0;\"><img loading=\"lazy\" decoding=\"async\" class=\" size-full wp-image-3508 alignright\" src=\"http:\/\/www.ensembleinterface.com\/en\/files\/Alvarez_TNRF_small.jpg\" alt=\"Alvarez_TNRF_small\" width=\"267\" height=\"150\" \/><\/span>New Forms of Asymmetry &#8211; Neither descriptive nor programmatic, the title is rather a literary \u2018found object\u2019; a serendipitous conceptual catalyst for a single episode in a larger creative quest that seeks to put form, rather than material, at the centre of aesthetic enquiries. The fragile relation between acoustic guitar and ensemble, not only in the deliberate instrumental writing but also in the different nature of their sound projection, facilitates the necessary reinvention of a \u2018concertante\u2019 dialectics. _ <a href=\"http:\/\/www.pedroalvarez.info\" target=\"_blank\">Pedro Alvarez<\/a><\/p>\n<p>&nbsp;<br \/>\n&nbsp;<\/p>\n<p><img loading=\"lazy\" decoding=\"async\" class=\"alignleft size-full wp-image-3513\" src=\"http:\/\/www.ensembleinterface.com\/en\/files\/MI_small.jpg\" alt=\"MI_small\" width=\"184\" height=\"150\" \/>In Greek mythology, the crinaeae were the naiads, water nymphs, who protected and dwelled in fountains and wells. Sacred fountains and wells were intimately linked with inspiration in the Greek world: the Hippocrene fountain on Mount Helicon, formed by the hooves of Pegasus, was sacred to<br \/>\nthe Muses, and the Pirene fountain in Corinth, where Pegasus himself would drink, was visited by Roman poets in search of inspiration. Other fountains, like those at Delphi, were fed by the Castilian Spring, and thus were intertwined with sites of prophecy. As Robin Lane-Fox has it, \u2018wherever there was water, there was a possible source of prophecy\u2019.<br \/>\nLike numerous other of my pieces\u2014most particularly <em>hamadrayds<\/em> (2010) and the other pieces named for the individual hamadryads, such as <em>Ptelea<\/em> (2014), all of which make use of readings of Josquin\u2019s <em>Nymphes des bois<\/em> in order to generate pitch material\u2014<em>crineae<\/em> utilises a high Renaissance source in the background, here Dufay\u2019s isorhythmic motet, <em>Salve flos tusce gentis<\/em>, which concerns itself with the naiads. Highly active on the rhythmic level, but extremely quiet\u2014always on the borders of silence\u2014and with a broadly static set of pitch materials\u2014deployed most often as points, extended lines, or brief glissandi\u2014<em>crinaeae<\/em> is composed of individual part books, with no score, such that the fine details of the piece are highly determined, but points of entry and, indeed, form in a broader sense, occurs in the moment of performance.<br \/>\n<em>crinaeae<\/em> is a part of a larger cycle of pieces, each named for a particular type of naiad, begun with eleionomae (premiered by Distractfold in 2013), and will continue in <em>limnades<\/em>, <em>potameides<\/em>, and <em>pegaeae<\/em>. _ <a href=\"http:\/\/www.martiniddon.com\/\" target=\"_blank\">Martin Iddon<\/a><\/p>\n<p>&nbsp;<br \/>\n&nbsp;<\/p>\n<p><img loading=\"lazy\" decoding=\"async\" class=\"alignright size-full wp-image-3515\" src=\"http:\/\/www.ensembleinterface.com\/en\/files\/Pauly_small.jpg\" alt=\"Pauly_small\" width=\"267\" height=\"150\" \/>The new piece <em>Patrulla palinodia<\/em> by <a href=\"http:\/\/www.mauriciopauly.com\/\" target=\"_blank\">Mauricio Pauly<\/a> will be the fifth in a series of works where amplification is actively controlled by the ensemble via stomp-boxes as an integrated form of articulation, resonance and live electronics. Extreme synchrony and virtuosic instrumental control coalesce to form a body of sound which shifts in mass and depth, falls apart and blends again, discovering its own shape as it moves forward.<\/p>\n","protected":false},"excerpt":{"rendered":"<p>\u201c&#8230;a very exciting prospect to both audiences and composers in England\u201d &#8211; Sound and Music In November 2015 Ensemble Interface is heading to the United Kingdom for a touring project, featuring new pieces by Patricia Alessandrini, Pedro Alvarez, Martin Iddon and Mauricio Pauly, plus workshop activities in collaboration with UK universities. One of the purposes&#8230;<\/p>\n<div class=\"read_more\"><a href=\"http:\/\/www.ensembleinterface.com\/en\/projects\/uk-tour\/\">Read More<\/a><\/div>\n","protected":false},"author":1,"featured_media":0,"parent":1392,"menu_order":0,"comment_status":"open","ping_status":"open","template":"fullwidth.php","meta":{"footnotes":""},"class_list":["post-3498","page","type-page","status-publish","hentry"],"_links":{"self":[{"href":"http:\/\/www.ensembleinterface.com\/en\/wp-json\/wp\/v2\/pages\/3498","targetHints":{"allow":["GET"]}}],"collection":[{"href":"http:\/\/www.ensembleinterface.com\/en\/wp-json\/wp\/v2\/pages"}],"about":[{"href":"http:\/\/www.ensembleinterface.com\/en\/wp-json\/wp\/v2\/types\/page"}],"author":[{"embeddable":true,"href":"http:\/\/www.ensembleinterface.com\/en\/wp-json\/wp\/v2\/users\/1"}],"replies":[{"embeddable":true,"href":"http:\/\/www.ensembleinterface.com\/en\/wp-json\/wp\/v2\/comments?post=3498"}],"version-history":[{"count":46,"href":"http:\/\/www.ensembleinterface.com\/en\/wp-json\/wp\/v2\/pages\/3498\/revisions"}],"predecessor-version":[{"id":3820,"href":"http:\/\/www.ensembleinterface.com\/en\/wp-json\/wp\/v2\/pages\/3498\/revisions\/3820"}],"up":[{"embeddable":true,"href":"http:\/\/www.ensembleinterface.com\/en\/wp-json\/wp\/v2\/pages\/1392"}],"wp:attachment":[{"href":"http:\/\/www.ensembleinterface.com\/en\/wp-json\/wp\/v2\/media?parent=3498"}],"curies":[{"name":"wp","href":"https:\/\/api.w.org\/{rel}","templated":true}]}}