{"id":3105,"date":"2014-04-02T22:31:37","date_gmt":"2014-04-02T22:31:37","guid":{"rendered":"http:\/\/www.ensembleinterface.com\/en\/?page_id=3105"},"modified":"2014-06-17T21:19:10","modified_gmt":"2014-06-17T21:19:10","slug":"flix","status":"publish","type":"page","link":"http:\/\/www.ensembleinterface.com\/en\/agenda\/flix\/","title":{"rendered":"International Composition Masterclass with Pierluigi Billone"},"content":{"rendered":"<p><div class=\"two_third\">16\/17\/18 July 2014 | Flix- Tortosa (Catalonia)<\/p>\n<p><span style=\"color: #c0c0c0;\"><span style=\"color: #ffffff;\"><strong>Concerts:<\/strong><\/span><br \/>\n<\/span>July 17th 2014 | Conservatori de Tortosa<br \/>\nJuly 18th 2014 | Festival Sirga 2014 | Flix<\/p>\n<p><span style=\"color: #ffffff;\">This three-day masterclass is open to composers of all ages and nationalities. Ensemble Interface will perform works by the selected participants.<\/span><\/p>\n<p><span style=\"color: #ffffff;\"><strong>Program:<\/strong><\/span><br \/>\n<span style=\"color: #c0c0c0;\">Tristan Murail<\/span>: <em>Treize couleurs du soleil couchant<\/em> for flute, clarinet, violin, cello, piano<br \/>\n<span style=\"color: #c0c0c0;\">Silvia Pepe<\/span>: <em>Parole, orage<\/em> for flute, clarinet, violin, cello<br \/>\n<span style=\"color: #c0c0c0;\">Lorenzo Restagno<\/span>: <em>ladyboy&#8217;s wings (amore reshaped)<\/em> (2014) for flute, clarinet, violin, cello, piano<br \/>\n<span style=\"color: #c0c0c0;\">Maria Misael Gauchat<\/span>: <em>Le cinqui\u00e8me \u00e9l\u00e9ment<\/em> for alto flute, clarinet, violin, cello<br \/>\n<span style=\"color: #c0c0c0;\">Diego Jim\u00e9nez Tamame<\/span>: <em>Don&#8217;t condescend (don&#8217;t even disagree)<\/em> (2014) for flute, clarinet, violin, cello, piano<\/p>\n<p><span style=\"color: #c0c0c0;\">Ensemble Interface<\/span><\/div><div class=\"one_third last\">\n<a href=\"http:\/\/www.ensembleinterface.com\/en\/files\/1656400_727253820626656_705075220_n.jpg\"><img decoding=\"async\" class=\"alignnone  wp-image-3112\" alt=\"1656400_727253820626656_705075220_n\" src=\"http:\/\/www.ensembleinterface.com\/en\/files\/1656400_727253820626656_705075220_n-300x235.jpg\" width=\"230\" srcset=\"http:\/\/www.ensembleinterface.com\/en\/files\/1656400_727253820626656_705075220_n-300x235.jpg 300w, http:\/\/www.ensembleinterface.com\/en\/files\/1656400_727253820626656_705075220_n.jpg 960w\" sizes=\"(max-width: 300px) 100vw, 300px\" \/><\/a><\/p>\n<p><a href=\"http:\/\/www.ensembleinterface.com\/en\/files\/1002467_672591732759532_1238384206_n-1.jpg\"><img decoding=\"async\" class=\"alignnone  wp-image-3117\" alt=\"1002467_672591732759532_1238384206_n-1\" src=\"http:\/\/www.ensembleinterface.com\/en\/files\/1002467_672591732759532_1238384206_n-1-300x197.jpg\" width=\"230\" srcset=\"http:\/\/www.ensembleinterface.com\/en\/files\/1002467_672591732759532_1238384206_n-1-300x197.jpg 300w, http:\/\/www.ensembleinterface.com\/en\/files\/1002467_672591732759532_1238384206_n-1.jpg 403w\" sizes=\"(max-width: 300px) 100vw, 300px\" \/><\/a><\/p>\n<\/div><\/p>\n","protected":false},"excerpt":{"rendered":"","protected":false},"author":1,"featured_media":0,"parent":47,"menu_order":0,"comment_status":"open","ping_status":"open","template":"fullwidth.php","meta":{"footnotes":""},"class_list":["post-3105","page","type-page","status-publish","hentry"],"_links":{"self":[{"href":"http:\/\/www.ensembleinterface.com\/en\/wp-json\/wp\/v2\/pages\/3105","targetHints":{"allow":["GET"]}}],"collection":[{"href":"http:\/\/www.ensembleinterface.com\/en\/wp-json\/wp\/v2\/pages"}],"about":[{"href":"http:\/\/www.ensembleinterface.com\/en\/wp-json\/wp\/v2\/types\/page"}],"author":[{"embeddable":true,"href":"http:\/\/www.ensembleinterface.com\/en\/wp-json\/wp\/v2\/users\/1"}],"replies":[{"embeddable":true,"href":"http:\/\/www.ensembleinterface.com\/en\/wp-json\/wp\/v2\/comments?post=3105"}],"version-history":[{"count":15,"href":"http:\/\/www.ensembleinterface.com\/en\/wp-json\/wp\/v2\/pages\/3105\/revisions"}],"predecessor-version":[{"id":3133,"href":"http:\/\/www.ensembleinterface.com\/en\/wp-json\/wp\/v2\/pages\/3105\/revisions\/3133"}],"up":[{"embeddable":true,"href":"http:\/\/www.ensembleinterface.com\/en\/wp-json\/wp\/v2\/pages\/47"}],"wp:attachment":[{"href":"http:\/\/www.ensembleinterface.com\/en\/wp-json\/wp\/v2\/media?parent=3105"}],"curies":[{"name":"wp","href":"https:\/\/api.w.org\/{rel}","templated":true}]}}