{"id":2973,"date":"2013-12-13T15:05:09","date_gmt":"2013-12-13T15:05:09","guid":{"rendered":"http:\/\/www.ensembleinterface.com\/en\/?page_id=2973"},"modified":"2014-02-04T18:13:35","modified_gmt":"2014-02-04T18:13:35","slug":"zwischenzone-ost-frankfurt","status":"publish","type":"page","link":"http:\/\/www.ensembleinterface.com\/en\/agenda\/zwischenzone-ost-frankfurt\/","title":{"rendered":"ZWISCHENZONE OST"},"content":{"rendered":"<p><div class=\"two_third\">15 January 2014 | 19:00<br \/>\n<span style=\"color: #c0c0c0;\">Frankfurt | Haus am Dom<\/span><\/p>\n<p>19:00: pre-concert talk with Prof. Doct. Marion Saxer<br \/>\n19:30: concert<\/p>\n<p><span style=\"color: #c0c0c0;\"><strong>Program<\/strong><\/span><br \/>\nPanayiotis Kokoras: <em>Delirium<\/em> for amplified flute, cello, piano (2008)<br \/>\nWojtek Blecharz: <em>K\u2019an<\/em> for steel drum and ca. 130 sticks (2012)<br \/>\nSergej Newski: <em>Wut<\/em> for flute, cello, piano, percussion (2013)<br \/>\nHelmut Oehring: <em>Leuchter (aus: kurz im M\u00fcll gestochert)<\/em> for flute, cello, prepared piano (1994)<br \/>\nVladimir Gorlinsky: <em>Accent sequence<\/em> for piano and electronics (2009)<br \/>\nGeorgy Dorokhov: <em>Manifest<\/em> for 3 polyfoams and the bows (2009)<br \/>\nOnur Y\u0131ld\u0131r\u0131m: <em>upa.naxturu\u0161u<\/em> for flute, cello, piano, percussion (2013)<br \/>\nJagoda Szmytka: <em>pores open wide shut<\/em> (2013) &#8211; world premiere<\/p>\n<p><a href=\"http:\/\/www.ensembleinterface.com\/en\/projects\/zwischenzone-ost\/\">read more about the project<\/a><\/p>\n<p><span style=\"color: #c0c0c0;\">Ensemble Interface<\/span><br \/>\n<span style=\"color: #c0c0c0;\">Robin B\u00f6s, electronics<\/span><\/div><div class=\"one_third last\">\n<img loading=\"lazy\" decoding=\"async\" src=\"http:\/\/www.ensembleinterface.com\/en\/files\/Plakat_Ensemble-Interface-ZO.png\" alt=\"Plakat_Ensemble-Interface-ZO\" width=\"230\" height=\"324\" class=\"alignnone size-full wp-image-3071\" srcset=\"http:\/\/www.ensembleinterface.com\/en\/files\/Plakat_Ensemble-Interface-ZO.png 230w, http:\/\/www.ensembleinterface.com\/en\/files\/Plakat_Ensemble-Interface-ZO-212x300.png 212w\" sizes=\"auto, (max-width: 230px) 100vw, 230px\" \/><br \/>\n<i mg class=\"alignnone size-full wp-image-2978\" alt=\"179018_136220076441220_437139_n\" src=\"http:\/\/www.ensembleinterface.com\/en\/files\/179018_136220076441220_437139_n.jpg\" width=\"160\" height=\"160\" \/><\/p>\n<p><span style=\"color: #c0c0c0;\"><strong>Haus am Dom<\/strong><br \/>\nDomplatz 3<br \/>\nFrankfurt<\/span><br \/>\n<\/div><\/p>\n","protected":false},"excerpt":{"rendered":"","protected":false},"author":1,"featured_media":0,"parent":47,"menu_order":0,"comment_status":"open","ping_status":"open","template":"fullwidth.php","meta":{"footnotes":""},"class_list":["post-2973","page","type-page","status-publish","hentry"],"_links":{"self":[{"href":"http:\/\/www.ensembleinterface.com\/en\/wp-json\/wp\/v2\/pages\/2973","targetHints":{"allow":["GET"]}}],"collection":[{"href":"http:\/\/www.ensembleinterface.com\/en\/wp-json\/wp\/v2\/pages"}],"about":[{"href":"http:\/\/www.ensembleinterface.com\/en\/wp-json\/wp\/v2\/types\/page"}],"author":[{"embeddable":true,"href":"http:\/\/www.ensembleinterface.com\/en\/wp-json\/wp\/v2\/users\/1"}],"replies":[{"embeddable":true,"href":"http:\/\/www.ensembleinterface.com\/en\/wp-json\/wp\/v2\/comments?post=2973"}],"version-history":[{"count":13,"href":"http:\/\/www.ensembleinterface.com\/en\/wp-json\/wp\/v2\/pages\/2973\/revisions"}],"predecessor-version":[{"id":2975,"href":"http:\/\/www.ensembleinterface.com\/en\/wp-json\/wp\/v2\/pages\/2973\/revisions\/2975"}],"up":[{"embeddable":true,"href":"http:\/\/www.ensembleinterface.com\/en\/wp-json\/wp\/v2\/pages\/47"}],"wp:attachment":[{"href":"http:\/\/www.ensembleinterface.com\/en\/wp-json\/wp\/v2\/media?parent=2973"}],"curies":[{"name":"wp","href":"https:\/\/api.w.org\/{rel}","templated":true}]}}