{"id":2269,"date":"2013-07-24T11:44:50","date_gmt":"2013-07-24T11:44:50","guid":{"rendered":"http:\/\/www.ensembleinterface.com\/en\/?page_id=2269"},"modified":"2013-10-14T20:49:29","modified_gmt":"2013-10-14T20:49:29","slug":"zwischenzone-ost-ankara","status":"publish","type":"page","link":"http:\/\/www.ensembleinterface.com\/en\/agenda\/zwischenzone-ost-ankara\/","title":{"rendered":"ZWISCHENZONE OST &#8211; Ankara"},"content":{"rendered":"<h2>Workshop for composers<\/h2>\n<p>24 October 2013 | 20:00 | Concert<br \/>\n25 October 2013 | Workshop<br \/>\n<span style=\"color: #c0c0c0;\">Ankara | Bilkent University | Bilkent Concert Hall<\/span><\/p>\n<div class=\"two_third\">\n<p>The eastern border of Europe represents an extremely significant notion, being historically and culturally subject to perpetual fluctuation. Cities like Berlin, Vienna, Warsaw, Trieste, for centuries have represented the frontier where Eastern and Western European culture interfaced, the point where exchanges and conflicts occurred.<\/p>\n<p>This is an issue that Europe still faces today. The region defined as &#8220;Eastern Europe&#8221; in the modern EU era includes countries whose European identity is critical, on historical and contemporary grounds. Nations such as Russia, Turkey, and Greece are today in an inside\/outside position from the perspective of European belonging. This is the new frontier, where European identity and alterity are in discussion.<\/p>\n<p>On the other hand, although Germany plays today a central role as member state in shaping European identity, its recent past tells a story of conflict and polarity between East and West, having witnessed decades of internal division. It is consequently significant to bring German audiences to reflect upon the Eastern frontier theme in a wider frame of \u201cEuropeness\u201d.<\/p>\n<p>The Ensemble Interface brings together composers from Eastern Europe with German\/Eastern European composers based in Germany, with the aim to open exchange and mutual confrontation between the two sides, bring knowledge and visibility to both parts, reach German and Western audiences with new and rarely performed repertoire from the Oriental scene and vice versa. The project features works by Panayiotis Kokoras (Greece), Onur Y\u0131ld\u0131r\u0131m (Turkey), German-based composers Jagoda Szmytka (Poland) and Sergej Newski (Russia), as well as East German-born composer Helmut Oehring.<\/p>\n<p><span style=\"color: #c0c0c0;\"><strong>Program<\/strong><\/span><br \/>\n<span style=\"color: #c0c0c0;\">Panayiotis Kokoras<\/span>: <em>Delirium<\/em>\u00a0for flute, cello, piano &#8211; (2008) &#8211; Turkish premiere<br \/>\n<span style=\"color: #c0c0c0;\">Helmut Oehring<\/span>: <em>Leuchter (aus: kurz im M\u00fcll gestochert)<\/em> for flute, cello, prepared piano\u00a0(1994) &#8211; Turkish premiere<br \/>\n<span style=\"color: #c0c0c0;\">Sergej Newski<\/span>: <em>Wut<\/em>\u00a0for flute, cello, piano, percussion\u00a0(2013) &#8211; Turkish premiere<br \/>\n<span style=\"color: #c0c0c0;\">Georgy Dorokhov<\/span>: <em>Manifest<\/em>\u00a0for 3 polyfoams and the bows (2009)<br \/>\n<span style=\"color: #c0c0c0;\">Onur Y\u0131ld\u0131r\u0131m<\/span>: <i>upa.naxturu\u0161u<\/i>\u00a0for flute, cello, piano, percussion (2013)\u00a0&#8211;\u00a0Turkish premiere<\/p>\n<p><a href=\"http:\/\/www.ensembleinterface.com\/en\/files\/ZO_Artikel.pdf\" target=\"_blank\">From a composers perspective&#8230; (pdf)<\/a><\/p>\n<p style=\"text-align: left;\"><span style=\"color: #c0c0c0;\">Ensemble Interface<\/span><\/p>\n<p>&nbsp;<\/p>\n<\/div>\n<div class=\"one_third last\">\n<p style=\"text-align: center;\"><img loading=\"lazy\" decoding=\"async\" class=\"size-thumbnail wp-image-2279 aligncenter\" alt=\"Bilkent\" src=\"http:\/\/www.ensembleinterface.com\/en\/files\/Bilkent-150x150.png\" width=\"150\" height=\"150\" srcset=\"http:\/\/www.ensembleinterface.com\/en\/files\/Bilkent-150x150.png 150w, http:\/\/www.ensembleinterface.com\/en\/files\/Bilkent.png 200w\" sizes=\"auto, (max-width: 150px) 100vw, 150px\" \/><\/p>\n<p style=\"text-align: center;\">&nbsp;<\/p>\n<p style=\"text-align: center;\"><img loading=\"lazy\" decoding=\"async\" class=\"wp-image-2275 aligncenter\" alt=\"GI_Logo_horizontal_white_sRGB\" src=\"http:\/\/www.ensembleinterface.com\/en\/files\/GI_Logo_horizontal_white_sRGB.png\" width=\"150\" height=\"70\" \/><\/p>\n&nbsp;\n<p style=\"text-align: center;\"><img loading=\"lazy\" decoding=\"async\" src=\"http:\/\/www.ensembleinterface.com\/en\/files\/agenda\/zwischenzone-ost-ankara\/AA_EN_150.png\" alt=\"AA_EN_150\" width=\"150\" height=\"84\" class=\"aligncenter size-full wp-image-2440\" \/><\/p>\n<p>&nbsp;<\/p>\n<\/div>\n<p>&nbsp;<\/p>\n","protected":false},"excerpt":{"rendered":"<p>Workshop for composers 24 October 2013 | 20:00 | Concert 25 October 2013 | Workshop Ankara | Bilkent University | Bilkent Concert Hall &nbsp;<\/p>\n","protected":false},"author":1,"featured_media":0,"parent":47,"menu_order":0,"comment_status":"open","ping_status":"open","template":"fullwidth_agenda_child.php","meta":{"footnotes":""},"class_list":["post-2269","page","type-page","status-publish","hentry"],"_links":{"self":[{"href":"http:\/\/www.ensembleinterface.com\/en\/wp-json\/wp\/v2\/pages\/2269","targetHints":{"allow":["GET"]}}],"collection":[{"href":"http:\/\/www.ensembleinterface.com\/en\/wp-json\/wp\/v2\/pages"}],"about":[{"href":"http:\/\/www.ensembleinterface.com\/en\/wp-json\/wp\/v2\/types\/page"}],"author":[{"embeddable":true,"href":"http:\/\/www.ensembleinterface.com\/en\/wp-json\/wp\/v2\/users\/1"}],"replies":[{"embeddable":true,"href":"http:\/\/www.ensembleinterface.com\/en\/wp-json\/wp\/v2\/comments?post=2269"}],"version-history":[{"count":28,"href":"http:\/\/www.ensembleinterface.com\/en\/wp-json\/wp\/v2\/pages\/2269\/revisions"}],"predecessor-version":[{"id":2774,"href":"http:\/\/www.ensembleinterface.com\/en\/wp-json\/wp\/v2\/pages\/2269\/revisions\/2774"}],"up":[{"embeddable":true,"href":"http:\/\/www.ensembleinterface.com\/en\/wp-json\/wp\/v2\/pages\/47"}],"wp:attachment":[{"href":"http:\/\/www.ensembleinterface.com\/en\/wp-json\/wp\/v2\/media?parent=2269"}],"curies":[{"name":"wp","href":"https:\/\/api.w.org\/{rel}","templated":true}]}}