{"id":2138,"date":"2013-04-09T14:17:59","date_gmt":"2013-04-09T14:17:59","guid":{"rendered":"http:\/\/www.ensembleinterface.com\/en\/?page_id=2138"},"modified":"2013-10-14T20:49:07","modified_gmt":"2013-10-14T20:49:07","slug":"zwischenzone_ost","status":"publish","type":"page","link":"http:\/\/www.ensembleinterface.com\/en\/agenda\/zwischenzone_ost\/","title":{"rendered":"ZWISCHENZONE OST &#8211; Wien"},"content":{"rendered":"<p><img loading=\"lazy\" decoding=\"async\" class=\"size-full wp-image-2140 alignright\" style=\"border-style: initial; border-color: initial; cursor: default; border-width: 0px;\" alt=\"8004f4fb\" src=\"http:\/\/www.ensembleinterface.com\/en\/files\/8004f4fb.jpg\" width=\"198\" height=\"106\" \/>17 October 2013<br \/>\n<span style=\"color: #c0c0c0;\">Jeunesse Wien | Porgy &amp; Bess<\/span><\/p>\n<div class=\"two_third\">\n<p>The eastern border of Europe represents an extremely significant notion, being historically and culturally subject to perpetual fluctuation. Cities like Berlin, Vienna, Warsaw, Trieste, for centuries have represented the frontier where Eastern and Western European culture interfaced, the point where exchanges and conflicts occurred.<\/p>\n<p>This is an issue that Europe still faces today. The region defined as &#8220;Eastern Europe&#8221; in the modern EU era includes countries whose European identity is critical, on historical and contemporary grounds. Nations such as Russia, Turkey, and Greece are today in an inside\/outside position from the perspective of European belonging. This is the new frontier, where European identity and alterity are in discussion.<\/p>\n<p>On the other hand, although Germany plays today a central role as member state in shaping European identity, its recent past tells a story of conflict and polarity between East and West, having witnessed decades of internal division. It is consequently significant to bring German audiences to reflect upon the Eastern frontier theme in a wider frame of \u201cEuropeness\u201d.<\/p>\n<p>The Ensemble Interface brings together composers from Eastern Europe with German\/Eastern European composers based in Germany, with the aim to open exchange and mutual confrontation between the two sides, bring knowledge and visibility to both parts, reach German and Western audiences with new and rarely performed repertoire from the Oriental scene and vice versa. The project features works by Panayiotis Kokoras (Greece), Onur Y\u0131ld\u0131r\u0131m (Turkey), German-based composers Jagoda Szmytka (Poland) and Sergej Newski (Russia), as well as East German-born composer Helmut Oehring.<\/p>\n<p><span style=\"color: #c0c0c0;\"><strong>Program<\/strong><\/span><br \/>\n<span style=\"color: #c0c0c0;\">Panayiotis Kokoras<\/span>: <em>Delirium<\/em> for flute, cello, piano\u00a0(2008)<br \/>\n<span style=\"color: #c0c0c0;\">Helmut Oehring<\/span>: <em>Leuchter (aus: kurz im M\u00fcll gestochert)<\/em> for flute, cello, prepared piano\u00a0(1994)<br \/>\n<span style=\"color: #c0c0c0;\">Sergej Newski<\/span>: <em>Wut<\/em> f\u00fcr Fl\u00f6te, Cello, Klavier, Schlagzeug (2013) &#8211; world premiere<br \/>\n<span style=\"color: #c0c0c0;\">Georgy Dorokhov<\/span>: <em>Manifest<\/em>\u00a0for 3 polyfoams and the bows (2009)<br \/>\n<span style=\"color: #c0c0c0;\">Onur Y\u0131ld\u0131r\u0131m<\/span>: <em>upa.naxturu\u0161u<\/em> for flute, cello, piano, percussion (2013) &#8211; world premiere<\/p>\n<p><span style=\"color: #c0c0c0;\"><a href=\"http:\/\/www.porgy.at\" target=\"_blank\">Jeunesse Wien | Porgy &amp; Bess<\/a><br \/>\nRiemergasse 11<br \/>\n1010 Wien<\/span><\/p>\n<p><a href=\"http:\/\/www.ensembleinterface.com\/en\/files\/ZO_Artikel.pdf\" target=\"_blank\">From a composers perspective&#8230; (pdf)<\/a><\/p>\n<p style=\"text-align: left;\"><span style=\"color: #c0c0c0;\">Ensemble Interface<\/span><\/p>\n<\/div>\n<div class=\"one_third last\">\n<p>&nbsp;<\/p>\n<p>&nbsp;<\/p>\n<\/div>\n","protected":false},"excerpt":{"rendered":"<p>17 October 2013 Jeunesse Wien | Porgy &amp; Bess<\/p>\n","protected":false},"author":1,"featured_media":0,"parent":47,"menu_order":0,"comment_status":"open","ping_status":"open","template":"fullwidth_agenda_child.php","meta":{"footnotes":""},"class_list":["post-2138","page","type-page","status-publish","hentry"],"_links":{"self":[{"href":"http:\/\/www.ensembleinterface.com\/en\/wp-json\/wp\/v2\/pages\/2138","targetHints":{"allow":["GET"]}}],"collection":[{"href":"http:\/\/www.ensembleinterface.com\/en\/wp-json\/wp\/v2\/pages"}],"about":[{"href":"http:\/\/www.ensembleinterface.com\/en\/wp-json\/wp\/v2\/types\/page"}],"author":[{"embeddable":true,"href":"http:\/\/www.ensembleinterface.com\/en\/wp-json\/wp\/v2\/users\/1"}],"replies":[{"embeddable":true,"href":"http:\/\/www.ensembleinterface.com\/en\/wp-json\/wp\/v2\/comments?post=2138"}],"version-history":[{"count":29,"href":"http:\/\/www.ensembleinterface.com\/en\/wp-json\/wp\/v2\/pages\/2138\/revisions"}],"predecessor-version":[{"id":2773,"href":"http:\/\/www.ensembleinterface.com\/en\/wp-json\/wp\/v2\/pages\/2138\/revisions\/2773"}],"up":[{"embeddable":true,"href":"http:\/\/www.ensembleinterface.com\/en\/wp-json\/wp\/v2\/pages\/47"}],"wp:attachment":[{"href":"http:\/\/www.ensembleinterface.com\/en\/wp-json\/wp\/v2\/media?parent=2138"}],"curies":[{"name":"wp","href":"https:\/\/api.w.org\/{rel}","templated":true}]}}