{"id":1803,"date":"2013-01-02T20:16:05","date_gmt":"2013-01-02T20:16:05","guid":{"rendered":"http:\/\/www.ensembleinterface.com\/en\/?page_id=1803"},"modified":"2013-06-29T12:05:32","modified_gmt":"2013-06-29T12:05:32","slug":"ultraschall-berlin","status":"publish","type":"page","link":"http:\/\/www.ensembleinterface.com\/en\/agenda\/ultraschall-berlin\/","title":{"rendered":"Ultraschall BERLIN"},"content":{"rendered":"<div class=\"two_third\">19 January 2013 | 23:00<\/p>\n<p><span style=\"color: #c0c0c0;\">Berlin | \u00a0Rundfunk Berlin-Brandenburg,\u00a0Kleiner Sendesaal<\/span><\/p>\n<p><span style=\"color: #c0c0c0;\"><a href=\"http:\/\/www.dradio.de\/dkultur\/sendungen\/ultraschall\/1939072\/\" target=\"_blank\"><span style=\"color: #c0c0c0;\"><strong>Festival \u00abUltraschall\u00bb<\/strong><\/span><\/a><\/span><\/p>\n<p><span style=\"color: #c0c0c0;\"><strong>Musique franco-allemande: Frankophilie in Berlin<\/strong><\/span><br \/>\nUrauff\u00fchrungen von drei jungen Komponisten aus Berlin, die trotz ihrer \u00e4sthetischen Unterschiedlichkeit eine\u00a0Gemeinsamkeit teilen, n\u00e4mlich ihre jeweiligen pers\u00f6nlichen Verbindungen zu Frankreich. So wurden die meisten\u00a0Kompositionen von Johannes Boris Borowski bisher in Frankreich bzw. von franz\u00f6sischen Musikern uraufgef\u00fchrt. Stefan\u00a0Keller absolvierte den Cursus am Pariser IRCAM und lebte einige Zeit in Frankreich. Genoel von Lilienstern hingegen\u00a0wird demn\u00e4chst als Stipendiat der Cit\u00e9 internationale des arts nach Paris ziehen. Erg\u00e4nzt wird das Programm durch zwei\u00a0junge franz\u00f6sische Komponisten. Jung sind auch die Interpreten: Das hoch talentierte Ensemble Interface ist mit diesem\u00a0Konzert zum ersten Mal in Berlin zu erleben.<\/p>\n<p><span style=\"color: #c0c0c0;\"><strong>Program<\/strong><\/span><br \/>\nJulien Vincenot: &#8220;<em>MOrphism 0.9.2a&#8221; for small ensemble (2010)<br \/>\n<\/em>Stefan Keller: &#8220;<em>Kraft in Erscheinung&#8221; for ensemble (2012)\u00a0<\/em>premiere<br \/>\nGr\u00e9goire Lorieux: &#8220;<em>Brakhage Miniature&#8221; for piano and percussion (2010)<\/em><br \/>\nGeno\u00ebl von Lilienstern: &#8220;<em>Top&#8221; for small ensemble (2012)\u00a0premiere<\/em><br \/>\nJohannes Boris Borowski: &#8220;<em>Chergui&#8221; for seven instruments (2012)\u00a0premiere<\/em>, Kompositionsauftrag der Kulturverwaltung des Landes Berlin<\/p>\n<p style=\"text-align: left;\"><span style=\"color: #c0c0c0;\">Ensemble Interface<\/span><\/p>\n<\/div>\n<p><div class=\"one_third last\">\n<img decoding=\"async\" class=\"alignnone  wp-image-1864\" alt=\"ultraschall_2013\" src=\"http:\/\/www.ensembleinterface.com\/en\/files\/ultraschall_2013-300x168.jpg\" width=\"200\" srcset=\"http:\/\/www.ensembleinterface.com\/en\/files\/ultraschall_2013-300x168.jpg 300w, http:\/\/www.ensembleinterface.com\/en\/files\/ultraschall_2013.jpg 512w\" sizes=\"(max-width: 300px) 100vw, 300px\" \/><\/p>\n<p><img loading=\"lazy\" decoding=\"async\" class=\"alignnone size-full wp-image-1863\" alt=\"KKB_12_Logo\" src=\"http:\/\/www.ensembleinterface.com\/en\/files\/KKB_12_Logo.jpg\" width=\"200\" height=\"126\" \/><\/p>\n<p><img loading=\"lazy\" decoding=\"async\" class=\"wp-image-1812 alignnone\" style=\"border-style: initial; border-color: initial; cursor: default; margin-left: 49px; margin-right: 49px; border-width: 0px;\" alt=\"LogoHKF210\" src=\"http:\/\/www.ensembleinterface.com\/en\/files\/LogoHKF210.jpg\" width=\"101\" height=\"179\" srcset=\"http:\/\/www.ensembleinterface.com\/en\/files\/LogoHKF210.jpg 210w, http:\/\/www.ensembleinterface.com\/en\/files\/LogoHKF210-168x300.jpg 168w\" sizes=\"auto, (max-width: 101px) 100vw, 101px\" \/><\/p>\n<\/div><div class=\"two_third\">\n<p>Karten 15 Euro (erm. 10 Euro)\u00a0an der Abendkasse und im Vorverkauf \u00fcber den rbb<\/p>\n<p>Ein Konzert von\u00a0Ultraschall und dem ensemble interface, gef\u00f6rdert aus Mitteln des Hauptstadtkulturfonds, durch ein\u00a0Kompositionsstipendium des Berliner Senats und mit freundlicher Unterst\u00fctzung von klangzeitort, Institut f\u00fcr Neue Musik\u00a0der UdK Berlin und HfM Hanns Eisler.<\/p>\n<p><img loading=\"lazy\" decoding=\"async\" class=\"alignnone size-full wp-image-1815\" style=\"border-style: initial; border-color: initial; cursor: default;\" alt=\"LogoHotel1\" src=\"http:\/\/www.ensembleinterface.com\/en\/files\/LogoHotel1.jpg\" width=\"150\" height=\"60\" \/><\/p>\n<\/div><div class=\"one_third last\">\n<p>&nbsp;<\/p>\n<\/div><\/p>\n","protected":false},"excerpt":{"rendered":"","protected":false},"author":1,"featured_media":0,"parent":47,"menu_order":0,"comment_status":"open","ping_status":"open","template":"fullwidth.php","meta":{"footnotes":""},"class_list":["post-1803","page","type-page","status-publish","hentry"],"_links":{"self":[{"href":"http:\/\/www.ensembleinterface.com\/en\/wp-json\/wp\/v2\/pages\/1803","targetHints":{"allow":["GET"]}}],"collection":[{"href":"http:\/\/www.ensembleinterface.com\/en\/wp-json\/wp\/v2\/pages"}],"about":[{"href":"http:\/\/www.ensembleinterface.com\/en\/wp-json\/wp\/v2\/types\/page"}],"author":[{"embeddable":true,"href":"http:\/\/www.ensembleinterface.com\/en\/wp-json\/wp\/v2\/users\/1"}],"replies":[{"embeddable":true,"href":"http:\/\/www.ensembleinterface.com\/en\/wp-json\/wp\/v2\/comments?post=1803"}],"version-history":[{"count":37,"href":"http:\/\/www.ensembleinterface.com\/en\/wp-json\/wp\/v2\/pages\/1803\/revisions"}],"predecessor-version":[{"id":1841,"href":"http:\/\/www.ensembleinterface.com\/en\/wp-json\/wp\/v2\/pages\/1803\/revisions\/1841"}],"up":[{"embeddable":true,"href":"http:\/\/www.ensembleinterface.com\/en\/wp-json\/wp\/v2\/pages\/47"}],"wp:attachment":[{"href":"http:\/\/www.ensembleinterface.com\/en\/wp-json\/wp\/v2\/media?parent=1803"}],"curies":[{"name":"wp","href":"https:\/\/api.w.org\/{rel}","templated":true}]}}