{"id":174,"date":"2011-12-08T18:19:45","date_gmt":"2011-12-08T18:19:45","guid":{"rendered":"http:\/\/www.ensembleinterface.com\/wordpress\/?page_id=174"},"modified":"2017-01-29T16:28:45","modified_gmt":"2017-01-29T16:28:45","slug":"berger","status":"publish","type":"page","link":"http:\/\/www.ensembleinterface.com\/en\/about\/berger\/","title":{"rendered":"Bettina Berger, Flutes"},"content":{"rendered":"<p><img loading=\"lazy\" decoding=\"async\" class=\"size-full wp-image-1407 alignright\" title=\"Bettina-Berger150\" alt=\"\" src=\"http:\/\/www.ensembleinterface.com\/en\/files\/2012\/09\/Bettina-Berger150.gif\" width=\"150\" height=\"150\" \/><br \/>\nBettina Berger has performed in numerous international festivals such as Tage f\u00fcr Neue Musik Z\u00fcrich, CDMC Madrid, Quantenspr\u00fcnge ZKM Karlsruhe, Klangspuren Schwaz, Wien Modern, Ultraschall Berlin, Klangwerktage Hamburg, Rainy Days Luxembourg, Experimental Festival Tokyo and Tongyeong Festival Corea. She has worked with leading conductors Stefan Asbury, P\u00e9ter E\u00f6tv\u00f6s, Michael Gielen, Brad Lubman and composers Georges Aperghis, Brian Ferneyhough, Vinko Globokar, Heinz Holliger, Micha\u00ebl L\u00e9vinas and Enno Poppe. She plays as a guest musician with Ensemble Modern and Klangforum Wien.<\/p>\n<p>Bettina Berger devotes herself intensively to exchanging ideas and cooperating with composers of her own generation for whom she premieres numerous works. Interdisciplinary projects, staged concerts and Musiktheater are a primary focus in her work, where Heiner Goebbels, Helmut Oehring, Fran\u00e7oise Rivalland and Pierre Sublet have been important inspirations. She regularly participates in education projects designed to bring contemporary music and improvisation into schools.<\/p>\n<p>She studied in Zurich and Berlin with Marianne Stucki, Annette von Stackelberg and Philippe Racine and in 2008\/09 was a member of the International Ensemble Modern Academy (IEMA) in Frankfurt. She pursued further studies with Robert Dick and Dietmar Wiesner and masterclasses with Eva Furrer, Felix Renggli, Aur\u00e8le Nicolet and Bartold Kuijken.<\/p>\n<p>Bettina Berger is a member of the Swiss Study Foundation and has obtained numerous prizes and scholarships, most recently from the Cultural Foundation of Germany 2008\/09, Stipendienpreis at 45. Ferienkurse Darmstadt 2012, Innovation Award Burgdorf 2013, Grant Aargauer Kuratorium 2015, and was creator-in-residence at the Tokyo Wonder Site in 2010.<\/p>\n<p>berger@ensembleinterface.com<\/p>\n","protected":false},"excerpt":{"rendered":"<p>Bettina Berger has performed in numerous international festivals such as Tage f\u00fcr Neue Musik Z\u00fcrich, CDMC Madrid, Quantenspr\u00fcnge ZKM Karlsruhe, Klangspuren Schwaz, Wien Modern, Ultraschall Berlin, Klangwerktage Hamburg, Rainy Days Luxembourg, Experimental Festival Tokyo and Tongyeong Festival Corea. She has worked with leading conductors Stefan Asbury, P\u00e9ter E\u00f6tv\u00f6s, Michael Gielen, Brad Lubman and composers Georges&#8230;<\/p>\n<div class=\"read_more\"><a href=\"http:\/\/www.ensembleinterface.com\/en\/about\/berger\/\">Read More<\/a><\/div>\n","protected":false},"author":1,"featured_media":0,"parent":43,"menu_order":0,"comment_status":"open","ping_status":"open","template":"fullwidthbio.php","meta":{"footnotes":""},"class_list":["post-174","page","type-page","status-publish","hentry"],"_links":{"self":[{"href":"http:\/\/www.ensembleinterface.com\/en\/wp-json\/wp\/v2\/pages\/174","targetHints":{"allow":["GET"]}}],"collection":[{"href":"http:\/\/www.ensembleinterface.com\/en\/wp-json\/wp\/v2\/pages"}],"about":[{"href":"http:\/\/www.ensembleinterface.com\/en\/wp-json\/wp\/v2\/types\/page"}],"author":[{"embeddable":true,"href":"http:\/\/www.ensembleinterface.com\/en\/wp-json\/wp\/v2\/users\/1"}],"replies":[{"embeddable":true,"href":"http:\/\/www.ensembleinterface.com\/en\/wp-json\/wp\/v2\/comments?post=174"}],"version-history":[{"count":15,"href":"http:\/\/www.ensembleinterface.com\/en\/wp-json\/wp\/v2\/pages\/174\/revisions"}],"predecessor-version":[{"id":3876,"href":"http:\/\/www.ensembleinterface.com\/en\/wp-json\/wp\/v2\/pages\/174\/revisions\/3876"}],"up":[{"embeddable":true,"href":"http:\/\/www.ensembleinterface.com\/en\/wp-json\/wp\/v2\/pages\/43"}],"wp:attachment":[{"href":"http:\/\/www.ensembleinterface.com\/en\/wp-json\/wp\/v2\/media?parent=174"}],"curies":[{"name":"wp","href":"https:\/\/api.w.org\/{rel}","templated":true}]}}