{"id":1738,"date":"2012-11-30T12:32:43","date_gmt":"2012-11-30T12:32:43","guid":{"rendered":"http:\/\/www.ensembleinterface.com\/en\/?page_id=1738"},"modified":"2012-11-30T12:33:39","modified_gmt":"2012-11-30T12:33:39","slug":"im-dialog_g","status":"publish","type":"page","link":"http:\/\/www.ensembleinterface.com\/en\/agenda\/im-dialog_g\/","title":{"rendered":"IM DIALOG : DEUTSCHLAND | GRIECHENLAND"},"content":{"rendered":"<p>4 December 2012 | 20:00<\/p>\n<p><span style=\"color: #c0c0c0;\">Thessaloniki | TSSO Hall<\/span><\/p>\n<p>Dimitri Papageorgiou: in pulses, in strokes (2012) f\u00fcr Ensemble<br \/>\nMichalis Lapidakis: Adieu (2011) f\u00fcr Ensemble<br \/>\nPanayiotis Kokoras: Sound Theatre, Act II (2012) f\u00fcr Ensemble<br \/>\nDieter Schnebel: Visible music II: Nostalgie (1962) f\u00fcr Dirigent Solo<\/p>\n<p><span style=\"color: #c0c0c0;\"> Ensemble Interface<\/span><\/p>\n","protected":false},"excerpt":{"rendered":"<p>4 December 2012 | 20:00 Thessaloniki | TSSO Hall Dimitri Papageorgiou: in pulses, in strokes (2012) f\u00fcr Ensemble Michalis Lapidakis: Adieu (2011) f\u00fcr Ensemble Panayiotis Kokoras: Sound Theatre, Act II (2012) f\u00fcr Ensemble Dieter Schnebel: Visible music II: Nostalgie (1962) f\u00fcr Dirigent Solo Ensemble Interface<\/p>\n","protected":false},"author":1,"featured_media":0,"parent":47,"menu_order":0,"comment_status":"open","ping_status":"open","template":"fullwidth.php","meta":{"footnotes":""},"class_list":["post-1738","page","type-page","status-publish","hentry"],"_links":{"self":[{"href":"http:\/\/www.ensembleinterface.com\/en\/wp-json\/wp\/v2\/pages\/1738","targetHints":{"allow":["GET"]}}],"collection":[{"href":"http:\/\/www.ensembleinterface.com\/en\/wp-json\/wp\/v2\/pages"}],"about":[{"href":"http:\/\/www.ensembleinterface.com\/en\/wp-json\/wp\/v2\/types\/page"}],"author":[{"embeddable":true,"href":"http:\/\/www.ensembleinterface.com\/en\/wp-json\/wp\/v2\/users\/1"}],"replies":[{"embeddable":true,"href":"http:\/\/www.ensembleinterface.com\/en\/wp-json\/wp\/v2\/comments?post=1738"}],"version-history":[{"count":2,"href":"http:\/\/www.ensembleinterface.com\/en\/wp-json\/wp\/v2\/pages\/1738\/revisions"}],"predecessor-version":[{"id":1740,"href":"http:\/\/www.ensembleinterface.com\/en\/wp-json\/wp\/v2\/pages\/1738\/revisions\/1740"}],"up":[{"embeddable":true,"href":"http:\/\/www.ensembleinterface.com\/en\/wp-json\/wp\/v2\/pages\/47"}],"wp:attachment":[{"href":"http:\/\/www.ensembleinterface.com\/en\/wp-json\/wp\/v2\/media?parent=1738"}],"curies":[{"name":"wp","href":"https:\/\/api.w.org\/{rel}","templated":true}]}}