{"id":1733,"date":"2012-11-29T20:18:35","date_gmt":"2012-11-29T20:18:35","guid":{"rendered":"http:\/\/www.ensembleinterface.com\/en\/?page_id=1733"},"modified":"2012-11-30T12:43:54","modified_gmt":"2012-11-30T12:43:54","slug":"im_dialog","status":"publish","type":"page","link":"http:\/\/www.ensembleinterface.com\/en\/agenda\/im_dialog\/","title":{"rendered":"IM DIALOG : DEUTSCHLAND | GRIECHENLAND"},"content":{"rendered":"<p>29 November 2012 | 11:00<\/p>\n<p><span style=\"color: #c0c0c0;\">Schlosstheater Rheinsberg<\/span><\/p>\n<p>Dimitri Papageorgiou: in pulses, in strokes (2012) f\u00fcr Ensemble<br \/>\nMichalis Lapidakis: Adieu (2011) f\u00fcr Ensemble<br \/>\nPanayiotis Kokoras: Sound Theatre, Act II (2012) f\u00fcr Ensemble<br \/>\nHanna Eimermacher: Kannst du diesen verkehrt fliegenden Vogel sehen? (2008) f\u00fcr Bassfl\u00f6te und Akkordeon<\/p>\n<p><span style=\"color: #c0c0c0;\">Sergej Tchirkov, Akkordeon<br \/>\nEnsemble Interface<\/span><\/p>\n<p><img loading=\"lazy\" decoding=\"async\" class=\"alignnone size-full wp-image-1499\" title=\"rheinsberg\" src=\"http:\/\/www.ensembleinterface.com\/de\/files\/2012\/11\/a7c985efad.png\" alt=\"\" width=\"710\" height=\"110\" \/><\/p>\n","protected":false},"excerpt":{"rendered":"<p>29 November 2012 | 11:00 Schlosstheater Rheinsberg Dimitri Papageorgiou: in pulses, in strokes (2012) f\u00fcr Ensemble Michalis Lapidakis: Adieu (2011) f\u00fcr Ensemble Panayiotis Kokoras: Sound Theatre, Act II (2012) f\u00fcr Ensemble Hanna Eimermacher: Kannst du diesen verkehrt fliegenden Vogel sehen? (2008) f\u00fcr Bassfl\u00f6te und Akkordeon Sergej Tchirkov, Akkordeon Ensemble Interface<\/p>\n","protected":false},"author":1,"featured_media":0,"parent":47,"menu_order":0,"comment_status":"open","ping_status":"open","template":"fullwidth.php","meta":{"footnotes":""},"class_list":["post-1733","page","type-page","status-publish","hentry"],"_links":{"self":[{"href":"http:\/\/www.ensembleinterface.com\/en\/wp-json\/wp\/v2\/pages\/1733","targetHints":{"allow":["GET"]}}],"collection":[{"href":"http:\/\/www.ensembleinterface.com\/en\/wp-json\/wp\/v2\/pages"}],"about":[{"href":"http:\/\/www.ensembleinterface.com\/en\/wp-json\/wp\/v2\/types\/page"}],"author":[{"embeddable":true,"href":"http:\/\/www.ensembleinterface.com\/en\/wp-json\/wp\/v2\/users\/1"}],"replies":[{"embeddable":true,"href":"http:\/\/www.ensembleinterface.com\/en\/wp-json\/wp\/v2\/comments?post=1733"}],"version-history":[{"count":3,"href":"http:\/\/www.ensembleinterface.com\/en\/wp-json\/wp\/v2\/pages\/1733\/revisions"}],"predecessor-version":[{"id":1742,"href":"http:\/\/www.ensembleinterface.com\/en\/wp-json\/wp\/v2\/pages\/1733\/revisions\/1742"}],"up":[{"embeddable":true,"href":"http:\/\/www.ensembleinterface.com\/en\/wp-json\/wp\/v2\/pages\/47"}],"wp:attachment":[{"href":"http:\/\/www.ensembleinterface.com\/en\/wp-json\/wp\/v2\/media?parent=1733"}],"curies":[{"name":"wp","href":"https:\/\/api.w.org\/{rel}","templated":true}]}}