{"id":1359,"date":"2012-09-18T20:20:02","date_gmt":"2012-09-18T20:20:02","guid":{"rendered":"http:\/\/www.ensembleinterface.com\/?page_id=1359"},"modified":"2012-10-02T10:30:31","modified_gmt":"2012-10-02T10:30:31","slug":"st-petersburg","status":"publish","type":"page","link":"http:\/\/www.ensembleinterface.com\/en\/agenda\/st-petersburg\/","title":{"rendered":"Festival World of Sound"},"content":{"rendered":"<p><a href=\"http:\/\/artparking.org\/en\/artspazone\/festivals\/worldofsound\/\" target=\"_blank\"><img loading=\"lazy\" decoding=\"async\" class=\"alignright size-full wp-image-1365\" src=\"http:\/\/www.ensembleinterface.com\/wp-content\/uploads\/artparking.png\" alt=\"\" width=\"250\" height=\"199\" \/><\/a>6 October 2012 | 15:00<br \/>\n<span style=\"color: #c0c0c0;\">St Petersburg | Festival\u00a0World of Sound<br \/>\nN. Rimsky-Korsakov Memorial Museum<\/span><\/p>\n<p><span style=\"font-family: Arial;\">Dieter\u00a0Schnebel: Medusa (1989\/93)\u00a0f\u00fcr Akkordeon<br \/>\n<\/span><span style=\"font-family: Arial;\">Helmut Oehring: Melencolia I (2010\/12)\u00a0f\u00fcr Bassfl\u00f6te und pr\u00e4pariertes Klavier (Russian Premiere)<br \/>\n<\/span><span style=\"font-family: Arial;\">Enno Poppe: Thema und 840 Variationen (1993\/97) f\u00fcr Klavier\u00a0(Russian Premiere)<br \/>\n<\/span>Hanna Eimermacher: &#8220;Kannst du diesen verkehrt fliegenden Vogel sehen?&#8221; (2008) f\u00fcr Bassfl\u00f6te, Akkordeon und live-Electronik\u00a0(Russian Premiere)<\/p>\n<p>&nbsp;<\/p>\n<p><span style=\"color: #c0c0c0;\">ensemble interface<br \/>\n<\/span><span style=\"color: #c0c0c0;\">Bettina Danielle Berger, Bassfl\u00f6te<br \/>\n<\/span><span style=\"color: #c0c0c0;\">Anna D&#8217;Errico, Klavier<\/span><\/p>\n<p><span style=\"color: #c0c0c0;\">Sergei Tchirkov, Akkordeon<br \/>\n<\/span><span style=\"color: #c0c0c0;\">Hanna Eimermacher, Klangregie<br \/>\n<\/span><\/p>\n","protected":false},"excerpt":{"rendered":"<p>6 October 2012 | 15:00 St Petersburg | Festival\u00a0World of Sound N. Rimsky-Korsakov Memorial Museum Dieter\u00a0Schnebel: Medusa (1989\/93)\u00a0f\u00fcr Akkordeon Helmut Oehring: Melencolia I (2010\/12)\u00a0f\u00fcr Bassfl\u00f6te und pr\u00e4pariertes Klavier (Russian Premiere) Enno Poppe: Thema und 840 Variationen (1993\/97) f\u00fcr Klavier\u00a0(Russian Premiere) Hanna Eimermacher: &#8220;Kannst du diesen verkehrt fliegenden Vogel sehen?&#8221; (2008) f\u00fcr Bassfl\u00f6te, Akkordeon und live-Electronik\u00a0(Russian&#8230;<\/p>\n<div class=\"read_more\"><a href=\"http:\/\/www.ensembleinterface.com\/en\/agenda\/st-petersburg\/\">Read More<\/a><\/div>\n","protected":false},"author":1,"featured_media":0,"parent":47,"menu_order":0,"comment_status":"open","ping_status":"open","template":"fullwidth.php","meta":{"footnotes":""},"class_list":["post-1359","page","type-page","status-publish","hentry"],"_links":{"self":[{"href":"http:\/\/www.ensembleinterface.com\/en\/wp-json\/wp\/v2\/pages\/1359","targetHints":{"allow":["GET"]}}],"collection":[{"href":"http:\/\/www.ensembleinterface.com\/en\/wp-json\/wp\/v2\/pages"}],"about":[{"href":"http:\/\/www.ensembleinterface.com\/en\/wp-json\/wp\/v2\/types\/page"}],"author":[{"embeddable":true,"href":"http:\/\/www.ensembleinterface.com\/en\/wp-json\/wp\/v2\/users\/1"}],"replies":[{"embeddable":true,"href":"http:\/\/www.ensembleinterface.com\/en\/wp-json\/wp\/v2\/comments?post=1359"}],"version-history":[{"count":6,"href":"http:\/\/www.ensembleinterface.com\/en\/wp-json\/wp\/v2\/pages\/1359\/revisions"}],"predecessor-version":[{"id":1714,"href":"http:\/\/www.ensembleinterface.com\/en\/wp-json\/wp\/v2\/pages\/1359\/revisions\/1714"}],"up":[{"embeddable":true,"href":"http:\/\/www.ensembleinterface.com\/en\/wp-json\/wp\/v2\/pages\/47"}],"wp:attachment":[{"href":"http:\/\/www.ensembleinterface.com\/en\/wp-json\/wp\/v2\/media?parent=1359"}],"curies":[{"name":"wp","href":"https:\/\/api.w.org\/{rel}","templated":true}]}}