{"id":47,"date":"2011-07-31T09:07:19","date_gmt":"2011-07-31T09:07:19","guid":{"rendered":"http:\/\/www.ensembleinterface.com\/wordpress\/?page_id=47"},"modified":"2022-04-14T10:23:08","modified_gmt":"2022-04-14T10:23:08","slug":"agenda","status":"publish","type":"page","link":"http:\/\/www.ensembleinterface.com\/de\/agenda\/","title":{"rendered":"Agenda"},"content":{"rendered":"<h4><a href=\"http:\/\/www.ensembleinterface.com\/de\/agenda\/filippo-perocco-the-shadow-of-sounds\/\">FESTIVAL MILANO MUSICA<\/a>\r\n<span class=\"bluebutton\"><a style=\"display:block;width:100%;height:100%;\" href=\"http:\/\/www.ensembleinterface.com\/de\/agenda\/filippo-perocco-the-shadow-of-sounds\/\">Milano<\/a><\/span><\/h4>\n<p>7 June 2022 | Auditorium San Fedele<br \/>\nFilippo Perocco &#8211; The shadow of sounds<br \/>\n&nbsp;<\/p>\n<h4><a href=\"http:\/\/www.ensembleinterface.com\/de\/agenda\/micro\/\">MICRO<\/a>\r\n<span class=\"bluebutton\"><a style=\"display:block;width:100%;height:100%;\" href=\"http:\/\/www.ensembleinterface.com\/de\/agenda\/micro\/\">Basel<\/a><\/span><\/h4>\n<p>11. Mai 2022 | Gare du Nord Basel<br \/>\nChim\u00e8re \u00c9lectrique | Ensemble Interface | Kollektiv Mycelium<br \/>\n&nbsp;<\/p>\n<h4><a href=\"http:\/\/www.ensembleinterface.com\/de\/agenda\/meta\/\">META<\/a>\r\n<span class=\"bluebutton\"><a style=\"display:block;width:100%;height:100%;\" href=\"http:\/\/www.ensembleinterface.com\/de\/agenda\/meta\/\">Basel<\/a><\/span><\/h4>\n<p>23. M\u00e4rz 2022 | Gare du Nord Basel<br \/>\nKaiser | Khismatov | Szmytka | Terranova<br \/>\n&nbsp;<\/p>\n<h4><a href=\"http:\/\/www.ensembleinterface.com\/de\/agenda\/klangmobil-bei-gare-des-enfants\/\">KLANGM\u00d8BIL BEI GARE DES ENFANTS<\/a>\r\n<span class=\"bluebutton\"><a style=\"display:block;width:100%;height:100%;\" href=\"http:\/\/www.ensembleinterface.com\/de\/agenda\/klangmobil-bei-gare-des-enfants\/\">Basel<\/a><\/span><\/h4>\n<p>28. November 2021 | Gare du Nord Basel<br \/>\n&nbsp;<br \/>\n&nbsp;<\/p>\n<h4><a href=\"http:\/\/www.ensembleinterface.com\/de\/agenda\/macro\/\">MACRO<\/a>\r\n<span class=\"bluebutton\"><a style=\"display:block;width:100%;height:100%;\" href=\"http:\/\/www.ensembleinterface.com\/de\/agenda\/macro\/\">Basel<\/a><\/span><\/h4>\n<p>25. November 2021 | Gare du Nord Basel<br \/>\nEnsemble Interface | Barden | Black | Gervasoni | H\u00f6lszky | Spahlinger<br \/>\n&nbsp;<\/p>\n<h4><a href=\"http:\/\/www.ensembleinterface.com\/de\/agenda\/festival-milano-musica\/\">FESTIVAL MILANO MUSICA<\/a>\r\n<span class=\"bluebutton\"><a style=\"display:block;width:100%;height:100%;\" href=\"http:\/\/www.ensembleinterface.com\/de\/agenda\/festival-milano-musica\/\">Milano<\/a><\/span><\/h4>\n<p>10. Mai 2021 | Teatro Elfo Puccini<br \/>\nVerrando<br \/>\n&nbsp;<\/p>\n<h4><a href=\"http:\/\/www.ensembleinterface.com\/de\/agenda\/blow-bow-beat-klangmobil\/\">BLOW BOW BEAT - KLANGM\u00d8BIL<\/a>\r\n<span class=\"bluebutton\"><a style=\"display:block;width:100%;height:100%;\" href=\"http:\/\/www.ensembleinterface.com\/de\/agenda\/blow-bow-beat-klangmobil\/\">Basel<\/a><\/span><\/h4>\n<p>17.-21. Februar 2021 | Gare du Nord, K-Werk, Musikakademie Basel<br \/>\nHans van Koolwjik | Ensemble Interface<br \/>\n&nbsp;<\/p>\n<h4><a href=\"http:\/\/www.ensembleinterface.com\/de\/agenda\/#\">BIENNALE MUSICA VENEDIG<\/a>\r\n<span class=\"bluebutton\"><a style=\"display:block;width:100%;height:100%;\" href=\"http:\/\/www.ensembleinterface.com\/de\/agenda\/#\">Venedig<\/a><\/span><\/h4>\n<p>2. Oktober 2020 | Teatro alle Tese<br \/>\nHerv\u00e9 | Verrando<br \/>\n&nbsp;<\/p>\n<h4><a href=\"http:\/\/www.ensembleinterface.com\/de\/agenda\/klangpol-netzwerk-neue-musik-nordwest\/\">oh ton-Konzert<\/a>\r\n<span class=\"bluebutton\"><a style=\"display:block;width:100%;height:100%;\" href=\"http:\/\/www.ensembleinterface.com\/de\/agenda\/klangpol-netzwerk-neue-musik-nordwest\/\">Oldenburg<\/a><\/span><\/h4>\n<p>12. Januar 2020 | Kammermusiksaal Universit\u00e4t Oldenburg<br \/>\nBlecharz | Ferneyhough | Fure | Stroppa | Varga<br \/>\n&nbsp;<\/p>\n<h4><a href=\"http:\/\/www.ensembleinterface.com\/de\/agenda\/atlatszo-hang-new-music-festival\/\">\u00c1TL\u00c1TSZ\u00d3 HANG NEW MUSIC FESTIVAL<\/a>\r\n<span class=\"bluebutton\"><a style=\"display:block;width:100%;height:100%;\" href=\"http:\/\/www.ensembleinterface.com\/de\/agenda\/atlatszo-hang-new-music-festival\/\">Budapest<\/a><\/span><\/h4>\n<p>9. Januar 2020 | Zeneakad\u00e9mia Liszt Ferenc Academy of Music<br \/>\nBlecharz | Ferneyhough | Fure | Stroppa | Varga<br \/>\n&nbsp;<\/p>\n<h4><a href=\"http:\/\/www.ensembleinterface.com\/de\/agenda\/musica-femina-international-symposium-budapest\/\">MUSICA FEMINA INTERNATIONAL SYMPOSIUM BUDAPEST<\/a>\r\n<span class=\"bluebutton\"><a style=\"display:block;width:100%;height:100%;\" href=\"http:\/\/www.ensembleinterface.com\/de\/agenda\/musica-femina-international-symposium-budapest\/\">Budapest<\/a><\/span><\/h4>\n<p>8.-9. Januar 2020 | Budapest<br \/>\n&nbsp;<br \/>\n&nbsp;<\/p>\n<h4><a href=\"http:\/\/www.ensembleinterface.com\/de\/agenda\/wiener-konzerthaus\/\">WIENER KONZERTHAUS<\/a>\r\n<span class=\"bluebutton\"><a style=\"display:block;width:100%;height:100%;\" href=\"http:\/\/www.ensembleinterface.com\/de\/agenda\/wiener-konzerthaus\/\">Wien<\/a><\/span><\/h4>\n<p>18. Dezember 2019 | Berio-Saal<br \/>\nBlecharz | Cohen Elias | Fure | Khismatov | Stroppa | Terranova<br \/>\n&nbsp;<\/p>\n<h4><a href=\"http:\/\/www.ensembleinterface.com\/de\/agenda\/transit-the-sound-of-tomorrow\/\">TRANSIT - THE SOUND OF TOMORROW<\/a>\r\n<span class=\"bluebutton\"><a style=\"display:block;width:100%;height:100%;\" href=\"http:\/\/www.ensembleinterface.com\/de\/agenda\/transit-the-sound-of-tomorrow\/\">Leuven<\/a><\/span><\/h4>\n<p>Muziek van de 20e en 21e eeuw<br \/>\n19. Oktober 2019 | STUK Kunstencentrum | Leuven<br \/>\nBuchanan | Fure | Hoban | Verlaak<\/p>\n<h4><a href=\"http:\/\/www.ensembleinterface.com\/de\/agenda\/requiem-fuer-einen-lebenden\/\">REQUIEM F\u00dcR EINEN LEBENDEN<\/a>\r\n<span class=\"bluebutton\"><a style=\"display:block;width:100%;height:100%;\" href=\"http:\/\/www.ensembleinterface.com\/de\/agenda\/requiem-fuer-einen-lebenden\/\">M\u00fcnchen<\/a><\/span><\/h4>\n<p>Musiktheater f\u00fcr drei Darsteller, Ensemble und Live-Elektronik<br \/>\nEine Produktion der Bayerischen Staatsoper | Musik : Felix Leuschner | Libretto : Reto Finger<br \/>\n21.-24. Juli 2019 | Festspiel Werkstatt 2019 | Reithalle M\u00fcnchen<\/p>\n<h4><a href=\"http:\/\/www.ensembleinterface.com\/de\/agenda\/big-orchestra-workshop\/\">BIG ORCHESTRA WORKSHOP<\/a>\r\n<span class=\"bluebutton\"><a style=\"display:block;width:100%;height:100%;\" href=\"http:\/\/www.ensembleinterface.com\/de\/agenda\/big-orchestra-workshop\/\">Frankfurt<\/a><\/span><\/h4>\n<p>Ein Bildungsprojekt im Rahmen von der Ausstellung BIG ORCHESTRA<br \/>\nJuli 2019 | Schirn Kunsthalle Frankfurt<br \/>\n&nbsp;<\/p>\n<h4><a href=\"http:\/\/www.ensembleinterface.com\/de\/agenda\/big-orchestra_klangmobil\/\">BIG ORCHESTRA_KLANGM\u00d8BIL<\/a>\r\n<span class=\"bluebutton\"><a style=\"display:block;width:100%;height:100%;\" href=\"http:\/\/www.ensembleinterface.com\/de\/agenda\/big-orchestra_klangmobil\/\">Frankfurt<\/a><\/span><\/h4>\n<p>22. Juni 2019 | Schirn Kunsthalle Frankfurt<br \/>\nHans van Koolwijk, Ensemble Interface<br \/>\n&nbsp;<\/p>\n<h4><a href=\"http:\/\/www.ensembleinterface.com\/de\/agenda\/floetenweg\/\">FL\u00d6TENWEG<\/a>\r\n<span class=\"bluebutton\"><a style=\"display:block;width:100%;height:100%;\" href=\"http:\/\/www.ensembleinterface.com\/de\/agenda\/floetenweg\/\">Oestrich-Winkel<\/a><\/span><\/h4>\n<p>16. Juni 2019 | Oestrich-Winkel<br \/>\nPerformance \u2013 Installation \u2013 Interaktion<br \/>\nmit Ensemble Interface und Hans van Koolwijk<\/p>\n<h4><a href=\"http:\/\/www.ensembleinterface.com\/de\/agenda\/klangmobil_gaudeamus\/\">GAUDEAMUS MUZIEKWEEK<\/a>\r\n<span class=\"bluebutton\"><a style=\"display:block;width:100%;height:100%;\" href=\"http:\/\/www.ensembleinterface.com\/de\/agenda\/klangmobil_gaudeamus\/\">Utrecht<\/a><\/span><\/h4>\n<p>5.-9. September 2018 | KLANGM\u00d8BIL<br \/>\nInterface | Hans van Koolwijk | Beat Gysin | Sergey Khismatov | Amir Shpilman<br \/>\n&nbsp;<\/p>\n<h4><a href=\"http:\/\/www.ensembleinterface.com\/de\/agenda\/\">FL\u00d6TENWEG<\/a>\r\n<span class=\"bluebutton\"><a style=\"display:block;width:100%;height:100%;\" href=\"http:\/\/www.ensembleinterface.com\/de\/agenda\/\">Oestrich-Winkel<\/a><\/span><\/h4>\n<p>26. und 27. Mai 2018 | Oestrich-Winkel<br \/>\nPerformance &#8211; Installation &#8211; Interaktion<br \/>\nmit Ensemble Interface und Hans van Koolwijk<\/p>\n<h4><a href=\"http:\/\/www.ensembleinterface.com\/de\/agenda\/bridges\/\">BRIDGES<\/a>\r\n<span class=\"bluebutton\"><a style=\"display:block;width:100%;height:100%;\" href=\"http:\/\/www.ensembleinterface.com\/de\/agenda\/bridges\/\">Wien<\/a><\/span><\/h4>\n<p>15. April 2018 | Wiener Konzerthaus<br \/>\nBillone | Kaiser | Fuentes | Quislant<br \/>\n&nbsp;<\/p>\n<h4><a href=\"http:\/\/www.ensembleinterface.com\/de\/agenda\/plattform-experimentelles-musiktheater\/\">PLATTFORM EXPERIMENTELLES MUSIKTHEATER<\/a>\r\n<span class=\"bluebutton\"><a style=\"display:block;width:100%;height:100%;\" href=\"http:\/\/www.ensembleinterface.com\/de\/agenda\/plattform-experimentelles-musiktheater\/\">Bern<\/a><\/span><\/h4>\n<p>12.-17. M\u00e4rz 2018 | Konzerthaus und Hochschule der K\u00fcnste Bern<br \/>\nKLANGM\u00d8BIL | Interface | Hans van Koolwijk<br \/>\n&nbsp;<\/p>\n<h4><a href=\"http:\/\/www.ensembleinterface.com\/de\/agenda\/deutsche-akademie-rom-villa-massimo\/\">Deutsche Akademie Rom Villa Massimo<\/a>\r\n<span class=\"bluebutton\"><a style=\"display:block;width:100%;height:100%;\" href=\"http:\/\/www.ensembleinterface.com\/de\/agenda\/deutsche-akademie-rom-villa-massimo\/\">Berlin<\/a><\/span><\/h4>\n<p>7. Dezember 2017 | Berlin | Martin-Gropius-Bau<br \/>\nLisa Streich | Torsten Herrmann<br \/>\n&nbsp;<\/p>\n<h4><a href=\"http:\/\/www.ensembleinterface.com\/de\/agenda\/no-comfort-zone\/\">NO COMFORT ZONE<\/a>\r\n<span class=\"bluebutton\"><a style=\"display:block;width:100%;height:100%;\" href=\"http:\/\/www.ensembleinterface.com\/de\/agenda\/no-comfort-zone\/\">Genova<\/a><\/span><\/h4>\n<p>15. November 2017 | Genova | Teatro della Tosse | Festival Le Strade del suono<br \/>\nBarden | Dorokhov | Gentilucci | Lachenmann | Lindberg | Oehring<br \/>\n&nbsp;<\/p>\n<h4><a href=\"http:\/\/www.ensembleinterface.com\/de\/agenda\/traiettorie\/\">TRAIETTORIE<\/a>\r\n<span class=\"bluebutton\"><a style=\"display:block;width:100%;height:100%;\" href=\"http:\/\/www.ensembleinterface.com\/de\/agenda\/traiettorie\/\">Parma<\/a><\/span><\/h4>\n<p>13. Oktober 2017 | Casa della Musica, Parma<br \/>\nCarter | Boulez | Murail | Gentilucci | Stroppa<br \/>\n&nbsp;<\/p>\n<h4><a href=\"http:\/\/www.ensembleinterface.com\/de\/agenda\/schloss-hallenburg-landesmusikakademie-schlitz\/\">Schloss Hallenburg, Landesmusikakademie Schlitz<\/a>\r\n<span class=\"bluebutton\"><a style=\"display:block;width:100%;height:100%;\" href=\"http:\/\/www.ensembleinterface.com\/de\/agenda\/schloss-hallenburg-landesmusikakademie-schlitz\/\">Schlitz<\/a><\/span><\/h4>\n<p>2. und 3. Oktober 2017<br \/>\nWorkshop und Konzert mit den Preistr\u00e4gern des Wettbewerbs \u201eJugend komponiert\u201c vom Landesmusikrat Hessen und Th\u00fcringen<\/p>\n<h4><a href=\"http:\/\/www.ensembleinterface.com\/de\/agenda\/#\">Dordtyart - Residency and Opening Concert<\/a>\r\n<span class=\"bluebutton\"><a style=\"display:block;width:100%;height:100%;\" href=\"http:\/\/www.ensembleinterface.com\/de\/agenda\/#\">Dordrecht<\/a><\/span><\/h4>\n<p>15 &#8211; 19 August 2017 | Klangm\u00f8bil | next step: residency and opening concert<br \/>\nwith Hans van Koolwijk, Sergey Kishmatov, Amir Shpilman and Ensemble Interface<br \/>\n&nbsp;<\/p>\n<h4><a href=\"http:\/\/www.ensembleinterface.com\/de\/agenda\/vipa-valencia-international-performance-academy-festival\/\">VIPA - VALENCIA INTERNATIONAL PERFORMANCE ACADEMY &amp; FESTIVAL<\/a>\r\n<span class=\"bluebutton\"><a style=\"display:block;width:100%;height:100%;\" href=\"http:\/\/www.ensembleinterface.com\/de\/agenda\/vipa-valencia-international-performance-academy-festival\/\">Valencia<\/a><\/span><\/h4>\n<p>28 Juni &#8211; 2 Juli 2017 | Conservatorio Superior de M\u00fasica Joaqu\u00edn Rodrigo, Valencia<br \/>\n&nbsp;<br \/>\n&nbsp;<\/p>\n<h4><a href=\"http:\/\/www.ensembleinterface.com\/de\/agenda\/musikmesse-festival-frankfurt\/\">MUSIKMESSE FESTIVAL FRANKFURT<\/a>\r\n<span class=\"bluebutton\"><a style=\"display:block;width:100%;height:100%;\" href=\"http:\/\/www.ensembleinterface.com\/de\/agenda\/musikmesse-festival-frankfurt\/\">frankfurt<\/a><\/span><\/h4>\n<p>5. April 2017<br \/>\nSchnebel | Cage | Dorokhov | Messiaen | Xenakis | Blechartz | Benjamin | Hoffmann<br \/>\n&nbsp;<\/p>\n<h4><a href=\"http:\/\/www.ensembleinterface.com\/de\/agenda\/diabelli-machines-recording\/\">DIABELLI MACHINES RECORDING<\/a>\r\n<span class=\"bluebutton\"><a style=\"display:block;width:100%;height:100%;\" href=\"http:\/\/www.ensembleinterface.com\/de\/agenda\/diabelli-machines-recording\/\">Gent<\/a><\/span><\/h4>\n<p>A project by MusicExperiment21 | Orpheus Institute Gent<br \/>\nEnsemble-in-residence | 19.-21. Januar 2017 | Orpheus Institute Gent<br \/>\n&nbsp;<\/p>\n<h1><a href=\"http:\/\/www.ensembleinterface.com\/de\/agenda\/archiv\/\">Archiv<\/a><\/h1>\n","protected":false},"excerpt":{"rendered":"<p>7 June 2022 | Auditorium San Fedele Filippo Perocco &#8211; The shadow of sounds 11. Mai 2022 | Gare du Nord Basel Chim\u00e8re \u00c9lectrique | Ensemble Interface | Kollektiv Mycelium 23. M\u00e4rz 2022 | Gare du Nord Basel Kaiser | Khismatov | Szmytka | Terranova 28. November 2021 | Gare du Nord Basel 25. November&#8230;<\/p>\n<div class=\"read_more\"><a href=\"http:\/\/www.ensembleinterface.com\/de\/agenda\/\">Read More<\/a><\/div>\n","protected":false},"author":1,"featured_media":0,"parent":0,"menu_order":2,"comment_status":"open","ping_status":"closed","template":"fullwidth.php","meta":{"footnotes":""},"class_list":["post-47","page","type-page","status-publish","hentry"],"_links":{"self":[{"href":"http:\/\/www.ensembleinterface.com\/de\/wp-json\/wp\/v2\/pages\/47","targetHints":{"allow":["GET"]}}],"collection":[{"href":"http:\/\/www.ensembleinterface.com\/de\/wp-json\/wp\/v2\/pages"}],"about":[{"href":"http:\/\/www.ensembleinterface.com\/de\/wp-json\/wp\/v2\/types\/page"}],"author":[{"embeddable":true,"href":"http:\/\/www.ensembleinterface.com\/de\/wp-json\/wp\/v2\/users\/1"}],"replies":[{"embeddable":true,"href":"http:\/\/www.ensembleinterface.com\/de\/wp-json\/wp\/v2\/comments?post=47"}],"version-history":[{"count":229,"href":"http:\/\/www.ensembleinterface.com\/de\/wp-json\/wp\/v2\/pages\/47\/revisions"}],"predecessor-version":[{"id":4365,"href":"http:\/\/www.ensembleinterface.com\/de\/wp-json\/wp\/v2\/pages\/47\/revisions\/4365"}],"wp:attachment":[{"href":"http:\/\/www.ensembleinterface.com\/de\/wp-json\/wp\/v2\/media?parent=47"}],"curies":[{"name":"wp","href":"https:\/\/api.w.org\/{rel}","templated":true}]}}