{"id":456,"date":"2011-12-12T22:48:40","date_gmt":"2011-12-12T22:48:40","guid":{"rendered":"http:\/\/www.ensembleinterface.com\/wordpress\/?page_id=456"},"modified":"2013-03-12T14:47:46","modified_gmt":"2013-03-12T14:47:46","slug":"0312_ignm_bern","status":"publish","type":"page","link":"http:\/\/www.ensembleinterface.com\/de\/agenda\/0312_ignm_bern\/","title":{"rendered":"IGNM Bern"},"content":{"rendered":"<p>9. M\u00e4rz 2012 | 20:00<img loading=\"lazy\" decoding=\"async\" class=\"size-medium wp-image-1062 alignright\" alt=\"\" src=\"http:\/\/www.ensembleinterface.com\/wp-content\/uploads\/Feldman-210x300.jpg\" width=\"210\" height=\"300\" \/><br \/>\n<span style=\"color: #c0c0c0;\"> Bern | Dampfzentrale<\/span><\/p>\n<p>Mit diesem Projekt, unsere Fl\u00f6tistin\u00a0<span style=\"color: #c0c0c0;\"><strong>Bettina Danielle Berger<\/strong><\/span>\u00a0hat den mit 10\u2019000 Franken dotierten<span style=\"color: #c0c0c0;\">\u00a0<strong>Innovationspreis der Stadt Burgdorf<\/strong><\/span>\u00a0gewonnen.\u00a0Ausgezeichnet wurde sie f\u00fcr die Idee, Konzeption und szenische Gestaltung des Projekts \u00abzeitgewoben\u00bb.<\/p>\n<p><strong><span style=\"color: #c0c0c0;\">Festival \u00abLange Musik\u00bb<\/span><\/strong><br \/>\nDas Festival \u00abLange Musik\u00bb zu Morton Feldman ist eine Zusammenarbeit der<br \/>\nDampfzentrale Bern mit der Internationale Gesellschaft f\u00fcr Neue Musik Bern.<\/p>\n<p><span style=\"color: #c0c0c0;\"><strong>\u00abzeitgewoben\u00bb <\/strong><\/span><br \/>\nMorton Feldman: Intermission VI (1953) f\u00fcr Klavier<br \/>\nMorton Feldman: Samuel Beckett, Words and Music (1987)<br \/>\nPedro Alvarez: Fragments after Cioran (2012) f\u00fcr Ensemble (UA)<br \/>\nHelmut Oehring: Melencolia I (2010\/12) f\u00fcr Bassfl\u00f6te und Klavier (Schweizer Erstauff\u00fchrung)<\/p>\n<p><span style=\"color: #c0c0c0;\">ensemble interface<\/span><br \/>\n<span style=\"color: #c0c0c0;\"> Thibault Schiemann, Schauspieler<\/span><br \/>\n<span style=\"color: #c0c0c0;\"> Scott Voyles, Leitung<\/span><\/p>\n<p><span style=\"color: #c0c0c0;\">Szenisches Konzept: Bettina Danielle Berger<\/span><br \/>\n<span style=\"color: #c0c0c0;\"> Klangregie: Leo Hoffmann<\/span><br \/>\n<span style=\"color: #c0c0c0;\"> Lichtregie: Christoph Adrian Kuhn<\/span><\/p>\n<p><a href=\"http:\/\/www.ignm-bern.ch\/\" target=\"_blank\"><img loading=\"lazy\" decoding=\"async\" class=\"alignnone size-full wp-image-484\" alt=\"\" src=\"http:\/\/www.ensembleinterface.com\/wp-content\/uploads\/ignm-bern.png\" width=\"649\" height=\"97\" \/><\/a><br \/>\n<a href=\"http:\/\/www.dampfzentrale.ch\" target=\"_blank\"><img loading=\"lazy\" decoding=\"async\" class=\"alignnone size-full wp-image-481\" alt=\"\" src=\"http:\/\/www.ensembleinterface.com\/wp-content\/uploads\/DZ_logo_2011.gif\" width=\"234\" height=\"46\" \/><\/a><\/p>\n","protected":false},"excerpt":{"rendered":"<p>9. M\u00e4rz 2012 | 20:00 Bern | Dampfzentrale Mit diesem Projekt, unsere Fl\u00f6tistin\u00a0Bettina Danielle Berger\u00a0hat den mit 10\u2019000 Franken dotierten\u00a0Innovationspreis der Stadt Burgdorf\u00a0gewonnen.\u00a0Ausgezeichnet wurde sie f\u00fcr die Idee, Konzeption und szenische Gestaltung des Projekts \u00abzeitgewoben\u00bb. Festival \u00abLange Musik\u00bb Das Festival \u00abLange Musik\u00bb zu Morton Feldman ist eine Zusammenarbeit der Dampfzentrale Bern mit der Internationale Gesellschaft&#8230;<\/p>\n<div class=\"read_more\"><a href=\"http:\/\/www.ensembleinterface.com\/de\/agenda\/0312_ignm_bern\/\">Read More<\/a><\/div>\n","protected":false},"author":1,"featured_media":0,"parent":47,"menu_order":0,"comment_status":"open","ping_status":"open","template":"fullwidth.php","meta":{"footnotes":""},"class_list":["post-456","page","type-page","status-publish","hentry"],"_links":{"self":[{"href":"http:\/\/www.ensembleinterface.com\/de\/wp-json\/wp\/v2\/pages\/456","targetHints":{"allow":["GET"]}}],"collection":[{"href":"http:\/\/www.ensembleinterface.com\/de\/wp-json\/wp\/v2\/pages"}],"about":[{"href":"http:\/\/www.ensembleinterface.com\/de\/wp-json\/wp\/v2\/types\/page"}],"author":[{"embeddable":true,"href":"http:\/\/www.ensembleinterface.com\/de\/wp-json\/wp\/v2\/users\/1"}],"replies":[{"embeddable":true,"href":"http:\/\/www.ensembleinterface.com\/de\/wp-json\/wp\/v2\/comments?post=456"}],"version-history":[{"count":4,"href":"http:\/\/www.ensembleinterface.com\/de\/wp-json\/wp\/v2\/pages\/456\/revisions"}],"predecessor-version":[{"id":1669,"href":"http:\/\/www.ensembleinterface.com\/de\/wp-json\/wp\/v2\/pages\/456\/revisions\/1669"}],"up":[{"embeddable":true,"href":"http:\/\/www.ensembleinterface.com\/de\/wp-json\/wp\/v2\/pages\/47"}],"wp:attachment":[{"href":"http:\/\/www.ensembleinterface.com\/de\/wp-json\/wp\/v2\/media?parent=456"}],"curies":[{"name":"wp","href":"https:\/\/api.w.org\/{rel}","templated":true}]}}