{"id":4355,"date":"2021-09-28T11:04:48","date_gmt":"2021-09-28T11:04:48","guid":{"rendered":"http:\/\/www.ensembleinterface.com\/de\/?page_id=4355"},"modified":"2021-09-28T11:04:49","modified_gmt":"2021-09-28T11:04:49","slug":"micro","status":"publish","type":"page","link":"http:\/\/www.ensembleinterface.com\/de\/agenda\/micro\/","title":{"rendered":"MICRO"},"content":{"rendered":"<p>Gare du Nord Basel<br \/>\n11.5.2022 | 20:00<\/p>\n<p><em>In Co-Produktion mit dem <a href=\"http:\/\/www.collective-mycelium.ch\" target=\"_blank\" rel=\"noopener noreferrer\">Kollektiv Mycelium<\/a><\/em><\/p>\n<p>In MICRO ver\u00e4ndert das Ensemble Interface den Massstab ihrer Instrumente und k\u00f6rperlichen Erweiterungen. Nach dem Makroskopischen der KlangM\u00f8bil(e) legen sie den Fokus auf das Mikroskopische elektronischer Instrumente.<br \/>\nDie Performer*innen verkuppeln ihre K\u00f6rper mit den elektrischen Stromkreisen. Blut und Strom fliessen durch die Adern der Mensch-Maschine-Mischwesen.<br \/>\nAus den mithilfe von Sensoren aufgezeichneten Bewegungen dieser hybriden Bestien entstehen digitale H\u00f6rr\u00e4ume, die die Autorschaft kompositorischer \u00abMonumente\u00bb hinterfragen und traditionelle Dualismen, wie Werk und Auff\u00fchrung, Komponist*in und Interpret*in, Instrumentalist*in und Instrument, Performer*in und Publikum, K\u00f6rper und Technologie verabschieden.<br \/>\nZwischen Elektronik und Akustik h\u00f6ren die Besucher*innen die mikroskopischen Miniaturen \u00fcber Kopfh\u00f6rer in intimen Szenen 1:1.<\/p>\n<p>HannaH Walter (*1989) &amp; Robert Torche (*1989) aka Chim\u00e8re \u00c9lectrique:<br \/>\n<em>Pregnant Posthuman<\/em> (UA), Videoessay<br \/>\n\u00dcber: Cathy Van Eck: Double Beat &#8211; for Plastic Bags, Two Heart Beats, Breath and Electronics (2013)<\/p>\n<p>HannaH Walter (*1989) &amp; Robert Torche (*1989) aka Chim\u00e8re \u00c9lectrique:<br \/>\n<em>Doubles Nomadiques<\/em>. 8 installative Miniaturen<br \/>\n1:1 f\u00fcr jeweils eine Performer*in und eine Zuh\u00f6rer*in<\/p>\n<p>Team:<br \/>\nMariella Bachmann, Klarinette und Performance<br \/>\nBettina Berger, Fl\u00f6ten und Performance<br \/>\nAnna D\u2019Errico, Klavier und Performance<br \/>\nChristophe Mathias, Cello und Performance<br \/>\nStefanie Mirwald, Akkordeon und Performance<br \/>\nAndrea Nagy, Klarinetten und Performance<br \/>\nRobert Torche, Elektronik und Performance<br \/>\nHannaH Walter, Violine und Performance<\/p>\n<p><a href=\"https:\/\/www.garedunord.ch\/programm\/spielplan\" target=\"_blank\" rel=\"noopener noreferrer\">Mehr\u2026<\/a><\/p>\n","protected":false},"excerpt":{"rendered":"<p>Gare du Nord Basel 11.5.2022 | 20:00 In Co-Produktion mit dem Kollektiv Mycelium In MICRO ver\u00e4ndert das Ensemble Interface den Massstab ihrer Instrumente und k\u00f6rperlichen Erweiterungen. Nach dem Makroskopischen der KlangM\u00f8bil(e) legen sie den Fokus auf das Mikroskopische elektronischer Instrumente. Die Performer*innen verkuppeln ihre K\u00f6rper mit den elektrischen Stromkreisen. Blut und Strom fliessen durch die&#8230;<\/p>\n<div class=\"read_more\"><a href=\"http:\/\/www.ensembleinterface.com\/de\/agenda\/micro\/\">Read More<\/a><\/div>\n","protected":false},"author":1,"featured_media":0,"parent":47,"menu_order":0,"comment_status":"open","ping_status":"open","template":"fullwidthbio.php","meta":{"footnotes":""},"class_list":["post-4355","page","type-page","status-publish","hentry"],"_links":{"self":[{"href":"http:\/\/www.ensembleinterface.com\/de\/wp-json\/wp\/v2\/pages\/4355","targetHints":{"allow":["GET"]}}],"collection":[{"href":"http:\/\/www.ensembleinterface.com\/de\/wp-json\/wp\/v2\/pages"}],"about":[{"href":"http:\/\/www.ensembleinterface.com\/de\/wp-json\/wp\/v2\/types\/page"}],"author":[{"embeddable":true,"href":"http:\/\/www.ensembleinterface.com\/de\/wp-json\/wp\/v2\/users\/1"}],"replies":[{"embeddable":true,"href":"http:\/\/www.ensembleinterface.com\/de\/wp-json\/wp\/v2\/comments?post=4355"}],"version-history":[{"count":1,"href":"http:\/\/www.ensembleinterface.com\/de\/wp-json\/wp\/v2\/pages\/4355\/revisions"}],"predecessor-version":[{"id":4356,"href":"http:\/\/www.ensembleinterface.com\/de\/wp-json\/wp\/v2\/pages\/4355\/revisions\/4356"}],"up":[{"embeddable":true,"href":"http:\/\/www.ensembleinterface.com\/de\/wp-json\/wp\/v2\/pages\/47"}],"wp:attachment":[{"href":"http:\/\/www.ensembleinterface.com\/de\/wp-json\/wp\/v2\/media?parent=4355"}],"curies":[{"name":"wp","href":"https:\/\/api.w.org\/{rel}","templated":true}]}}