{"id":4349,"date":"2021-09-23T09:01:32","date_gmt":"2021-09-23T09:01:32","guid":{"rendered":"http:\/\/www.ensembleinterface.com\/de\/?page_id=4349"},"modified":"2022-02-26T18:54:30","modified_gmt":"2022-02-26T18:54:30","slug":"meta","status":"publish","type":"page","link":"http:\/\/www.ensembleinterface.com\/de\/agenda\/meta\/","title":{"rendered":"META"},"content":{"rendered":"<p>Gare du Nord Basel<br \/>\n23.03.2022 | 20:00<\/p>\n<p>Das <span style=\"color: #c0c0c0;\">Ensemble Interface<\/span> zeichnet ein Selbstportr\u00e4t anhand von vier Kammermusikwerken, die in intensivem Austausch mit den Komponist*innen entwickelt wurden. Dabei sind Werke entstanden, die dem Ensemble ans Herz gewachsen sind: So unterschiedlich diese \u201eBestien\u201c klingen &#8211; sperrig und schroff, fein und klar, als virtuoses Ballett eines gewaltigen Molochs, oder Mosaik aus mikroskopisch kleinen Klangbausteinen -, pr\u00e4gt sie alle die Suche nach der Pers\u00f6nlichkeit und Identit\u00e4t von Klang.<\/p>\n<h3>Werke:<\/h3>\n<p><span style=\"color: #c0c0c0;\">Sergey Khismatov<\/span> (1981): <em>Primordial Soup<\/em> f\u00fcr Sextett (2019)<br \/>\n<span style=\"color: #c0c0c0;\">Robert Dick<\/span> (1950): <em>Flames Must Not Encircle Sides<\/em> (1980\/2018) f\u00fcr Fl\u00f6te solo<br \/>\n<span style=\"color: #c0c0c0;\">Bernd Alois Zimmermann<\/span> (1918-1979): <em>Sonate<\/em> (1960) f\u00fcr Cello solo Teil I<br \/>\n<span style=\"color: #c0c0c0;\">Helmuth Oehring<\/span> (1961): <em>Zunge<\/em> (2020) f\u00fcr Kontrabassklarinette solo<br \/>\n<span style=\"color: #c0c0c0;\">Bernd Alois Zimmermann<\/span> (1918-1979): <em>Sonate<\/em> (1960) f\u00fcr Cello solo Teil II<br \/>\n<span style=\"color: #c0c0c0;\">Gyorgi Dhorokov<\/span> (1984-2013): <em>Manifest<\/em> (2009) f\u00fcr drei Styropore<br \/>\n<span style=\"color: #c0c0c0;\">Bernd Alois Zimmermann<\/span> (1918-1979): <em>Sonate<\/em> (1960) f\u00fcr Cello solo Teil III<br \/>\n<span style=\"color: #c0c0c0;\">Marco Momi<\/span> (1978): <em>Tre Nudi<\/em> (2006) f\u00fcr Piano solo<br \/>\n<span style=\"color: #c0c0c0;\">Daniela Terranova<\/span> (*1977): <em>Di natura sottile<\/em> (2016\/2019) f\u00fcr Sextett<\/p>\n<h3>Ensemble Interface<\/h3>\n<p><span style=\"color: #c0c0c0;\">Bettina Berger<\/span>, Fl\u00f6ten<br \/>\n<span style=\"color: #c0c0c0;\">Anna D\u2019Errico<\/span>, Klavier<br \/>\n<span style=\"color: #c0c0c0;\">Andrea Nagy<\/span>, Klarinetten<br \/>\n<span style=\"color: #c0c0c0;\">Christophe Mathias<\/span>, Cello<br \/>\n<span style=\"color: #c0c0c0;\">Jo\u00e3o Carlos Pacheco<\/span>, Schlagwerk<br \/>\n<span style=\"color: #c0c0c0;\">Georgia Privitera<\/span>, Violine<\/p>\n<p><em>Background image: \u00a9 Helena Follmer<\/em><\/p>\n<p><a href=\"https:\/\/www.garedunord.ch\/ii-meta-ensemble-interface\" target=\"_blank\" rel=\"noopener noreferrer\">Mehr\u2026<\/a><\/p>\n","protected":false},"excerpt":{"rendered":"<p>Gare du Nord Basel 23.03.2022 | 20:00 Das Ensemble Interface zeichnet ein Selbstportr\u00e4t anhand von vier Kammermusikwerken, die in intensivem Austausch mit den Komponist*innen entwickelt wurden. Dabei sind Werke entstanden, die dem Ensemble ans Herz gewachsen sind: So unterschiedlich diese \u201eBestien\u201c klingen &#8211; sperrig und schroff, fein und klar, als virtuoses Ballett eines gewaltigen Molochs,&#8230;<\/p>\n<div class=\"read_more\"><a href=\"http:\/\/www.ensembleinterface.com\/de\/agenda\/meta\/\">Read More<\/a><\/div>\n","protected":false},"author":1,"featured_media":0,"parent":47,"menu_order":0,"comment_status":"open","ping_status":"open","template":"fullwidthbio.php","meta":{"footnotes":""},"class_list":["post-4349","page","type-page","status-publish","hentry"],"_links":{"self":[{"href":"http:\/\/www.ensembleinterface.com\/de\/wp-json\/wp\/v2\/pages\/4349","targetHints":{"allow":["GET"]}}],"collection":[{"href":"http:\/\/www.ensembleinterface.com\/de\/wp-json\/wp\/v2\/pages"}],"about":[{"href":"http:\/\/www.ensembleinterface.com\/de\/wp-json\/wp\/v2\/types\/page"}],"author":[{"embeddable":true,"href":"http:\/\/www.ensembleinterface.com\/de\/wp-json\/wp\/v2\/users\/1"}],"replies":[{"embeddable":true,"href":"http:\/\/www.ensembleinterface.com\/de\/wp-json\/wp\/v2\/comments?post=4349"}],"version-history":[{"count":2,"href":"http:\/\/www.ensembleinterface.com\/de\/wp-json\/wp\/v2\/pages\/4349\/revisions"}],"predecessor-version":[{"id":4359,"href":"http:\/\/www.ensembleinterface.com\/de\/wp-json\/wp\/v2\/pages\/4349\/revisions\/4359"}],"up":[{"embeddable":true,"href":"http:\/\/www.ensembleinterface.com\/de\/wp-json\/wp\/v2\/pages\/47"}],"wp:attachment":[{"href":"http:\/\/www.ensembleinterface.com\/de\/wp-json\/wp\/v2\/media?parent=4349"}],"curies":[{"name":"wp","href":"https:\/\/api.w.org\/{rel}","templated":true}]}}