{"id":4346,"date":"2021-09-23T08:44:21","date_gmt":"2021-09-23T08:44:21","guid":{"rendered":"http:\/\/www.ensembleinterface.com\/de\/?page_id=4346"},"modified":"2021-09-23T08:46:23","modified_gmt":"2021-09-23T08:46:23","slug":"klangmobil-bei-gare-des-enfants","status":"publish","type":"page","link":"http:\/\/www.ensembleinterface.com\/de\/agenda\/klangmobil-bei-gare-des-enfants\/","title":{"rendered":"KLANGM\u00d8BIL BEI GARE DES ENFANTS"},"content":{"rendered":"<p>28.11.2021 | 11:00<br \/>\nGare du Nord Basel<\/p>\n<p><em>Kooperation mit dem Ensemble Interface, Ensemble der Saison GdN<\/em><\/p>\n<p>Die Musik kommt in Fahrt und mischt sich unters Publikum! Kl\u00e4nge um Kl\u00e4nge rollen auf R\u00e4dern durch den ganzen Raum, Vibrationen und Schallwellen baumeln in der Luft, Saiten lassen sich streichen und t\u00f6nende Luft schl\u00e4ngelt sich durch R\u00f6hren. Die mobilen Skulpturen werden euch erstaunen und verzaubern!<\/p>\n<p><span style=\"color: #c0c0c0;\">Ensemble Interface<\/span><br \/>\n<span style=\"color: #c0c0c0;\">gare des enfants Kinderensemble<\/span><br \/>\n<span style=\"color: #c0c0c0;\">Konzept und Leitung: No\u00ebmi Schwank &amp; Lucia Carro Veiga<\/span><\/p>\n<p><em>Background image: Hans van Koolwijk, KlangM\u00f8bil, 2015 \/\/ KlangM\u00f8bil#4_Big Orchestra \u00a9 Schirn Kunsthalle Frankfurt, 2019. Foto: Marc Krause<\/em><\/p>\n<p><a href=\"https:\/\/www.garedunord.ch\/gare-des-enfants\" target=\"_blank\" rel=\"noopener noreferrer\">Mehr\u2026<\/a><\/p>\n","protected":false},"excerpt":{"rendered":"<p>28.11.2021 | 11:00 Gare du Nord Basel Kooperation mit dem Ensemble Interface, Ensemble der Saison GdN Die Musik kommt in Fahrt und mischt sich unters Publikum! Kl\u00e4nge um Kl\u00e4nge rollen auf R\u00e4dern durch den ganzen Raum, Vibrationen und Schallwellen baumeln in der Luft, Saiten lassen sich streichen und t\u00f6nende Luft schl\u00e4ngelt sich durch R\u00f6hren. Die&#8230;<\/p>\n<div class=\"read_more\"><a href=\"http:\/\/www.ensembleinterface.com\/de\/agenda\/klangmobil-bei-gare-des-enfants\/\">Read More<\/a><\/div>\n","protected":false},"author":1,"featured_media":0,"parent":47,"menu_order":0,"comment_status":"open","ping_status":"open","template":"fullwidthbio.php","meta":{"footnotes":""},"class_list":["post-4346","page","type-page","status-publish","hentry"],"_links":{"self":[{"href":"http:\/\/www.ensembleinterface.com\/de\/wp-json\/wp\/v2\/pages\/4346","targetHints":{"allow":["GET"]}}],"collection":[{"href":"http:\/\/www.ensembleinterface.com\/de\/wp-json\/wp\/v2\/pages"}],"about":[{"href":"http:\/\/www.ensembleinterface.com\/de\/wp-json\/wp\/v2\/types\/page"}],"author":[{"embeddable":true,"href":"http:\/\/www.ensembleinterface.com\/de\/wp-json\/wp\/v2\/users\/1"}],"replies":[{"embeddable":true,"href":"http:\/\/www.ensembleinterface.com\/de\/wp-json\/wp\/v2\/comments?post=4346"}],"version-history":[{"count":1,"href":"http:\/\/www.ensembleinterface.com\/de\/wp-json\/wp\/v2\/pages\/4346\/revisions"}],"predecessor-version":[{"id":4347,"href":"http:\/\/www.ensembleinterface.com\/de\/wp-json\/wp\/v2\/pages\/4346\/revisions\/4347"}],"up":[{"embeddable":true,"href":"http:\/\/www.ensembleinterface.com\/de\/wp-json\/wp\/v2\/pages\/47"}],"wp:attachment":[{"href":"http:\/\/www.ensembleinterface.com\/de\/wp-json\/wp\/v2\/media?parent=4346"}],"curies":[{"name":"wp","href":"https:\/\/api.w.org\/{rel}","templated":true}]}}