{"id":4337,"date":"2021-06-11T13:36:18","date_gmt":"2021-06-11T13:36:18","guid":{"rendered":"http:\/\/www.ensembleinterface.com\/de\/?page_id=4337"},"modified":"2021-06-11T13:36:20","modified_gmt":"2021-06-11T13:36:20","slug":"hannah-walter-violine","status":"publish","type":"page","link":"http:\/\/www.ensembleinterface.com\/de\/ueber_uns\/hannah-walter-violine\/","title":{"rendered":"HannaH Walter, Violine"},"content":{"rendered":"<p><span style=\"color: #c0c0c0;\"><img loading=\"lazy\" decoding=\"async\" class=\"size-full wp-image-5170 alignright\" src=\"http:\/\/www.ensembleinterface.com\/en\/files\/about\/hannah-walter-violin\/HannaH-Quadrat-\u00a9Jan-Rasmus-Voss.jpg\" alt=\"\" width=\"152\" height=\"152\">HannaH Walter ist Violinistin, Bratschistin und Composer-Performerin. In ihrer T\u00e4tigkeit als k\u00fcnstlerische Leiterin und Kuratorin erforscht sie neue Formate der Pr\u00e4sentation und Vermittlung von Musik.<br \/>\nSie studierte in D\u00fcsseldorf, Berlin, Frankfurt und Paris. In der Schweiz absolvierte sie Spezialisierungen im Master f\u00fcr Zeitgen\u00f6ssische Musik (Musik-Akademie Basel) und im Master in Transdisziplinarit\u00e4t (Z\u00fcrcher Hochschule der K\u00fcnste) mit Auszeichnung. W\u00e4hrend ihrer Ausbildung erhielt sie unter Anderem Stipendien der Studienstiftung des Deutschen Volkes, des Vereins Yehudi Menuhin Live Music Now, der Stendaler J\u00fctting-Stiftung, der Oscar und Vera Ritter-Stiftung und das Schweizer Bundes-Exzellenz-Stipendium f\u00fcr ausl\u00e4ndische Kunstschaffende.<br \/>\n2017 gewinnt sie den zweiten Preis beim Interpretationswettbewerb f\u00fcr zeitgen\u00f6ssische Musik Concours Nicati.<br \/>\nSie tritt unter Anderem mit WeSpoke, Ensemble Vortex, dem Solistenensemble Kaleidoskop, Ensemble Musikfabrik oder Ensemble Modern auf den wichtigen Festivals Europas auf.<br \/>\nHannaH ist Gr\u00fcndungsmitglied und k\u00fcnstlerische Leiterin des Kollektiv Mycelium, Mitglied des Ensemble of Nomads und seit 2020 des Ensemble Interface.<br \/>\nVon 2019 &#8211; 2021 arbeitet HannaH als Unterrichtsassistentin im Master in Transdisziplinarit\u00e4t (MTR) an der ZHdK. Seit Februar 2021 hat sie in eine PhD-Stelle im Rahmen des SNF finanzierten Projekts \u00abSpatial Dis\/Continuities in Telematic Performances\u00bb. Sie ist Teil der PhD-Gruppe von Florian Dombois im Forschungsschwerpunkt Transdisziplinarit\u00e4t und an der Kunstuniversit\u00e4t Linz. Im MTR ist sie weiterhin als Wissenschaftliche Mitarbeiterin in der Lehre t\u00e4tig.<\/span><\/p>\n","protected":false},"excerpt":{"rendered":"<p>HannaH Walter ist Violinistin, Bratschistin und Composer-Performerin. In ihrer T\u00e4tigkeit als k\u00fcnstlerische Leiterin und Kuratorin erforscht sie neue Formate der Pr\u00e4sentation und Vermittlung von Musik. Sie studierte in D\u00fcsseldorf, Berlin, Frankfurt und Paris. In der Schweiz absolvierte sie Spezialisierungen im Master f\u00fcr Zeitgen\u00f6ssische Musik (Musik-Akademie Basel) und im Master in Transdisziplinarit\u00e4t (Z\u00fcrcher Hochschule der K\u00fcnste)&#8230;<\/p>\n<div class=\"read_more\"><a href=\"http:\/\/www.ensembleinterface.com\/de\/ueber_uns\/hannah-walter-violine\/\">Read More<\/a><\/div>\n","protected":false},"author":1,"featured_media":0,"parent":43,"menu_order":5,"comment_status":"open","ping_status":"closed","template":"fullwidthbio.php","meta":{"footnotes":""},"class_list":["post-4337","page","type-page","status-publish","hentry"],"_links":{"self":[{"href":"http:\/\/www.ensembleinterface.com\/de\/wp-json\/wp\/v2\/pages\/4337","targetHints":{"allow":["GET"]}}],"collection":[{"href":"http:\/\/www.ensembleinterface.com\/de\/wp-json\/wp\/v2\/pages"}],"about":[{"href":"http:\/\/www.ensembleinterface.com\/de\/wp-json\/wp\/v2\/types\/page"}],"author":[{"embeddable":true,"href":"http:\/\/www.ensembleinterface.com\/de\/wp-json\/wp\/v2\/users\/1"}],"replies":[{"embeddable":true,"href":"http:\/\/www.ensembleinterface.com\/de\/wp-json\/wp\/v2\/comments?post=4337"}],"version-history":[{"count":1,"href":"http:\/\/www.ensembleinterface.com\/de\/wp-json\/wp\/v2\/pages\/4337\/revisions"}],"predecessor-version":[{"id":4338,"href":"http:\/\/www.ensembleinterface.com\/de\/wp-json\/wp\/v2\/pages\/4337\/revisions\/4338"}],"up":[{"embeddable":true,"href":"http:\/\/www.ensembleinterface.com\/de\/wp-json\/wp\/v2\/pages\/43"}],"wp:attachment":[{"href":"http:\/\/www.ensembleinterface.com\/de\/wp-json\/wp\/v2\/media?parent=4337"}],"curies":[{"name":"wp","href":"https:\/\/api.w.org\/{rel}","templated":true}]}}