{"id":4323,"date":"2020-08-04T15:57:36","date_gmt":"2020-08-04T15:57:36","guid":{"rendered":"http:\/\/www.ensembleinterface.com\/de\/?page_id=4323"},"modified":"2020-08-07T08:14:54","modified_gmt":"2020-08-07T08:14:54","slug":"biennale-musica-venedig","status":"publish","type":"page","link":"http:\/\/www.ensembleinterface.com\/de\/agenda\/biennale-musica-venedig\/","title":{"rendered":"BIENNALE MUSICA VENEDIG"},"content":{"rendered":"<p><span style=\"color: #f5f7f6;\">2. Oktober 2020 | 20:00 Uhr | Teatro alle Tese 2<\/span><\/p>\n<p><strong><span style=\"color: #f5f7f6;\">Giovanni Verrando<\/span><\/strong><br \/>\n<span style=\"color: #c0c0c0;\">Instrumental Freak Show &#8211; A Manifesto on Diversity (2020 &#8211; Urauff\u00fchrung)<\/span><br \/>\n<span style=\"color: #c0c0c0;\">f\u00fcr Stimme, 6 Performer und Live-Elektronik<\/span><\/p>\n<p><span style=\"color: #c0c0c0;\">Auftrag von Ensemble Interface, gef\u00f6rdert von <\/span><br \/>\n<span style=\"color: #c0c0c0;\"><img loading=\"lazy\" decoding=\"async\" class=\"alignnone size-full wp-image-5099\" src=\"http:\/\/www.ensembleinterface.com\/en\/files\/EvS.png\" alt=\"\" width=\"200\" height=\"46\"><\/span><\/p>\n<p><span style=\"color: #c0c0c0;\">Stimme: Giulia Zaniboni<\/span><br \/>\n<span style=\"color: #c0c0c0;\">Ensemble Interface<\/span><br \/>\n<span style=\"color: #c0c0c0;\">Video: Michele Innocente, Giovanni Verrando<\/span><br \/>\n<span style=\"color: #c0c0c0;\">B\u00fchne &amp; Licht: Angelo Linzalata<\/span><br \/>\n<span style=\"color: #c0c0c0;\">Klangregie: Paolo Brandi<\/span><br \/>\n<span style=\"color: #c0c0c0;\">Instrumentenbauer: Andrea Tremolada<\/span><br \/>\n<span style=\"color: #c0c0c0;\">Texte: Giovanni Verrando<\/span><\/p>\n<p><span style=\"color: #c0c0c0;\">****<\/span><\/p>\n<p><strong><span style=\"color: #f5f7f6;\">Jean-Luc Herv\u00e9<\/span><\/strong><br \/>\n<span style=\"color: #c0c0c0;\">De pr\u00e8s (2014 &#8211; Italienische Erstauff\u00fchrung)<\/span><br \/>\n<span style=\"color: #c0c0c0;\">F\u00fcr 7 Musikern und Live-Elektronik<\/span><\/p>\n<p><span style=\"color: #c0c0c0;\">Ensemble Interface<\/span><br \/>\n<span style=\"color: #c0c0c0;\">Dirigent: Francesco Pavan<\/span><br \/>\n<span style=\"color: #c0c0c0;\">Klangregie: Jean-Luc Herv\u00e9<\/span><\/p>\n<p><strong><span style=\"color: #f5f7f6;\">Ensemble Interface<\/span><\/strong><br \/>\n<span style=\"color: #c0c0c0;\">Bettina Berger, Fl\u00f6ten<\/span><br \/>\n<span style=\"color: #c0c0c0;\">Andrea Nagy, Klarinetten<\/span><br \/>\n<span style=\"color: #c0c0c0;\">Remo Peronato, Englischhorn<\/span><br \/>\n<span style=\"color: #c0c0c0;\">Anna D\u2019Errico, Klavier und Perkussion<\/span><br \/>\n<span style=\"color: #c0c0c0;\">Samuel Toro Perez, E-Gitarre<\/span><br \/>\n<span style=\"color: #c0c0c0;\">Alicja Pilarczyk, Violine und Daxofon<\/span><br \/>\n<span style=\"color: #c0c0c0;\">Sophie Wahlm\u00fcller, Bratsche<\/span><br \/>\n<span style=\"color: #c0c0c0;\">Christophe Mathias, Cello und Daxofon<\/span><\/p>\n<p><a href=\"https:\/\/www.labiennale.org\/it\/musica\/2020\" target=\"_blank\" rel=\"noopener noreferrer\"><span style=\"color: #c0c0c0;\">mehr\u2026<\/span><\/a><\/p>\n","protected":false},"excerpt":{"rendered":"<p>2. Oktober 2020 | 20:00 Uhr | Teatro alle Tese 2 Giovanni Verrando Instrumental Freak Show &#8211; A Manifesto on Diversity (2020 &#8211; Urauff\u00fchrung) f\u00fcr Stimme, 6 Performer und Live-Elektronik Auftrag von Ensemble Interface, gef\u00f6rdert von Stimme: Giulia Zaniboni Ensemble Interface Video: Michele Innocente, Giovanni Verrando B\u00fchne &amp; Licht: Angelo Linzalata Klangregie: Paolo Brandi Instrumentenbauer:&#8230;<\/p>\n<div class=\"read_more\"><a href=\"http:\/\/www.ensembleinterface.com\/de\/agenda\/biennale-musica-venedig\/\">Read More<\/a><\/div>\n","protected":false},"author":1,"featured_media":0,"parent":47,"menu_order":0,"comment_status":"open","ping_status":"open","template":"fullwidthbio.php","meta":{"footnotes":""},"class_list":["post-4323","page","type-page","status-publish","hentry"],"_links":{"self":[{"href":"http:\/\/www.ensembleinterface.com\/de\/wp-json\/wp\/v2\/pages\/4323","targetHints":{"allow":["GET"]}}],"collection":[{"href":"http:\/\/www.ensembleinterface.com\/de\/wp-json\/wp\/v2\/pages"}],"about":[{"href":"http:\/\/www.ensembleinterface.com\/de\/wp-json\/wp\/v2\/types\/page"}],"author":[{"embeddable":true,"href":"http:\/\/www.ensembleinterface.com\/de\/wp-json\/wp\/v2\/users\/1"}],"replies":[{"embeddable":true,"href":"http:\/\/www.ensembleinterface.com\/de\/wp-json\/wp\/v2\/comments?post=4323"}],"version-history":[{"count":2,"href":"http:\/\/www.ensembleinterface.com\/de\/wp-json\/wp\/v2\/pages\/4323\/revisions"}],"predecessor-version":[{"id":4325,"href":"http:\/\/www.ensembleinterface.com\/de\/wp-json\/wp\/v2\/pages\/4323\/revisions\/4325"}],"up":[{"embeddable":true,"href":"http:\/\/www.ensembleinterface.com\/de\/wp-json\/wp\/v2\/pages\/47"}],"wp:attachment":[{"href":"http:\/\/www.ensembleinterface.com\/de\/wp-json\/wp\/v2\/media?parent=4323"}],"curies":[{"name":"wp","href":"https:\/\/api.w.org\/{rel}","templated":true}]}}