{"id":43,"date":"2011-07-31T08:57:40","date_gmt":"2011-07-31T08:57:40","guid":{"rendered":"http:\/\/www.ensembleinterface.com\/wordpress\/?page_id=43"},"modified":"2021-06-11T13:45:11","modified_gmt":"2021-06-11T13:45:11","slug":"ueber_uns","status":"publish","type":"page","link":"http:\/\/www.ensembleinterface.com\/de\/ueber_uns\/","title":{"rendered":"\u00dcber uns"},"content":{"rendered":"<p>&nbsp;<br \/>\n<span style=\"color: #c0c0c0;\">Ensemble Interface, 2009 in Frankfurt\/Main gegr\u00fcndet, hat den Anspruch die aktuelle Musikszene mitzupr\u00e4gen. Das international besetzte &#8222;Pierrot -plus&#8220;- Sextett widmet sich mit feinem Klanggesp\u00fcr dem Repertoire des 20. und 21. Jahrhunderts und sieht gleichzeitig seine Aufgabe und Herausforderung darin, dieser klassischen Besetzung neue Perspektiven zu er\u00f6ffnen: mit Instrument, K\u00f6rper, Stimme, Elektronik.<\/span><\/p>\n<p><span style=\"color: #c0c0c0;\">Georges Aperghis, Peter E\u00f6tv\u00f6s, Brian Ferneyhough, Beat Furrer, Pierluigi Billone, Helmut Oehring, Donatienne Michel-Dansac, Enno Poppe und Lucas Vis z\u00e4hlen zu den Pers\u00f6nlichkeiten, mit denen das Ensemble eine Zusammenarbeit verbindet. Zudem setzt es sich besonders f\u00fcr den Austausch mit KomponistInnen seiner eigenen Generation ein.<\/span><br \/>\n<span style=\"color: #c0c0c0;\"> Die sechs MusikerInnen haben sich innerhalb der Internationalen Ensemble Modern Akademie kennengelernt und treten seitdem bei zahlreichen internationalen Festivals und Konzertreihen auf: Internationale Ferienkurse f\u00fcr Neue Musik Darmstadt, Ultraschall Berlin, FGNM Frankfurt, Rheinsberger Pfingstwerkstatt, Impuls Festival Graz, Gare du Nord Basel, Dampfzentrale Bern, Cit\u00e9 des Arts Paris, YSTCM Singapore, Teatro Dal Verme Milan, American Academy Rome, June in Buffalo (USA) u.v.m.<\/span><\/p>\n<p><span style=\"color: #c0c0c0;\">Mit Risiko -und Experimentierfreudigkeit tritt Ensemble Interface in Dialog mit bestehenden und neuen Werken, mit Komponisten, Regisseuren, Schriftstellern und anderen k\u00fcnstlerischen Partnern sowie dem Publikum. Es veranstaltet zahlreiche Workshops f\u00fcr Komponisten und Musikwissenschaftler, u.a. an der Goethe Universit\u00e4t Frankfurt, den Musikhochschulen Ankara, Singapur, Brisbane und Sydney. Mit besonderen Konzertprogrammen und gewagten Auff\u00fchrungssituationen engagiert sich Ensemble Interface f\u00fcr die Vermittlung zeitgen\u00f6ssischer Musik und bietet zu seinen Konzerten regelm\u00e4\u00dfig Einf\u00fchrungsvortr\u00e4ge und Educationprogramme f\u00fcr Kinder und Jugendliche an.<\/span><\/p>\n<h4><span style=\"color: #ffffff;\"><strong>K\u00fcnstlerische Leitung<\/strong>&nbsp;<\/span><\/h4>\n<p><span style=\"color: #c0c0c0;\">Die Mitglieder des Ensemble Interface teilen sich die k\u00fcnstlerische Leitung. Bei Interesse an einer Zusammenarbeit mit dem Ensemble bitten wir um eine Nachricht an die Adresse<\/span> <span style=\"color: #ffffff;\">info@ensembleinterface.com<\/span>.<\/p>\n<p><span style=\"color: #c0c0c0;\">Wir freuen uns \u00fcber spannende Ideen und Vorschl\u00e4ge!<\/span><br \/>\n<p>&nbsp;<\/p><\/p>\n<h2>Members<\/h2>\n<div class=\"two_fifth\">\n<h4><a href=\"http:\/\/www.ensembleinterface.com\/de\/berger\/\">Bettina Berger, Fl\u00f6ten<\/a><\/h4>\n<h4><a href=\"http:\/\/www.ensembleinterface.com\/de\/derrico\/\">Anna D&#8217;Errico, Klavier<\/a><\/h4>\n<h4><a href=\"http:\/\/www.ensembleinterface.com\/de\/nagy\/\">Andrea Nagy, Klarinetten<\/a><\/h4>\n<h4><a href=\"http:\/\/www.ensembleinterface.com\/de\/koprowska-born\/\">Agnieszka Koprowska-Born, Schlagzeug<\/a><\/h4>\n<h4><a href=\"http:\/\/www.ensembleinterface.com\/de\/mathias\/\">Christophe Mathias, Cello<\/a><\/h4>\n<h4><a href=\"http:\/\/www.ensembleinterface.com\/de\/ueber_uns\/hannah-walter-violine\/\">HannaH Walter, Violine<\/a><\/h4>\n<\/div>\n<p><div class=\"three_fifth last\"><\/div><br \/>\n<a href=\"http:\/\/www.ensembleinterface.com\/de\/derrico\/\"><img loading=\"lazy\" decoding=\"async\" class=\"alignnone size-full wp-image-1398\" style=\"margin-left: 5px; margin-right: 5px;\" title=\"Anna D'Errico (Foto: S. Linndenbaum)\" src=\"http:\/\/www.ensembleinterface.com\/en\/files\/2012\/09\/Anna-DErrico1.gif\" alt=\"\" width=\"100\" height=\"100\"><\/a><a href=\"http:\/\/www.ensembleinterface.com\/de\/berger\/\"><img loading=\"lazy\" decoding=\"async\" class=\"alignnone size-full wp-image-1406\" style=\"margin-left: 5px; margin-right: 5px;\" title=\"Bettina Berger (Foto: S. Linndenbaum)\" src=\"http:\/\/www.ensembleinterface.com\/en\/files\/2012\/09\/Bettina-Berger1.gif\" alt=\"\" width=\"100\" height=\"100\"><\/a><a href=\"http:\/\/www.ensembleinterface.com\/de\/nagy\/\"><img loading=\"lazy\" decoding=\"async\" class=\"alignnone size-full wp-image-3162\" style=\"margin-left: 5px; margin-right: 5px;\" title=\"Andrea Nagy\" src=\"http:\/\/www.ensembleinterface.com\/en\/files\/andrea100.jpg\" alt=\"Andrea Nagy\" width=\"100\" height=\"100\"><\/a><\/p>\n<p><a href=\"http:\/\/www.ensembleinterface.com\/de\/mathias\/\"><img loading=\"lazy\" decoding=\"async\" class=\"alignnone size-full wp-image-1445\" style=\"margin-left: 5px; margin-right: 5px;\" title=\"Christophe Mathias (Foto: S. Linndenbaum)\" src=\"http:\/\/www.ensembleinterface.com\/en\/files\/2012\/09\/Christophe-Mathias1.gif\" alt=\"\" width=\"100\" height=\"100\"><\/a><a href=\"http:\/\/www.ensembleinterface.com\/de\/koprowska-born\/\"><img loading=\"lazy\" decoding=\"async\" class=\"alignnone size-full wp-image-1401\" style=\"margin-left: 5px; margin-right: 5px;\" title=\"Agnieszka Koprowska-Born (Foto S. Linndenbaum)\" src=\"http:\/\/www.ensembleinterface.com\/en\/files\/2012\/09\/Agnieszka-Koprowska-Born1.gif\" alt=\"\" width=\"100\" height=\"100\"><\/a><a href=\"http:\/\/www.ensembleinterface.com\/de\/ueber_uns\/hannah-walter-violine\/\"><img loading=\"lazy\" decoding=\"async\" class=\"alignnone wp-image-5170\" style=\"margin-left: 5px; margin-right: 5px;\" src=\"http:\/\/www.ensembleinterface.com\/en\/files\/about\/hannah-walter-violin\/HannaH-Quadrat-\u00a9Jan-Rasmus-Voss.jpg\" alt=\"\" width=\"100\" height=\"100\"><\/a><\/p>\n<h2>Partners<\/h2>\n<h4><a href=\"http:\/\/www.ensembleinterface.com\/de\/kurt-dreyer-stage-coach\/\">Kurt Dreyer, Stage Coach<\/a><\/h4>\n","protected":false},"excerpt":{"rendered":"<p>Ensemble Interface, 2009 in Frankfurt\/Main gegr\u00fcndet, hat den Anspruch die aktuelle Musikszene mitzupr\u00e4gen. Das international besetzte &#8222;Pierrot -plus&#8220;- Sextett widmet sich mit feinem Klanggesp\u00fcr dem Repertoire des 20. und 21. Jahrhunderts und sieht gleichzeitig seine Aufgabe und Herausforderung darin, dieser klassischen Besetzung neue Perspektiven zu er\u00f6ffnen: mit Instrument, K\u00f6rper, Stimme, Elektronik. Georges Aperghis, Peter E\u00f6tv\u00f6s,&#8230;<\/p>\n<div class=\"read_more\"><a href=\"http:\/\/www.ensembleinterface.com\/de\/ueber_uns\/\">Read More<\/a><\/div>\n","protected":false},"author":1,"featured_media":0,"parent":0,"menu_order":0,"comment_status":"open","ping_status":"open","template":"fullwidth.php","meta":{"footnotes":""},"class_list":["post-43","page","type-page","status-publish","hentry"],"_links":{"self":[{"href":"http:\/\/www.ensembleinterface.com\/de\/wp-json\/wp\/v2\/pages\/43","targetHints":{"allow":["GET"]}}],"collection":[{"href":"http:\/\/www.ensembleinterface.com\/de\/wp-json\/wp\/v2\/pages"}],"about":[{"href":"http:\/\/www.ensembleinterface.com\/de\/wp-json\/wp\/v2\/types\/page"}],"author":[{"embeddable":true,"href":"http:\/\/www.ensembleinterface.com\/de\/wp-json\/wp\/v2\/users\/1"}],"replies":[{"embeddable":true,"href":"http:\/\/www.ensembleinterface.com\/de\/wp-json\/wp\/v2\/comments?post=43"}],"version-history":[{"count":41,"href":"http:\/\/www.ensembleinterface.com\/de\/wp-json\/wp\/v2\/pages\/43\/revisions"}],"predecessor-version":[{"id":4339,"href":"http:\/\/www.ensembleinterface.com\/de\/wp-json\/wp\/v2\/pages\/43\/revisions\/4339"}],"wp:attachment":[{"href":"http:\/\/www.ensembleinterface.com\/de\/wp-json\/wp\/v2\/media?parent=43"}],"curies":[{"name":"wp","href":"https:\/\/api.w.org\/{rel}","templated":true}]}}