{"id":4280,"date":"2020-04-22T16:34:44","date_gmt":"2020-04-22T16:34:44","guid":{"rendered":"http:\/\/www.ensembleinterface.com\/de\/?page_id=4280"},"modified":"2020-04-27T20:03:12","modified_gmt":"2020-04-27T20:03:12","slug":"instrumental-freak-show","status":"publish","type":"page","link":"http:\/\/www.ensembleinterface.com\/de\/projekte\/instrumental-freak-show\/","title":{"rendered":"INSTRUMENTAL FREAK SHOW"},"content":{"rendered":"\n<div style=\"height:20px\" aria-hidden=\"true\" class=\"wp-block-spacer\"><\/div>\n\n\n\n<p>Die&nbsp;<em>Instrumental freak show<\/em>&nbsp;ist ein Manifest \u00fcber Diversit\u00e4t.<\/p>\n\n\n\n<p>Giovanni Verrandos Werk f\u00fcr Stimme, transformierte und neu entwickelte Instrumente, Video, Staging und Elektronik, pr\u00e4sentiert eine eigent\u00fcmliche Vision des Klangs, die divergiert und verformt ist, weil sie das Ergebnis einer langen Forschung \u00fcber die Beziehung zwischen Lutherie und Klang ist. Dar\u00fcber hinaus geht das gesamte Projekt auf eine literarische Studie von Giovanni Verrando zur\u00fcck, die sich mit Freak-Shows, Minstrel-Shows, Dime Museen und Variet\u00e9 besch\u00e4ftigt. Die drei\u00dfig Minuten Musik sind in f\u00fcnf Episoden unterteilt, von denen jede einen eigent\u00fcmlichen Klang, eine spezifische Instrumentierung und einen bestimmten Charakter aufweist.&nbsp;&nbsp;<br>Die&nbsp;<em>Instrumental freak show<\/em>&nbsp;behandelt die Vielfalt als einen m\u00e4chtigen Motor der Welt. Jedes Agglomerat von Materie oder von Existenzen, jede Stadt kann als eine offene Freakshow betrachtet werden, in der wir die Missbildung anderer sch\u00e4tzen und dadurch reicher werden. Die Materialien und K\u00f6rper, mit denen wir in Kontakt kommen, sind m\u00f6gliche Quellen des Reichtums, wenn F\u00e4higkeit beobachtet wird, Wissen und Bewusstsein produziert wird. <br>So kann jede und jeder selbst zum Freak werden.&nbsp;<br>Du bist ein Freak, ich bin ein Freak.<\/p>\n\n\n\n<div class=\"wp-block-image\"><figure class=\"aligncenter size-large\"><img decoding=\"async\" src=\"http:\/\/www.ensembleinterface.com\/en\/files\/1_600Instrumental-Freak-Show_press-foto.jpg\" alt=\"\" class=\"wp-image-5103\"\/><\/figure><\/div>\n\n\n\n<p><em>Instrumental freak show<\/em>&nbsp;ist ein&nbsp;Kompositionsauftrag von Ensemble Interface, finanziert durch&nbsp;Ernst von Siemens Musikstiftung.<\/p>\n\n\n\n<figure class=\"wp-block-image size-large\"><img decoding=\"async\" src=\"http:\/\/www.ensembleinterface.com\/en\/files\/EvS.png\" alt=\"\" class=\"wp-image-5099\"\/><\/figure>\n\n\n\n<h3 class=\"wp-block-heading\"><strong>TEAM<\/strong><\/h3>\n\n\n\n<p>Komposition: Giovanni Verrando<br>Musik &amp; Produktion: Ensemble Interface<br>Stimme: Giulia Zaniboni<br>Video:&nbsp;Michele Innocente, Giovanni Verrando<br>B\u00fchne &amp; Lichtregie: Angelo Linzalata<br>Klangregie: Paolo Brandi<br>Instrumentenbauer: Andrea Tremolada<\/p>\n\n\n\n<p><\/p>\n\n\n\n<h3 class=\"wp-block-heading\"><strong>TERMINE<\/strong><\/h3>\n\n\n\n<p>2. Oktober 2020&nbsp;<br>Biennale Musica&nbsp;<br>Teatro alle Tese, Venedig, Italien&nbsp;<\/p>\n\n\n\n<p>23. November 2020&nbsp;<br>Festival Milano Musica&nbsp;<br>Teatro Elfo Puccini, Mailand, Italien&nbsp;<\/p>\n\n\n\n<div class=\"wp-block-image\"><figure class=\"aligncenter size-large\"><img decoding=\"async\" src=\"http:\/\/www.ensembleinterface.com\/en\/files\/2_600Lame-Daxophone.jpg\" alt=\"\" class=\"wp-image-5107\"\/><\/figure><\/div>\n","protected":false},"excerpt":{"rendered":"<p>Die&nbsp;Instrumental freak show&nbsp;ist ein Manifest \u00fcber Diversit\u00e4t. Giovanni Verrandos Werk f\u00fcr Stimme, transformierte und neu entwickelte Instrumente, Video, Staging und Elektronik, pr\u00e4sentiert eine eigent\u00fcmliche Vision des Klangs, die divergiert und verformt ist, weil sie das Ergebnis einer langen Forschung \u00fcber die Beziehung zwischen Lutherie und Klang ist. Dar\u00fcber hinaus geht das gesamte Projekt auf eine&#8230;<\/p>\n<div class=\"read_more\"><a href=\"http:\/\/www.ensembleinterface.com\/de\/projekte\/instrumental-freak-show\/\">Read More<\/a><\/div>\n","protected":false},"author":1,"featured_media":0,"parent":2821,"menu_order":0,"comment_status":"open","ping_status":"open","template":"fullwidth.php","meta":{"footnotes":""},"class_list":["post-4280","page","type-page","status-publish","hentry"],"_links":{"self":[{"href":"http:\/\/www.ensembleinterface.com\/de\/wp-json\/wp\/v2\/pages\/4280","targetHints":{"allow":["GET"]}}],"collection":[{"href":"http:\/\/www.ensembleinterface.com\/de\/wp-json\/wp\/v2\/pages"}],"about":[{"href":"http:\/\/www.ensembleinterface.com\/de\/wp-json\/wp\/v2\/types\/page"}],"author":[{"embeddable":true,"href":"http:\/\/www.ensembleinterface.com\/de\/wp-json\/wp\/v2\/users\/1"}],"replies":[{"embeddable":true,"href":"http:\/\/www.ensembleinterface.com\/de\/wp-json\/wp\/v2\/comments?post=4280"}],"version-history":[{"count":8,"href":"http:\/\/www.ensembleinterface.com\/de\/wp-json\/wp\/v2\/pages\/4280\/revisions"}],"predecessor-version":[{"id":4299,"href":"http:\/\/www.ensembleinterface.com\/de\/wp-json\/wp\/v2\/pages\/4280\/revisions\/4299"}],"up":[{"embeddable":true,"href":"http:\/\/www.ensembleinterface.com\/de\/wp-json\/wp\/v2\/pages\/2821"}],"wp:attachment":[{"href":"http:\/\/www.ensembleinterface.com\/de\/wp-json\/wp\/v2\/media?parent=4280"}],"curies":[{"name":"wp","href":"https:\/\/api.w.org\/{rel}","templated":true}]}}