{"id":4149,"date":"2019-09-17T17:02:21","date_gmt":"2019-09-17T17:02:21","guid":{"rendered":"http:\/\/www.ensembleinterface.com\/de\/?page_id=4149"},"modified":"2019-11-07T13:38:38","modified_gmt":"2019-11-07T13:38:38","slug":"atlatszo-hang-new-music-festival","status":"publish","type":"page","link":"http:\/\/www.ensembleinterface.com\/de\/agenda\/atlatszo-hang-new-music-festival\/","title":{"rendered":"\u00c1TL\u00c1TSZ\u00d3 HANG NEW MUSIC FESTIVAL"},"content":{"rendered":"<p><span style=\"color: #c0c0c0;\">Budapest | Zeneakad\u00e9mia Liszt Ferenc Academy of Music<\/span><br \/>\n<span style=\"color: #c0c0c0;\">9. Januar 2020 | 20:00 Uhr<\/span><\/p>\n<h3>PROGRAMM<\/h3>\n<p><strong>Ashley Fure<\/strong> &#8211; <em>Therefore I Was<\/em> (2012) (Ungarische EA)<br \/>\n<strong>Judit Varga<\/strong> &#8211; <em>Anamorphoses 02<\/em> (2019) (UA)<br \/>\n<strong>Bryan Ferneyhough<\/strong> &#8211; <em>Time and motion study I<\/em> (1971\/1977) (Ungarische EA)<br \/>\n<strong>Wojtek Blecharz<\/strong> &#8211; <em>Torpor<\/em> (2008) (Ungarische EA)<br \/>\n<strong>Marco Stroppa<\/strong> &#8211; <em>Osja. Sieben Strophen f\u00fcr einen literarischen Schmarotzer<\/em> (2005\/2008) (Ungarische EA)<\/p>\n<p><strong>Ensemble Interface<\/strong><br \/>\nAndrea Nagy, Klarinetten<br \/>\nJo\u00e3o Carlos Pacheco, Perkussion<br \/>\nAnna D\u2019Errico, Klavier<br \/>\nGeorgia Privitera, Violine<br \/>\nChristophe Mathias, Cello<\/p>\n<p>F\u00f6rderung durch das Goethe Institut<\/p>\n<p><a href=\"http:\/\/www.atlatszohang.hu\">mehr\u2026<\/a><\/p>\n<p><img loading=\"lazy\" decoding=\"async\" class=\"alignnone size-thumbnail wp-image-4696\" src=\"http:\/\/www.ensembleinterface.com\/en\/files\/agenda\/atlatszo-hang-new-music-festival\/2455B973-19ED-4E2C-83FD-B3E61F14A76B-150x150.jpg\" alt=\"\" width=\"150\" height=\"150\">&nbsp;<img loading=\"lazy\" decoding=\"async\" class=\"alignnone wp-image-4701 size-thumbnail\" src=\"http:\/\/www.ensembleinterface.com\/en\/files\/agenda\/atlatszo-hang-new-music-festival\/images-150x150.png\" alt=\"\" width=\"150\" height=\"150\"><\/p>\n","protected":false},"excerpt":{"rendered":"<p>Budapest | Zeneakad\u00e9mia Liszt Ferenc Academy of Music 9. Januar 2020 | 20:00 Uhr PROGRAMM Ashley Fure &#8211; Therefore I Was (2012) (Ungarische EA) Judit Varga &#8211; Anamorphoses 02 (2019) (UA) Bryan Ferneyhough &#8211; Time and motion study I (1971\/1977) (Ungarische EA) Wojtek Blecharz &#8211; Torpor (2008) (Ungarische EA) Marco Stroppa &#8211; Osja. Sieben Strophen&#8230;<\/p>\n<div class=\"read_more\"><a href=\"http:\/\/www.ensembleinterface.com\/de\/agenda\/atlatszo-hang-new-music-festival\/\">Read More<\/a><\/div>\n","protected":false},"author":1,"featured_media":0,"parent":47,"menu_order":0,"comment_status":"open","ping_status":"open","template":"fullwidthbio.php","meta":{"footnotes":""},"class_list":["post-4149","page","type-page","status-publish","hentry"],"_links":{"self":[{"href":"http:\/\/www.ensembleinterface.com\/de\/wp-json\/wp\/v2\/pages\/4149","targetHints":{"allow":["GET"]}}],"collection":[{"href":"http:\/\/www.ensembleinterface.com\/de\/wp-json\/wp\/v2\/pages"}],"about":[{"href":"http:\/\/www.ensembleinterface.com\/de\/wp-json\/wp\/v2\/types\/page"}],"author":[{"embeddable":true,"href":"http:\/\/www.ensembleinterface.com\/de\/wp-json\/wp\/v2\/users\/1"}],"replies":[{"embeddable":true,"href":"http:\/\/www.ensembleinterface.com\/de\/wp-json\/wp\/v2\/comments?post=4149"}],"version-history":[{"count":3,"href":"http:\/\/www.ensembleinterface.com\/de\/wp-json\/wp\/v2\/pages\/4149\/revisions"}],"predecessor-version":[{"id":4156,"href":"http:\/\/www.ensembleinterface.com\/de\/wp-json\/wp\/v2\/pages\/4149\/revisions\/4156"}],"up":[{"embeddable":true,"href":"http:\/\/www.ensembleinterface.com\/de\/wp-json\/wp\/v2\/pages\/47"}],"wp:attachment":[{"href":"http:\/\/www.ensembleinterface.com\/de\/wp-json\/wp\/v2\/media?parent=4149"}],"curies":[{"name":"wp","href":"https:\/\/api.w.org\/{rel}","templated":true}]}}