{"id":4094,"date":"2019-06-04T10:52:01","date_gmt":"2019-06-04T10:52:01","guid":{"rendered":"http:\/\/www.ensembleinterface.com\/de\/?page_id=4094"},"modified":"2019-06-04T10:53:10","modified_gmt":"2019-06-04T10:53:10","slug":"neue-klaenge-auf-dem-wanderweg","status":"publish","type":"page","link":"http:\/\/www.ensembleinterface.com\/de\/neue-klaenge-auf-dem-wanderweg\/","title":{"rendered":"NEUE KL\u00c4NGE AUF DEM WANDERWEG"},"content":{"rendered":"<p>Nach dem grossen Erfolg im letzten Jahr wird das Wandererlebnis Fl\u00f6tenweg in Oestrich-Winkel auch in diesem Jahr begleitet von musikalischen Interventionen und Installationen von und mit Klangk\u00fcnstler Hans van Koolwijk und dem Ensemble Interface. F\u00fcr tausend neugierige Besuchern, die sich enthusiastisch mit Klang und Experimentation besch\u00e4ftigen w\u00fcnschen! Gef\u00f6rdert vom Kulturfonds Frankfurt RheinMain.<\/p>\n<p>16. Juni 2019 | Oestrich-Winkel | Stand 11-12<br \/>\nPerformance \u2013 Installation \u2013 Interaktion<br \/>\nmit Ensemble Interface und Hans van Koolwijk<\/p>\n<p>Hans van Koolwijk<br \/>\n<em>Klangk\u00fcnstler<\/em><\/p>\n<p>Bettina Berger<br \/>\nAgnieszka Koprowska<br \/>\nAnna D\u2019Errico<br \/>\nAlex Hadjiev<br \/>\n<em>Performer<\/em><\/p>\n","protected":false},"excerpt":{"rendered":"<p>Nach dem grossen Erfolg im letzten Jahr wird das Wandererlebnis Fl\u00f6tenweg in Oestrich-Winkel auch in diesem Jahr begleitet von musikalischen Interventionen und Installationen von und mit Klangk\u00fcnstler Hans van Koolwijk und dem Ensemble Interface. F\u00fcr tausend neugierige Besuchern, die sich enthusiastisch mit Klang und Experimentation besch\u00e4ftigen w\u00fcnschen! Gef\u00f6rdert vom Kulturfonds Frankfurt RheinMain. 16. Juni 2019&#8230;<\/p>\n<div class=\"read_more\"><a href=\"http:\/\/www.ensembleinterface.com\/de\/neue-klaenge-auf-dem-wanderweg\/\">Read More<\/a><\/div>\n","protected":false},"author":1,"featured_media":0,"parent":0,"menu_order":0,"comment_status":"open","ping_status":"open","template":"fullwidthbio.php","meta":{"footnotes":""},"class_list":["post-4094","page","type-page","status-publish","hentry"],"_links":{"self":[{"href":"http:\/\/www.ensembleinterface.com\/de\/wp-json\/wp\/v2\/pages\/4094","targetHints":{"allow":["GET"]}}],"collection":[{"href":"http:\/\/www.ensembleinterface.com\/de\/wp-json\/wp\/v2\/pages"}],"about":[{"href":"http:\/\/www.ensembleinterface.com\/de\/wp-json\/wp\/v2\/types\/page"}],"author":[{"embeddable":true,"href":"http:\/\/www.ensembleinterface.com\/de\/wp-json\/wp\/v2\/users\/1"}],"replies":[{"embeddable":true,"href":"http:\/\/www.ensembleinterface.com\/de\/wp-json\/wp\/v2\/comments?post=4094"}],"version-history":[{"count":2,"href":"http:\/\/www.ensembleinterface.com\/de\/wp-json\/wp\/v2\/pages\/4094\/revisions"}],"predecessor-version":[{"id":4097,"href":"http:\/\/www.ensembleinterface.com\/de\/wp-json\/wp\/v2\/pages\/4094\/revisions\/4097"}],"wp:attachment":[{"href":"http:\/\/www.ensembleinterface.com\/de\/wp-json\/wp\/v2\/media?parent=4094"}],"curies":[{"name":"wp","href":"https:\/\/api.w.org\/{rel}","templated":true}]}}