{"id":4088,"date":"2019-05-23T11:51:01","date_gmt":"2019-05-23T11:51:01","guid":{"rendered":"http:\/\/www.ensembleinterface.com\/de\/?page_id=4088"},"modified":"2019-05-23T11:51:56","modified_gmt":"2019-05-23T11:51:56","slug":"floetenweg","status":"publish","type":"page","link":"http:\/\/www.ensembleinterface.com\/de\/agenda\/floetenweg\/","title":{"rendered":"FL\u00d6TENWEG"},"content":{"rendered":"<p>16. Juni 2019 | Oestrich-Winkel<br \/>\nPerformance \u2013 Installation \u2013 Interaktion<br \/>\nmit Ensemble Interface und Hans van Koolwijk<\/p>\n<p>Die j\u00e4hrliche Fl\u00f6tenwanderung in Oestrich-Winkel wird begleitet von musikalischen Interventionen und Installationen von und mit Klangk\u00fcnstler Hans van Koolwijk und dem Ensemble Interface. F\u00fcr tausend neugierige Besuchern, die sich enthusiastisch mit Klang und Experimentation besch\u00e4ftigen w\u00fcnschen! Eine Initiative des Kulturfonds Frankfurt RheinMain.<\/p>\n<p>Hans van Koolwijk<br \/>\n<em>Klangk\u00fcnstler<\/em><\/p>\n<p>Bettina Berger<br \/>\nAgnieszka Koprowska<br \/>\nAnna D\u2019Errico<br \/>\nAlex Hadjiev<br \/>\n<em>Performer<\/em><\/p>\n","protected":false},"excerpt":{"rendered":"<p>16. Juni 2019 | Oestrich-Winkel Performance \u2013 Installation \u2013 Interaktion mit Ensemble Interface und Hans van Koolwijk Die j\u00e4hrliche Fl\u00f6tenwanderung in Oestrich-Winkel wird begleitet von musikalischen Interventionen und Installationen von und mit Klangk\u00fcnstler Hans van Koolwijk und dem Ensemble Interface. F\u00fcr tausend neugierige Besuchern, die sich enthusiastisch mit Klang und Experimentation besch\u00e4ftigen w\u00fcnschen! Eine Initiative&#8230;<\/p>\n<div class=\"read_more\"><a href=\"http:\/\/www.ensembleinterface.com\/de\/agenda\/floetenweg\/\">Read More<\/a><\/div>\n","protected":false},"author":1,"featured_media":0,"parent":47,"menu_order":0,"comment_status":"open","ping_status":"open","template":"fullwidthbio.php","meta":{"footnotes":""},"class_list":["post-4088","page","type-page","status-publish","hentry"],"_links":{"self":[{"href":"http:\/\/www.ensembleinterface.com\/de\/wp-json\/wp\/v2\/pages\/4088","targetHints":{"allow":["GET"]}}],"collection":[{"href":"http:\/\/www.ensembleinterface.com\/de\/wp-json\/wp\/v2\/pages"}],"about":[{"href":"http:\/\/www.ensembleinterface.com\/de\/wp-json\/wp\/v2\/types\/page"}],"author":[{"embeddable":true,"href":"http:\/\/www.ensembleinterface.com\/de\/wp-json\/wp\/v2\/users\/1"}],"replies":[{"embeddable":true,"href":"http:\/\/www.ensembleinterface.com\/de\/wp-json\/wp\/v2\/comments?post=4088"}],"version-history":[{"count":3,"href":"http:\/\/www.ensembleinterface.com\/de\/wp-json\/wp\/v2\/pages\/4088\/revisions"}],"predecessor-version":[{"id":4091,"href":"http:\/\/www.ensembleinterface.com\/de\/wp-json\/wp\/v2\/pages\/4088\/revisions\/4091"}],"up":[{"embeddable":true,"href":"http:\/\/www.ensembleinterface.com\/de\/wp-json\/wp\/v2\/pages\/47"}],"wp:attachment":[{"href":"http:\/\/www.ensembleinterface.com\/de\/wp-json\/wp\/v2\/media?parent=4088"}],"curies":[{"name":"wp","href":"https:\/\/api.w.org\/{rel}","templated":true}]}}