{"id":4069,"date":"2019-04-13T10:03:53","date_gmt":"2019-04-13T10:03:53","guid":{"rendered":"http:\/\/www.ensembleinterface.com\/de\/?page_id=4069"},"modified":"2019-12-25T11:22:36","modified_gmt":"2019-12-25T11:22:36","slug":"big-orchestra_klangmobil","status":"publish","type":"page","link":"http:\/\/www.ensembleinterface.com\/de\/agenda\/big-orchestra_klangmobil\/","title":{"rendered":"BIG ORCHESTRA_KLANGM\u00d8BIL"},"content":{"rendered":"<p>22. Juni 2019<br \/>\nSchirn Kunsthalle Frankfurt<\/p>\n<p><strong>ein Projekt von und mit<\/strong><\/p>\n<p>Ensemble Interface<\/p>\n<p>Hans van Koolwijk<br \/>\n<em>Klangk\u00fcnstler<\/em><\/p>\n<p>Beat Gysin<br \/>\nSergey Khismatov<br \/>\nAmir Shpilman<br \/>\n<em>Komponisten<\/em><\/p>\n<p>Bettina Berger<br \/>\nRoberto Dani<br \/>\nAnna D\u2019Errico<br \/>\n<em>Performer<\/em><\/p>\n<p><strong>klangm\u00f8bil<\/strong> sch\u00f6pft aus den Synergien dieses reichen Potentials an Wissen und Erfahrung: Die Beteiligten entwickeln im intensivem Austausch eine Klang-Skulptur, welche die physikalischen Grundlagen der Klang-Produktion erforscht und mit dessen Reflektions- und Bewegungsm\u00f6glichkeiten experimentiert. Das Instrument wird explizit in ihren Spezialgebieten, den analogen und physischen Kunstfertigkeiten, erschaffen und nicht elektronisch verarbeitet oder ver\u00e4ndert. Es ist \u201eMusik zum Anfassen\u201c.<br \/>\nBei der Entwicklung des Klangk\u00f6rpers spielt nebst klanglichen Faktoren auch der visuelle Aspekt eine Rolle. In seiner verspielten Form wird er auch als visuelles Kunstwerk mit Andeutungen zu Bewegungs- und Bearbeitungsm\u00f6glichkeiten und potentiellen akustischen Erfahrungen bestehen k\u00f6nnen. Das \u201eInstrument-Objekt\u201c wird demnach nicht nur in Konzerts\u00e4len und auf Theaterb\u00fchnen zu Gast sein, sondern auch in Museen gezeigt und bespielt werden.<\/p>\n<p><strong>BIG ORCHESTRA<\/strong><\/p>\n<p>19. Juni &#8211; 8. September 2019<br \/>\nSchirn Kunsthalle Frankfurt<\/p>\n<p>Matthias Ulrich, Schirn Kunsthalle Frankfurt, Kurator<\/p>\n<p>Sound ist ein zentraler Bestandteil der zeitgen\u00f6ssischen Kunst. Dennoch stehen Musikinstrumente, die gleichsam Skulpturen sind, f\u00fcr eine noch relativ unbekannte, junge Entwicklung in der Gegenwartskunst. In einer international besetzten Gruppenausstellung pr\u00e4sentiert die Schirn Kunsthalle Frankfurt k\u00fcnstlerische Arbeiten, denen gleichzeitig die Funktion von Musikinstrumenten innewohnt, von Doug Aitken, Nevin Alada\u011f, Jennifer Allora &amp; Guillermo Calzadilla, Carlos Amorales, Tarek Atoui, Cevdet Erek, Guillermo Galindo, Hans van Koolwijk, Constantin Luser, Christian Marclay, Caroline Mesquita, Rie Nakajima, Carsten Nicolai, Pedro Reyes, Naama Tsabar und David Zink Yi. Das Spiel auf den skulpturalen Instrumenten steht im Mittelpunkt der in st\u00e4ndiger Ver\u00e4nderung begriffenen Ausstellung. W\u00e4hrend der Laufzeit wird die Schirn tempor\u00e4r zu einem Konzertsaal, in dem die Arbeiten aktiviert und zum Klingen gebracht werden.<\/p>\n<p><em>Background image: KlangM\u00f8bil#4_Big Orchestra, \u00a9 Schirn Kunsthalle Frankfurt, 2019, Foto: Marc Krause<\/em><\/p>\n<p><a href=\"https:\/\/www.schirn.de\/ausstellungen\/2019\/big_orchestra\/\">mehr&#8230;<\/a><\/p>\n","protected":false},"excerpt":{"rendered":"<p>22. Juni 2019 Schirn Kunsthalle Frankfurt ein Projekt von und mit Ensemble Interface Hans van Koolwijk Klangk\u00fcnstler Beat Gysin Sergey Khismatov Amir Shpilman Komponisten Bettina Berger Roberto Dani Anna D\u2019Errico Performer klangm\u00f8bil sch\u00f6pft aus den Synergien dieses reichen Potentials an Wissen und Erfahrung: Die Beteiligten entwickeln im intensivem Austausch eine Klang-Skulptur, welche die physikalischen Grundlagen&#8230;<\/p>\n<div class=\"read_more\"><a href=\"http:\/\/www.ensembleinterface.com\/de\/agenda\/big-orchestra_klangmobil\/\">Read More<\/a><\/div>\n","protected":false},"author":1,"featured_media":0,"parent":47,"menu_order":0,"comment_status":"open","ping_status":"open","template":"fullwidthbio.php","meta":{"footnotes":""},"class_list":["post-4069","page","type-page","status-publish","hentry"],"_links":{"self":[{"href":"http:\/\/www.ensembleinterface.com\/de\/wp-json\/wp\/v2\/pages\/4069","targetHints":{"allow":["GET"]}}],"collection":[{"href":"http:\/\/www.ensembleinterface.com\/de\/wp-json\/wp\/v2\/pages"}],"about":[{"href":"http:\/\/www.ensembleinterface.com\/de\/wp-json\/wp\/v2\/types\/page"}],"author":[{"embeddable":true,"href":"http:\/\/www.ensembleinterface.com\/de\/wp-json\/wp\/v2\/users\/1"}],"replies":[{"embeddable":true,"href":"http:\/\/www.ensembleinterface.com\/de\/wp-json\/wp\/v2\/comments?post=4069"}],"version-history":[{"count":5,"href":"http:\/\/www.ensembleinterface.com\/de\/wp-json\/wp\/v2\/pages\/4069\/revisions"}],"predecessor-version":[{"id":4204,"href":"http:\/\/www.ensembleinterface.com\/de\/wp-json\/wp\/v2\/pages\/4069\/revisions\/4204"}],"up":[{"embeddable":true,"href":"http:\/\/www.ensembleinterface.com\/de\/wp-json\/wp\/v2\/pages\/47"}],"wp:attachment":[{"href":"http:\/\/www.ensembleinterface.com\/de\/wp-json\/wp\/v2\/media?parent=4069"}],"curies":[{"name":"wp","href":"https:\/\/api.w.org\/{rel}","templated":true}]}}