{"id":4064,"date":"2019-04-13T09:45:12","date_gmt":"2019-04-13T09:45:12","guid":{"rendered":"http:\/\/www.ensembleinterface.com\/de\/?page_id=4064"},"modified":"2019-12-22T17:39:31","modified_gmt":"2019-12-22T17:39:31","slug":"big-orchestra-workshop","status":"publish","type":"page","link":"http:\/\/www.ensembleinterface.com\/de\/agenda\/big-orchestra-workshop\/","title":{"rendered":"BIG ORCHESTRA WORKSHOP"},"content":{"rendered":"<p>2009 in Frankfurt\/ M. gegr\u00fcndet, widmet sich das international besetzte Ensemble Interface mit feinem Klanggesp\u00fcr dem Repertoire des 20. und 21. Jahrhunderts, und sieht gleichzeitig die Aufgabe und Herausforderung darin, seiner klassischen Besetzung neue Perspektiven zu er\u00f6ffnen: mit Instrument, K\u00f6rper, Stimme, Elektronik. Risiko- und experimentierfreudig tritt das Ensemble Interface in Dialog mit bestehenden und neuen Werken, mit Komponisten, Regisseuren, Schriftstellern und anderen k\u00fcnstlerischen Partnern sowie dem Publikum.<br \/>\nIm Rahmen von BIG ORCHESTRA werden f\u00fcnf Musiker\/innen des Ensemble Interface innerhalb mehrt\u00e4giger Arbeitsphasen zwei Auff\u00fchrungen erarbeiten. Daf\u00fcr werden Musiker\/innen verschiedener Altersklassen und Ausbildungsstufen, aber auch neugierige Laien gesucht, die daran interessiert sind, innerhalb dieser Formate mit den Werken der Ausstellung eine experimentelle Performance zu erarbeiten.<\/p>\n<p><span style=\"color: #c0c0c0;\"><strong>Kurs 1 unter der Leitung von Bettina Berger, Agnieszka Koprowska-Born und Roberto Dani<\/strong><\/span><br \/>\n<span style=\"color: #c0c0c0;\">Termin: 6.\u20137. Juli 2019<\/span><\/p>\n<p>Innerhalb des zweit\u00e4gigen Arbeitsprozesses erarbeitet eine Gruppe von 8 bis 10 Erwachsenen gemeinsam mit den drei Musiker\/innen des Ensemble Interface eine interdisziplin\u00e4re Performance mit den Objekten der Ausstellung. Das Format richtet sich ebenso an interessierte Laien wie Studierende der Musikhochschule Frankfurt aus den Bereichen Instrumentalmusik, Gesang, Schauspiel, Komposition, Tanz und Choreographie. Die unterschiedlichen Hintergr\u00fcnde, Ans\u00e4tze und Erfahrungshorizonte innerhalb der Gruppe pr\u00e4gen diesen Kurs, in dem neben dem praktischen Experimentieren und Entwickeln einer kurzen Auff\u00fchrung auch Raum zur gemeinsamen Reflexion und Diskussion bleibt.<\/p>\n<p><span style=\"color: #c0c0c0;\"><strong>Kurs 2 unter der Leitung von Andrea Nagy und Christophe Mathias<\/strong><\/span><br \/>\n<span style=\"color: #c0c0c0;\">Termin: 9.\u201311. Juli 2019<\/span><\/p>\n<p>Sechs bis acht Kompositions- und Instrumentalstudierende der Hochschule f\u00fcr Musik und Darstellende Kunst Frankfurt sind eingeladen, gemeinsam mit zwei Musiker\/innen des Ensemble Interface an drei aufeinanderfolgenden Tagen in der Ausstellung Big Orchestra zusammenzuarbeiten: F\u00fcr die ausgestellten Werke sollen St\u00fccke geschrieben und im Anschluss aufgef\u00fchrt werden. Im Laufe des Prozess erarbeitet diese Gruppe zusammen ein Repertoire an Kl\u00e4ngen, auf deren Basis verschiedene Kompositionen entworfen werden, die zum Schluss zur Auff\u00fchrung gelangen.<\/p>\n<p><em>Background image: KlangM\u00f8bil#4_Big Orchestra, \u00a9 Schirn Kunsthalle Frankfurt, 2019, Foto: Marc Krause<\/em><\/p>\n<p><a href=\"https:\/\/www.schirn.de\/ausstellungen\/2019\/big_orchestra\/\" target=\"_blank\" rel=\"noopener\">Mehr\u2026<\/a><\/p>\n","protected":false},"excerpt":{"rendered":"<p>2009 in Frankfurt\/ M. gegr\u00fcndet, widmet sich das international besetzte Ensemble Interface mit feinem Klanggesp\u00fcr dem Repertoire des 20. und 21. Jahrhunderts, und sieht gleichzeitig die Aufgabe und Herausforderung darin, seiner klassischen Besetzung neue Perspektiven zu er\u00f6ffnen: mit Instrument, K\u00f6rper, Stimme, Elektronik. Risiko- und experimentierfreudig tritt das Ensemble Interface in Dialog mit bestehenden und neuen&#8230;<\/p>\n<div class=\"read_more\"><a href=\"http:\/\/www.ensembleinterface.com\/de\/agenda\/big-orchestra-workshop\/\">Read More<\/a><\/div>\n","protected":false},"author":1,"featured_media":0,"parent":47,"menu_order":0,"comment_status":"open","ping_status":"open","template":"fullwidthbio.php","meta":{"footnotes":""},"class_list":["post-4064","page","type-page","status-publish","hentry"],"_links":{"self":[{"href":"http:\/\/www.ensembleinterface.com\/de\/wp-json\/wp\/v2\/pages\/4064","targetHints":{"allow":["GET"]}}],"collection":[{"href":"http:\/\/www.ensembleinterface.com\/de\/wp-json\/wp\/v2\/pages"}],"about":[{"href":"http:\/\/www.ensembleinterface.com\/de\/wp-json\/wp\/v2\/types\/page"}],"author":[{"embeddable":true,"href":"http:\/\/www.ensembleinterface.com\/de\/wp-json\/wp\/v2\/users\/1"}],"replies":[{"embeddable":true,"href":"http:\/\/www.ensembleinterface.com\/de\/wp-json\/wp\/v2\/comments?post=4064"}],"version-history":[{"count":2,"href":"http:\/\/www.ensembleinterface.com\/de\/wp-json\/wp\/v2\/pages\/4064\/revisions"}],"predecessor-version":[{"id":4202,"href":"http:\/\/www.ensembleinterface.com\/de\/wp-json\/wp\/v2\/pages\/4064\/revisions\/4202"}],"up":[{"embeddable":true,"href":"http:\/\/www.ensembleinterface.com\/de\/wp-json\/wp\/v2\/pages\/47"}],"wp:attachment":[{"href":"http:\/\/www.ensembleinterface.com\/de\/wp-json\/wp\/v2\/media?parent=4064"}],"curies":[{"name":"wp","href":"https:\/\/api.w.org\/{rel}","templated":true}]}}