{"id":4045,"date":"2019-02-14T10:10:38","date_gmt":"2019-02-14T10:10:38","guid":{"rendered":"http:\/\/www.ensembleinterface.com\/de\/?page_id=4045"},"modified":"2019-11-25T19:24:18","modified_gmt":"2019-11-25T19:24:18","slug":"requiem-fuer-einen-lebenden","status":"publish","type":"page","link":"http:\/\/www.ensembleinterface.com\/de\/agenda\/requiem-fuer-einen-lebenden\/","title":{"rendered":"REQUIEM F\u00dcR EINEN LEBENDEN"},"content":{"rendered":"<p><img loading=\"lazy\" decoding=\"async\" class=\"alignright size-medium wp-image-4688\" src=\"http:\/\/www.ensembleinterface.com\/en\/files\/Requiem-fuer-einen-Lebenden_c-W.-Hoesl-3-300x200.jpg\" alt=\"\" width=\"300\" height=\"200\">Musiktheater f\u00fcr drei Darsteller, Ensemble und Live-Elektronik<\/p>\n<p><span style=\"color: #c0c0c0;\">21.&nbsp;Juli 2019 | 20:00 <em>Urauff\u00fchrung<\/em><br \/>\n<\/span><span style=\"color: #c0c0c0;\">22.&nbsp;Juli 2019 | 20:00<br \/>\n23.&nbsp;Juli 2019 | 20:00<br \/>\n24. Juli 2019 | 20:00<br \/>\n<\/span><span style=\"color: #c0c0c0;\">Festival Studio 2019 | Reithalle M\u00fcnchen<\/span><br \/>\n<span style=\"color: #c0c0c0;\"><em>Eine Produktion der Bayerischen Staatsoper<\/em><\/span><\/p>\n<p>In der Todeszelle h\u00f6rt die Zeit auf zu vergehen. Die Todeszelle ist ein Wartezimmer. Es gibt kein Fortschreiten der Zeit, nur Stillstand. Routinen gliedern den unbestimmten Schwebezustand zwischen der Urteilsverk\u00fcndung und dessen Vollstreckung. Der Komponist Felix Leuschner, der Librettist Reto Finger und der Regisseur Manuel Schmitt sind zusammen f\u00fcr eine Recherche nach Texas gereist, um sich der Lebenssituation eines zum Tode Verurteilten zu n\u00e4hern. Seit \u00fcber 13 Jahren ist der wegen Mordes Verurteilte von Gesellschaft, Umwelt und Familie isoliert und wartet auf seinen staatlich verordneten Tod. Aus diesen Eindr\u00fccken entsteht ein St\u00fcck f\u00fcr zwei S\u00e4ngerinnen und einen Schauspieler, das gepr\u00e4gt ist von pers\u00f6nlichen Begegnungen mit Betroffenen und den unterschiedlichen Lebensrealit\u00e4ten von Menschen auf beiden Seiten der Gitterst\u00e4be. Die Inszenierung wird Fragen nach dem Verst\u00e4ndnis von Freiheit und gesellschaftlichem Zusammenleben aufwerfen und visuelle, akustische und gedankliche Einblicke in die emotionale Reise des Projektteams geben.<\/p>\n<p><span style=\"color: #c0c0c0;\">Libretto von Reto Finger<\/span><br \/>\n<span style=\"color: #c0c0c0;\">Komposition: Felix Leuschner<\/span><br \/>\n<span style=\"color: #c0c0c0;\">Konzept und Regie: Manuel Schmitt<\/span><br \/>\n<span style=\"color: #c0c0c0;\">B\u00fchne: Daniel Angermayr<\/span><br \/>\n<span style=\"color: #c0c0c0;\">Licht: Christian Kass<\/span><br \/>\n<span style=\"color: #c0c0c0;\">Dramaturgie: Benedikt Stampfli<\/span><\/p>\n<p><span style=\"color: #c0c0c0;\">Salome Kammer, Sopran<br \/>\nAdriana Bastidas-Gamboa, Sopran<br \/>\nBen Daniel J\u00f6hnk, Sprecher<\/span><\/p>\n<p><span style=\"color: #c0c0c0;\"><strong>Ensemble Interface<\/strong><\/span><br \/>\n<span style=\"color: #c0c0c0;\">Bettina Berger, Fl\u00f6ten<\/span><br \/>\n<span style=\"color: #c0c0c0;\">Andrea Nagy, Klarinetten<\/span><br \/>\n<span style=\"color: #c0c0c0;\">Joao Pacheco, Perkussion<\/span><br \/>\n<span style=\"color: #c0c0c0;\">Anna D\u2019Errico, Keyboards<\/span><br \/>\n<span style=\"color: #c0c0c0;\">HannaH Walter, Violine<\/span><br \/>\n<span style=\"color: #c0c0c0;\">Christophe Mathias, Cello<\/span><br \/>\n<span style=\"color: #c0c0c0;\">Armando Merino Alcalde, Dirigent<\/span><\/p>\n<p><span style=\"color: #c0c0c0;\">Live-Elektronik Felix Leuschner<\/span><\/p>\n<p><em>Background image:&nbsp;Glass Between Us, 2017 (c) Manuel Schmitt<\/em><\/p>\n<p><a href=\"https:\/\/www.staatsoper.de\/festspielwerkstatt.html#c12797\">Mehr\u2026<\/a><\/p>\n<p><img loading=\"lazy\" decoding=\"async\" class=\"alignnone size-medium wp-image-4477\" src=\"http:\/\/www.ensembleinterface.com\/en\/files\/agenda\/requiem-fur-einen-lebenden\/logo-bs-desktop-big-300x69.png\" alt=\"\" width=\"300\" height=\"69\"><\/p>\n","protected":false},"excerpt":{"rendered":"<p>Musiktheater f\u00fcr drei Darsteller, Ensemble und Live-Elektronik 21.&nbsp;Juli 2019 | 20:00 Urauff\u00fchrung 22.&nbsp;Juli 2019 | 20:00 23.&nbsp;Juli 2019 | 20:00 24. Juli 2019 | 20:00 Festival Studio 2019 | Reithalle M\u00fcnchen Eine Produktion der Bayerischen Staatsoper In der Todeszelle h\u00f6rt die Zeit auf zu vergehen. Die Todeszelle ist ein Wartezimmer. Es gibt kein Fortschreiten der&#8230;<\/p>\n<div class=\"read_more\"><a href=\"http:\/\/www.ensembleinterface.com\/de\/agenda\/requiem-fuer-einen-lebenden\/\">Read More<\/a><\/div>\n","protected":false},"author":1,"featured_media":0,"parent":47,"menu_order":0,"comment_status":"open","ping_status":"open","template":"fullwidthbio.php","meta":{"footnotes":""},"class_list":["post-4045","page","type-page","status-publish","hentry"],"_links":{"self":[{"href":"http:\/\/www.ensembleinterface.com\/de\/wp-json\/wp\/v2\/pages\/4045","targetHints":{"allow":["GET"]}}],"collection":[{"href":"http:\/\/www.ensembleinterface.com\/de\/wp-json\/wp\/v2\/pages"}],"about":[{"href":"http:\/\/www.ensembleinterface.com\/de\/wp-json\/wp\/v2\/types\/page"}],"author":[{"embeddable":true,"href":"http:\/\/www.ensembleinterface.com\/de\/wp-json\/wp\/v2\/users\/1"}],"replies":[{"embeddable":true,"href":"http:\/\/www.ensembleinterface.com\/de\/wp-json\/wp\/v2\/comments?post=4045"}],"version-history":[{"count":7,"href":"http:\/\/www.ensembleinterface.com\/de\/wp-json\/wp\/v2\/pages\/4045\/revisions"}],"predecessor-version":[{"id":4191,"href":"http:\/\/www.ensembleinterface.com\/de\/wp-json\/wp\/v2\/pages\/4045\/revisions\/4191"}],"up":[{"embeddable":true,"href":"http:\/\/www.ensembleinterface.com\/de\/wp-json\/wp\/v2\/pages\/47"}],"wp:attachment":[{"href":"http:\/\/www.ensembleinterface.com\/de\/wp-json\/wp\/v2\/media?parent=4045"}],"curies":[{"name":"wp","href":"https:\/\/api.w.org\/{rel}","templated":true}]}}