{"id":3978,"date":"2018-03-25T19:17:11","date_gmt":"2018-03-25T19:17:11","guid":{"rendered":"http:\/\/www.ensembleinterface.com\/de\/?page_id=3978"},"modified":"2018-03-25T20:00:32","modified_gmt":"2018-03-25T20:00:32","slug":"zwei-urauffuehrungen-bei-dem-festival-bridges-wien","status":"publish","type":"page","link":"http:\/\/www.ensembleinterface.com\/de\/zwei-urauffuehrungen-bei-dem-festival-bridges-wien\/","title":{"rendered":"ZWEI URAUFF\u00dcHRUNGEN BEI DEM FESTIVAL BRIDGES WIEN"},"content":{"rendered":"<p>Mit zwei Urauff\u00fchrungen und einem Fokus auf neue Musik aus \u00d6sterreich tritt das Ensemble Interface am 15. April bei dem Festival <a href=\"https:\/\/konzerthaus.at\/de\/bridges\" target=\"_blank\" rel=\"noopener\">\u00abBridges\u00bb<\/a> in Wiener Konzerthaus ein.<br \/>\nDas Konzept von \u00abBridges\u00bb besteht darin, Ensembles aus dem n\u00e4heren und ferneren Ausland nach Wien zu bringen, um hier neue Musik \u00f6sterreichischer Provenienz (im weitesten Sinn) zu pr\u00e4sentieren. Von diesem Br\u00fcckenschlag und schwunghaften Freihandel k\u00f6nnen produzierende und reproduzierende Musikerinnen und Musiker gleicherma\u00dfen profitieren \u2013 vor allem aber das Publikum. Programmatisch reicht der Bogen von der Musik der Wiener Schule bis hin zu Urauff\u00fchrungen neuester Kompositionen. Werke von Arturo Fuentes, Klaus Lang, Pierluigi Billone und Bernhard Gander sind an je zwei Abenden zu h\u00f6ren, Johannes Maria Staud, der derzeit wohl erfolgreichste \u00f6sterreichische Komponist seiner Generation, ist sogar an allen drei Abenden vertreten.<\/p>\n<p><a href=\"https:\/\/soundcloud.com\/alexanderkaiser-1\" target=\"_blank\" rel=\"noopener\">Alexander Kaiser<\/a> und <a href=\"https:\/\/soundcloud.com\/javier-quislant\" target=\"_blank\" rel=\"noopener\">Javier Quislant Garc\u00eda<\/a> \u00fcber den neuen St\u00fccken:<br \/>\n<div class=\"two_third\">\n<h4>go in and you\u2019ll never come out<\/h4>\n<blockquote><p>\u201cIn dieser Kompostion stehen sich zwei klangliche Zentren gegen\u00fcber. Eines statisch, mechanisch, kaputt. \u00c4hnlich einer knarrenden, mit all ihren Teilen aneinander reibenden Maschine. Das andere hektisch, wild, aufgew\u00fchlt. Eine Schichtung mehrerer unabh\u00e4ngiger Linien, welche zusammen einen fortlaufenden, nach vorw\u00e4rts dr\u00e4ngenden Strom bilden. Beiden liegt die Idee einer immer wieder aufs neue wiederkehrenden, verf\u00e4lschten Wiederholung zu Grunde, die teils geradlinig, teils verflochten zum Vorschein kommt. Die zwei Klangbilder versuchen sich dabei st\u00e4ndig gegen\u00fcber dem anderen zu behaupten. Ausgang ungewiss\u2026\u201d _ Alexander Kaiser<\/p><\/blockquote>\n<\/div><div class=\"one_third last\"><a href=\"https:\/\/soundcloud.com\/alexanderkaiser-1\"><img loading=\"lazy\" decoding=\"async\" class=\"alignright wp-image-4349\" src=\"http:\/\/www.ensembleinterface.com\/en\/files\/two-world-premieres-at-festival-bridges-vienna\/Alexander_Kaiser-217x300.jpg\" alt=\"\" width=\"160\" height=\"221\" \/><\/a><\/div><br \/>\n<div class=\"two_third\">\n<h4>Tornasolando el flanco<\/h4>\n<blockquote><p>\u201cDie verzerrte Natur des Klanges ist der Ausgangspunkt f\u00fcr die formale Konzeption des St\u00fcckes. In dieser Arbeit ist die Konzeption der Natur des Klanges (etwa wie in Klangkategorien konzipiert) mit der formalen Konzeption (Erz\u00e4hlen im Stillstand) eng verbunden. Von einem Klang, der durch die Thematisierung seiner spezifischen Eigenschaften gepr\u00e4gt ist, wird ein neuer Klang in einem wechselsch\u00e4ften Raum sich projiziert. Es sind neue Details und Ebenen entdeckt. Es handelt um ein Prozess der Unterbrochenes, welche im Gegensatz zur das entwickelten musikalischen Material, erscheint immer offensichtlicher, und wird thematisiert, bis sie sich schlie\u00dflich in Form einer abrupten Genese zeigt.\u201d _ Javier Quislant Garc\u00eda<\/p><\/blockquote>\n<\/div><div class=\"one_third last\"><a href=\"https:\/\/soundcloud.com\/javier-quislant\"><img loading=\"lazy\" decoding=\"async\" class=\"alignright wp-image-4348\" src=\"http:\/\/www.ensembleinterface.com\/en\/files\/two-world-premieres-at-festival-bridges-vienna\/Javier_Quislant-200x300.jpg\" alt=\"\" width=\"160\" height=\"240\" \/><\/a><\/div><\/p>\n","protected":false},"excerpt":{"rendered":"<p>Mit zwei Urauff\u00fchrungen und einem Fokus auf neue Musik aus \u00d6sterreich tritt das Ensemble Interface am 15. April bei dem Festival \u00abBridges\u00bb in Wiener Konzerthaus ein. Das Konzept von \u00abBridges\u00bb besteht darin, Ensembles aus dem n\u00e4heren und ferneren Ausland nach Wien zu bringen, um hier neue Musik \u00f6sterreichischer Provenienz (im weitesten Sinn) zu pr\u00e4sentieren. Von&#8230;<\/p>\n<div class=\"read_more\"><a href=\"http:\/\/www.ensembleinterface.com\/de\/zwei-urauffuehrungen-bei-dem-festival-bridges-wien\/\">Read More<\/a><\/div>\n","protected":false},"author":1,"featured_media":0,"parent":0,"menu_order":0,"comment_status":"closed","ping_status":"closed","template":"fullwidth.php","meta":{"footnotes":""},"class_list":["post-3978","page","type-page","status-publish","hentry"],"_links":{"self":[{"href":"http:\/\/www.ensembleinterface.com\/de\/wp-json\/wp\/v2\/pages\/3978","targetHints":{"allow":["GET"]}}],"collection":[{"href":"http:\/\/www.ensembleinterface.com\/de\/wp-json\/wp\/v2\/pages"}],"about":[{"href":"http:\/\/www.ensembleinterface.com\/de\/wp-json\/wp\/v2\/types\/page"}],"author":[{"embeddable":true,"href":"http:\/\/www.ensembleinterface.com\/de\/wp-json\/wp\/v2\/users\/1"}],"replies":[{"embeddable":true,"href":"http:\/\/www.ensembleinterface.com\/de\/wp-json\/wp\/v2\/comments?post=3978"}],"version-history":[{"count":3,"href":"http:\/\/www.ensembleinterface.com\/de\/wp-json\/wp\/v2\/pages\/3978\/revisions"}],"predecessor-version":[{"id":3981,"href":"http:\/\/www.ensembleinterface.com\/de\/wp-json\/wp\/v2\/pages\/3978\/revisions\/3981"}],"wp:attachment":[{"href":"http:\/\/www.ensembleinterface.com\/de\/wp-json\/wp\/v2\/media?parent=3978"}],"curies":[{"name":"wp","href":"https:\/\/api.w.org\/{rel}","templated":true}]}}