{"id":3957,"date":"2018-01-28T18:08:55","date_gmt":"2018-01-28T18:08:55","guid":{"rendered":"http:\/\/www.ensembleinterface.com\/de\/?page_id=3957"},"modified":"2018-09-13T09:59:50","modified_gmt":"2018-09-13T09:59:50","slug":"plattform-experimentelles-musiktheater","status":"publish","type":"page","link":"http:\/\/www.ensembleinterface.com\/de\/agenda\/plattform-experimentelles-musiktheater\/","title":{"rendered":"PLATTFORM EXPERIMENTELLES MUSIKTHEATER"},"content":{"rendered":"<p><span style=\"color: #c0c0c0;\">12.-16. M\u00e4rz 2018 | Residenz an der Hochschule der K\u00fcnste Bern<\/span><\/p>\n<p><span style=\"color: #c0c0c0;\">17. M\u00e4rz 2018 | 19:00 &#8211; 22:00<\/span><br \/>\n<span style=\"color: #c0c0c0;\">Plattform Experimentelles Musiktheater, Auff\u00fchrungen<\/span><\/p>\n<p><span style=\"color: #c0c0c0;\">19:00 | Hochschule der K\u00fcnste Bern | Konzertsaal<\/span><\/p>\n<h2>Blind Date<\/h2>\n&nbsp;\n<p>Wie viel &#8218;Theater&#8216; braucht es, um Theater zu sein? \u2013 Dieser Frage stellen sich das Ensemble Interface und der Klangk\u00fcnstler Hans van Koolwijk. Sie verzichten bewusst auf Text, narrative Handlung, Schauspieler\/S\u00e4nger etc. und fokussieren sich in ihrer Arbeit auf instrumentale Elemente: Hybride Klangskulpturen zum Schlagen, Zupfen, Blasen, Streichen, die mit und f\u00fcr das Ensemble entwickelt und gebaut werden, erzeugen eine unvermutete Palette feinster bis rohester Kl\u00e4nge. Die ungez\u00e4hmten Prototypen bewegen sich durch den Raum und suchen die Kommunikation mit den Zuschauern. Dabei erwachen sie zu Gestalten, Akteuren, Figuren eines ungeahnten Theaters: Das Publikum befindet sich inmitten einer fremden Szene, die zum Entdecken, Verstehen und Nicht-Verstehen einl\u00e4dt.<\/p>\n<p>BlindDate ist ein geistvolles Spiel \u00fcber Kommunikation und ihre Missverst\u00e4ndnisse, und Teil des gr\u00f6sser angelegten Projekts <a href=\"http:\/\/www.ensembleinterface.com\/de\/projekte\/klangmobil\">klangm\u00f8bil<\/a>.<\/p>\n<p><span style=\"color: #c0c0c0;\">Konzept: Ensemble Interface &amp; Hans van Koolwijk<\/span><br \/>\n<span style=\"color: #c0c0c0;\">Performance: Anna D\u2019Errico, Roberto Dani, Christophe Mathias, Andrea Nagy<\/span><br \/>\n<span style=\"color: #c0c0c0;\">Instrumente: Hans van Koolwijk<\/span><br \/>\n<span style=\"color: #c0c0c0;\">Lichttechnik: Max Hampel<\/span><\/p>\n<p><img loading=\"lazy\" decoding=\"async\" class=\"alignnone size-full wp-image-4325\" src=\"http:\/\/www.ensembleinterface.com\/en\/files\/Totaalbeeld-Klangmobil-aB_600.jpg\" alt=\"\" width=\"600\" height=\"263\" \/><\/p>\n<p><a href=\"http:\/\/www.konzerttheaterbern.ch\/musiktheater\/uebersicht\/veranstaltung\/-b682695374\/?month=201803&amp;date=1521241200\" target=\"_blank\" rel=\"noopener\">Mehr\u2026<\/a><\/p>\n<p><a href=\"https:\/\/www.bfh.ch\/startseite.html\" target=\"_blank\" rel=\"noopener\"><img loading=\"lazy\" decoding=\"async\" class=\"alignnone wp-image-3556 size-full\" src=\"http:\/\/www.ensembleinterface.com\/en\/files\/agenda\/hochschule-fur-kunste-bern-workshop-abschluss-master-students\/HKB-Logos-web_DE.jpg\" alt=\"\" width=\"500\" height=\"67\" \/><\/a><\/p>\n","protected":false},"excerpt":{"rendered":"<p>12.-16. M\u00e4rz 2018 | Residenz an der Hochschule der K\u00fcnste Bern 17. M\u00e4rz 2018 | 19:00 &#8211; 22:00 Plattform Experimentelles Musiktheater, Auff\u00fchrungen 19:00 | Hochschule der K\u00fcnste Bern | Konzertsaal Blind Date Wie viel &#8218;Theater&#8216; braucht es, um Theater zu sein? \u2013 Dieser Frage stellen sich das Ensemble Interface und der Klangk\u00fcnstler Hans van Koolwijk&#8230;.<\/p>\n<div class=\"read_more\"><a href=\"http:\/\/www.ensembleinterface.com\/de\/agenda\/plattform-experimentelles-musiktheater\/\">Read More<\/a><\/div>\n","protected":false},"author":1,"featured_media":0,"parent":47,"menu_order":0,"comment_status":"open","ping_status":"open","template":"fullwidth.php","meta":{"footnotes":""},"class_list":["post-3957","page","type-page","status-publish","hentry"],"_links":{"self":[{"href":"http:\/\/www.ensembleinterface.com\/de\/wp-json\/wp\/v2\/pages\/3957","targetHints":{"allow":["GET"]}}],"collection":[{"href":"http:\/\/www.ensembleinterface.com\/de\/wp-json\/wp\/v2\/pages"}],"about":[{"href":"http:\/\/www.ensembleinterface.com\/de\/wp-json\/wp\/v2\/types\/page"}],"author":[{"embeddable":true,"href":"http:\/\/www.ensembleinterface.com\/de\/wp-json\/wp\/v2\/users\/1"}],"replies":[{"embeddable":true,"href":"http:\/\/www.ensembleinterface.com\/de\/wp-json\/wp\/v2\/comments?post=3957"}],"version-history":[{"count":7,"href":"http:\/\/www.ensembleinterface.com\/de\/wp-json\/wp\/v2\/pages\/3957\/revisions"}],"predecessor-version":[{"id":3991,"href":"http:\/\/www.ensembleinterface.com\/de\/wp-json\/wp\/v2\/pages\/3957\/revisions\/3991"}],"up":[{"embeddable":true,"href":"http:\/\/www.ensembleinterface.com\/de\/wp-json\/wp\/v2\/pages\/47"}],"wp:attachment":[{"href":"http:\/\/www.ensembleinterface.com\/de\/wp-json\/wp\/v2\/media?parent=3957"}],"curies":[{"name":"wp","href":"https:\/\/api.w.org\/{rel}","templated":true}]}}