{"id":3922,"date":"2017-08-01T15:21:36","date_gmt":"2017-08-01T15:21:36","guid":{"rendered":"http:\/\/www.ensembleinterface.com\/de\/?page_id=3922"},"modified":"2017-10-22T17:28:12","modified_gmt":"2017-10-22T17:28:12","slug":"deutsche-akademie-rom-villa-massimo","status":"publish","type":"page","link":"http:\/\/www.ensembleinterface.com\/de\/agenda\/deutsche-akademie-rom-villa-massimo\/","title":{"rendered":"Deutsche Akademie Rom Villa Massimo"},"content":{"rendered":"<p><span style=\"color: #c0c0c0;\">7. Dezember 2017<\/span><br \/>\n<span style=\"color: #c0c0c0;\"> Berlin | Martin-Gropius-Bau | Niederkirchnerstra\u00dfe 7<\/span><\/p>\n<h4>Programm<\/h4>\n<p><span style=\"color: #c0c0c0;\">Lisa Streich<\/span> &#8211; <em>ZUCKER FOR MOTORIZED ENSEMBLE <\/em><br \/>\n<span style=\"color: #c0c0c0;\">Torsten Herrmann<\/span> &#8211; <em>Macram\u00e9<\/em><\/p>\n&nbsp;\n<p><span style=\"color: #f5f7f6;\"><strong>Ensemble Interface<\/strong><\/span><br \/>\n<span style=\"color: #c0c0c0;\">Roy Amotz, Fl\u00f6ten<\/span><br \/>\n<span style=\"color: #c0c0c0;\"> Anna D\u2019Errico, Klavier<\/span><br \/>\n<span style=\"color: #c0c0c0;\"> Matthias Engler, Percussion<\/span><br \/>\n<span style=\"color: #c0c0c0;\"> Alexina Hawkins, Viola<\/span><br \/>\n<span style=\"color: #c0c0c0;\"> Christophe Mathias, Violoncello<\/span><br \/>\n<span style=\"color: #c0c0c0;\"> Andrea Nagy, Klarinetten<\/span><br \/>\n<span style=\"color: #c0c0c0;\"> Eckehard Windrich, Violin<\/span><br \/>\n<span style=\"color: #c0c0c0;\"> Musashi Baba, Dirigent<\/span><br \/>\n<span style=\"color: #c0c0c0;\"> Wanja H\u00fcffel, Tontechniker<\/span><\/p>\n","protected":false},"excerpt":{"rendered":"<p>7. Dezember 2017 Berlin | Martin-Gropius-Bau | Niederkirchnerstra\u00dfe 7 Programm Lisa Streich &#8211; ZUCKER FOR MOTORIZED ENSEMBLE Torsten Herrmann &#8211; Macram\u00e9 Ensemble Interface Roy Amotz, Fl\u00f6ten Anna D\u2019Errico, Klavier Matthias Engler, Percussion Alexina Hawkins, Viola Christophe Mathias, Violoncello Andrea Nagy, Klarinetten Eckehard Windrich, Violin Musashi Baba, Dirigent Wanja H\u00fcffel, Tontechniker<\/p>\n","protected":false},"author":1,"featured_media":0,"parent":47,"menu_order":0,"comment_status":"open","ping_status":"open","template":"fullwidth.php","meta":{"footnotes":""},"class_list":["post-3922","page","type-page","status-publish","hentry"],"_links":{"self":[{"href":"http:\/\/www.ensembleinterface.com\/de\/wp-json\/wp\/v2\/pages\/3922","targetHints":{"allow":["GET"]}}],"collection":[{"href":"http:\/\/www.ensembleinterface.com\/de\/wp-json\/wp\/v2\/pages"}],"about":[{"href":"http:\/\/www.ensembleinterface.com\/de\/wp-json\/wp\/v2\/types\/page"}],"author":[{"embeddable":true,"href":"http:\/\/www.ensembleinterface.com\/de\/wp-json\/wp\/v2\/users\/1"}],"replies":[{"embeddable":true,"href":"http:\/\/www.ensembleinterface.com\/de\/wp-json\/wp\/v2\/comments?post=3922"}],"version-history":[{"count":7,"href":"http:\/\/www.ensembleinterface.com\/de\/wp-json\/wp\/v2\/pages\/3922\/revisions"}],"predecessor-version":[{"id":3944,"href":"http:\/\/www.ensembleinterface.com\/de\/wp-json\/wp\/v2\/pages\/3922\/revisions\/3944"}],"up":[{"embeddable":true,"href":"http:\/\/www.ensembleinterface.com\/de\/wp-json\/wp\/v2\/pages\/47"}],"wp:attachment":[{"href":"http:\/\/www.ensembleinterface.com\/de\/wp-json\/wp\/v2\/media?parent=3922"}],"curies":[{"name":"wp","href":"https:\/\/api.w.org\/{rel}","templated":true}]}}