{"id":3859,"date":"2017-02-10T12:27:17","date_gmt":"2017-02-10T12:27:17","guid":{"rendered":"http:\/\/www.ensembleinterface.com\/de\/?page_id=3859"},"modified":"2017-07-29T04:13:45","modified_gmt":"2017-07-29T04:13:45","slug":"traiettorie","status":"publish","type":"page","link":"http:\/\/www.ensembleinterface.com\/de\/agenda\/traiettorie\/","title":{"rendered":"TRAIETTORIE"},"content":{"rendered":"<p><span style=\"color: #c0c0c0;\">13 Oktober 2017 | 20:30<\/span><br \/>\n<span style=\"color: #c0c0c0;\"> Casa della Musica | Parma<\/span><\/p>\n<h4>Programm<\/h4>\n<p><span style=\"color: #c0c0c0;\">Pierre Boulez<\/span> &#8211; <em>D\u00e9rive I<\/em> f\u00fcr sechs Instrumente (1984)<br \/>\n<span style=\"color: #c0c0c0;\">Tristan Murail<\/span> &#8211; <em>Treize couleurs du soleil couchant<\/em> f\u00fcr f\u00fcnf Instrumente (1978)<br \/>\n<span style=\"color: #c0c0c0;\">Marta Gentilucci<\/span> &#8211; <em>\u00dcber<\/em> for Klarinette, Violoncello, Klavier (2015)<br \/>\n<span style=\"color: #c0c0c0;\">Marco Stroppa<\/span> &#8211; <em>Ossia, seven strophes for a literary drone<\/em> f\u00fcr Violine, Violoncello, Klavier (2005)<br \/>\n<span style=\"color: #c0c0c0;\">Elliott Carter<\/span> &#8211; <em>Triple duo<\/em> f\u00fcr sechs Instrumente (1982)<\/p>\n&nbsp;\n<p><span style=\"color: #f5f7f6;\"><strong>Ensemble Interface<\/strong><\/span><br \/>\n<span style=\"color: #c0c0c0;\">Bettina Berger, Fl\u00f6ten<\/span><br \/>\n<span style=\"color: #c0c0c0;\"> Andrea Nagy, Klarinetten<\/span><br \/>\n<span style=\"color: #c0c0c0;\"> Christophe Mathias, Violoncello<\/span><br \/>\n<span style=\"color: #c0c0c0;\"> Georgia Privitera, Violine<\/span><br \/>\n<span style=\"color: #c0c0c0;\"> Anna D\u2019Errico, Klavier<\/span><br \/>\n<span style=\"color: #c0c0c0;\"> Agnieszka Koprowska-Born, Perkussion<\/span><\/p>\n<p><span style=\"color: #c0c0c0;\">Francesco Pavan, Dirigent<\/span><\/p>\n<p><a href=\"http:\/\/www.traiettorie.it\/\" target=\"_blank\">www.traiettorie.it<\/a><\/p>\n","protected":false},"excerpt":{"rendered":"<p>13 Oktober 2017 | 20:30 Casa della Musica | Parma Programm Pierre Boulez &#8211; D\u00e9rive I f\u00fcr sechs Instrumente (1984) Tristan Murail &#8211; Treize couleurs du soleil couchant f\u00fcr f\u00fcnf Instrumente (1978) Marta Gentilucci &#8211; \u00dcber for Klarinette, Violoncello, Klavier (2015) Marco Stroppa &#8211; Ossia, seven strophes for a literary drone f\u00fcr Violine, Violoncello, Klavier&#8230;<\/p>\n<div class=\"read_more\"><a href=\"http:\/\/www.ensembleinterface.com\/de\/agenda\/traiettorie\/\">Read More<\/a><\/div>\n","protected":false},"author":1,"featured_media":0,"parent":47,"menu_order":0,"comment_status":"open","ping_status":"open","template":"fullwidth.php","meta":{"footnotes":""},"class_list":["post-3859","page","type-page","status-publish","hentry"],"_links":{"self":[{"href":"http:\/\/www.ensembleinterface.com\/de\/wp-json\/wp\/v2\/pages\/3859","targetHints":{"allow":["GET"]}}],"collection":[{"href":"http:\/\/www.ensembleinterface.com\/de\/wp-json\/wp\/v2\/pages"}],"about":[{"href":"http:\/\/www.ensembleinterface.com\/de\/wp-json\/wp\/v2\/types\/page"}],"author":[{"embeddable":true,"href":"http:\/\/www.ensembleinterface.com\/de\/wp-json\/wp\/v2\/users\/1"}],"replies":[{"embeddable":true,"href":"http:\/\/www.ensembleinterface.com\/de\/wp-json\/wp\/v2\/comments?post=3859"}],"version-history":[{"count":3,"href":"http:\/\/www.ensembleinterface.com\/de\/wp-json\/wp\/v2\/pages\/3859\/revisions"}],"predecessor-version":[{"id":3914,"href":"http:\/\/www.ensembleinterface.com\/de\/wp-json\/wp\/v2\/pages\/3859\/revisions\/3914"}],"up":[{"embeddable":true,"href":"http:\/\/www.ensembleinterface.com\/de\/wp-json\/wp\/v2\/pages\/47"}],"wp:attachment":[{"href":"http:\/\/www.ensembleinterface.com\/de\/wp-json\/wp\/v2\/media?parent=3859"}],"curies":[{"name":"wp","href":"https:\/\/api.w.org\/{rel}","templated":true}]}}