{"id":3852,"date":"2017-02-05T12:17:34","date_gmt":"2017-02-05T12:17:34","guid":{"rendered":"http:\/\/www.ensembleinterface.com\/de\/?page_id=3852"},"modified":"2017-02-05T13:38:51","modified_gmt":"2017-02-05T13:38:51","slug":"vipa-valencia-international-performance-academy-festival","status":"publish","type":"page","link":"http:\/\/www.ensembleinterface.com\/de\/agenda\/vipa-valencia-international-performance-academy-festival\/","title":{"rendered":"VIPA &#8211; VALENCIA INTERNATIONAL PERFORMANCE ACADEMY &#038; FESTIVAL"},"content":{"rendered":"<div class=\"two_third\">\n<p><span style=\"color: #c0c0c0;\">28 Juni &#8211; 2 Juli 2017<\/span><br \/>\n<span style=\"color: #c0c0c0;\"> Conservatorio Superior de M\u00fasica Joaqu\u00edn Rodrigo | Valencia<\/span><\/p>\n<p><span style=\"color: #c0c0c0;\">Interface is ensemble-in-residence at the 2017 VIPA Festival.<\/span><\/p>\n<p>Applications for the composition program are open until 15 February (late term). Participant composers will have one work performed by the resident ensembles (including also Smash Ensemble, MIVOS Quartet, Brouwer Trio, Erik Drescher) and participate in lessons and workshops. Faculty includes Jorge Villavicencio Grossmann, Melinda Wagner, Stefano Gervasoni, Gregorio Jim\u00e9nez, Jos\u00e9 M. S\u00e1nchez-Verd\u00fa.<\/p>\n<p><a href=\"http:\/\/www.vipafestival.org\/en\/\" target=\"_blank\">Mehr\u2026<\/a><\/p>\n<p><img loading=\"lazy\" decoding=\"async\" class=\" wp-image-3838 alignleft\" src=\"http:\/\/www.ensembleinterface.com\/de\/files\/vipa2017poster-Nov17-724x1024.jpg\" alt=\"vipa2017poster-Nov17\" width=\"500\" height=\"707\" srcset=\"http:\/\/www.ensembleinterface.com\/de\/files\/vipa2017poster-Nov17-724x1024.jpg 724w, http:\/\/www.ensembleinterface.com\/de\/files\/vipa2017poster-Nov17-212x300.jpg 212w, http:\/\/www.ensembleinterface.com\/de\/files\/vipa2017poster-Nov17.jpg 841w\" sizes=\"auto, (max-width: 500px) 100vw, 500px\" \/><\/div><div class=\"one_third last\"><img loading=\"lazy\" decoding=\"async\" class=\"alignright size-full wp-image-4129\" src=\"http:\/\/www.ensembleinterface.com\/en\/files\/vipa-valencia-international-performance-academy-festival\/cropped-cropped-vipa-small-logo-1.jpg\" alt=\"\" width=\"98\" height=\"100\" \/><\/div><\/p>\n","protected":false},"excerpt":{"rendered":"","protected":false},"author":1,"featured_media":0,"parent":47,"menu_order":0,"comment_status":"open","ping_status":"open","template":"fullwidth.php","meta":{"footnotes":""},"class_list":["post-3852","page","type-page","status-publish","hentry"],"_links":{"self":[{"href":"http:\/\/www.ensembleinterface.com\/de\/wp-json\/wp\/v2\/pages\/3852","targetHints":{"allow":["GET"]}}],"collection":[{"href":"http:\/\/www.ensembleinterface.com\/de\/wp-json\/wp\/v2\/pages"}],"about":[{"href":"http:\/\/www.ensembleinterface.com\/de\/wp-json\/wp\/v2\/types\/page"}],"author":[{"embeddable":true,"href":"http:\/\/www.ensembleinterface.com\/de\/wp-json\/wp\/v2\/users\/1"}],"replies":[{"embeddable":true,"href":"http:\/\/www.ensembleinterface.com\/de\/wp-json\/wp\/v2\/comments?post=3852"}],"version-history":[{"count":3,"href":"http:\/\/www.ensembleinterface.com\/de\/wp-json\/wp\/v2\/pages\/3852\/revisions"}],"predecessor-version":[{"id":3856,"href":"http:\/\/www.ensembleinterface.com\/de\/wp-json\/wp\/v2\/pages\/3852\/revisions\/3856"}],"up":[{"embeddable":true,"href":"http:\/\/www.ensembleinterface.com\/de\/wp-json\/wp\/v2\/pages\/47"}],"wp:attachment":[{"href":"http:\/\/www.ensembleinterface.com\/de\/wp-json\/wp\/v2\/media?parent=3852"}],"curies":[{"name":"wp","href":"https:\/\/api.w.org\/{rel}","templated":true}]}}