{"id":3814,"date":"2016-12-14T20:52:19","date_gmt":"2016-12-14T20:52:19","guid":{"rendered":"http:\/\/www.ensembleinterface.com\/de\/?page_id=3814"},"modified":"2017-01-29T16:31:05","modified_gmt":"2017-01-29T16:31:05","slug":"kurt-dreyer-stage-coach","status":"publish","type":"page","link":"http:\/\/www.ensembleinterface.com\/de\/ueber_uns\/kurt-dreyer-stage-coach\/","title":{"rendered":"Kurt Dreyer, Stage coach"},"content":{"rendered":"<p><img decoding=\"async\" src=\"http:\/\/www.ensembleinterface.com\/en\/files\/kurt150full.jpg\" alt=\"Kurt Dreyer\"  class=\"alignright size-medium wp-image-3775\" \/>Das Ensemble Interface verbindet eine langj\u00e4hrige Zusammenarbeit mit dem Choreografen Kurt Dreyer. Er hat die szenische Gestaltung von Limbo Lander (Darmst\u00e4dter Ferienkurse und Wien Modern, 2014) und Diabelli Machines #5 (Orpheus Institute Ghent, 2016) \u00fcbernommen und dar\u00fcber hinaus in zahlreichen Projekten als B\u00fchnencoach mitgewirkt, u.a. bei Zeitgewoben (Dampfzentrale Bern, 2013) und Rules of Love (Musikfestival Bern, 2015). <\/p>\n<p>Kurt Dreyer, Luzern &#8211; Ausbildung in klassischen und zeitgen\u00f6ssischen Tanztechniken, Tai Chi Chuan, Alexandertechnik und Choreografie in Lausanne und London. Seit 1974 als freischaffender Tanzp\u00e4dagoge t\u00e4tig. Dozenturen an verschiedenen Musikhochschulen \u2013 Bern, Luzern, Basel und Universit\u00e4t Bern. Gastkurse in Europa und Asien in Rhythmischer K\u00f6rperarbeit, B\u00fchnenorientierter Bewegung f\u00fcr S\u00e4nger und Musiker, Tanztechnik, und Improvisation sowie szenische Beratungen. Zahlreiche B\u00fchnenprojekte, Tanzst\u00fccke, Regien sowie Performances in Museen und Galerien.<br \/>\n&nbsp;<br \/>\n&nbsp;<\/p>\n","protected":false},"excerpt":{"rendered":"<p>Das Ensemble Interface verbindet eine langj\u00e4hrige Zusammenarbeit mit dem Choreografen Kurt Dreyer. Er hat die szenische Gestaltung von Limbo Lander (Darmst\u00e4dter Ferienkurse und Wien Modern, 2014) und Diabelli Machines #5 (Orpheus Institute Ghent, 2016) \u00fcbernommen und dar\u00fcber hinaus in zahlreichen Projekten als B\u00fchnencoach mitgewirkt, u.a. bei Zeitgewoben (Dampfzentrale Bern, 2013) und Rules of Love (Musikfestival&#8230;<\/p>\n<div class=\"read_more\"><a href=\"http:\/\/www.ensembleinterface.com\/de\/ueber_uns\/kurt-dreyer-stage-coach\/\">Read More<\/a><\/div>\n","protected":false},"author":1,"featured_media":0,"parent":43,"menu_order":1,"comment_status":"open","ping_status":"open","template":"fullwidthbio.php","meta":{"footnotes":""},"class_list":["post-3814","page","type-page","status-publish","hentry"],"_links":{"self":[{"href":"http:\/\/www.ensembleinterface.com\/de\/wp-json\/wp\/v2\/pages\/3814","targetHints":{"allow":["GET"]}}],"collection":[{"href":"http:\/\/www.ensembleinterface.com\/de\/wp-json\/wp\/v2\/pages"}],"about":[{"href":"http:\/\/www.ensembleinterface.com\/de\/wp-json\/wp\/v2\/types\/page"}],"author":[{"embeddable":true,"href":"http:\/\/www.ensembleinterface.com\/de\/wp-json\/wp\/v2\/users\/1"}],"replies":[{"embeddable":true,"href":"http:\/\/www.ensembleinterface.com\/de\/wp-json\/wp\/v2\/comments?post=3814"}],"version-history":[{"count":5,"href":"http:\/\/www.ensembleinterface.com\/de\/wp-json\/wp\/v2\/pages\/3814\/revisions"}],"predecessor-version":[{"id":3819,"href":"http:\/\/www.ensembleinterface.com\/de\/wp-json\/wp\/v2\/pages\/3814\/revisions\/3819"}],"up":[{"embeddable":true,"href":"http:\/\/www.ensembleinterface.com\/de\/wp-json\/wp\/v2\/pages\/43"}],"wp:attachment":[{"href":"http:\/\/www.ensembleinterface.com\/de\/wp-json\/wp\/v2\/media?parent=3814"}],"curies":[{"name":"wp","href":"https:\/\/api.w.org\/{rel}","templated":true}]}}