{"id":3755,"date":"2016-06-13T10:12:25","date_gmt":"2016-06-13T10:12:25","guid":{"rendered":"http:\/\/www.ensembleinterface.com\/de\/?page_id=3755"},"modified":"2016-06-13T10:12:25","modified_gmt":"2016-06-13T10:12:25","slug":"rules-of-love","status":"publish","type":"page","link":"http:\/\/www.ensembleinterface.com\/de\/agenda\/rules-of-love\/","title":{"rendered":"rules of love"},"content":{"rendered":"<p><span style=\"color: #c0c0c0;\">Freitag, 5. August 2016 | 20:00 | B\u00f6llenfalltorhalle |\u00a0Nieder-Ramst\u00e4dter Stra\u00dfe 170<\/span><br \/>\n<span style=\"color: #c0c0c0;\"> 48. Internationale Ferienkurse f\u00fcr Neue Musik Darmstadt<\/span><\/p>\n<p><span style=\"color: #c0c0c0;\"><strong>Sergej Newski: <em>Rules of Love<\/em><\/strong><\/span><br \/>\n<span style=\"color: #c0c0c0;\"> f\u00fcr Mezzo-Sopran und f\u00fcnf Instrumentalisten (2012\/13)<\/span><\/p>\n<p><span style=\"color: #c0c0c0;\">Johanna Zimmer, Sopran<\/span><br \/>\n<span style=\"color: #c0c0c0;\"> Truike von der Poel, Alt<\/span><br \/>\n<span style=\"color: #c0c0c0;\"> Krassimir Sterev, Akkordeon<\/span><br \/>\n<span style=\"color: #c0c0c0;\"> Ensemble Interface<\/span><\/p>\n<p>&nbsp;<\/p>\n<p><a href=\"http:\/\/www.internationales-musikinstitut.de\/en\/program2016\/321-05-08-2016\/1838-extended-clarinet-en.html\" target=\"_blank\">Mehr&#8230;<\/a><\/p>\n<p><img loading=\"lazy\" decoding=\"async\" class=\"alignnone size-medium wp-image-2761\" src=\"http:\/\/www.ensembleinterface.com\/en\/files\/avatars-000026659321-p3nrwa-crop-300x164.jpg\" alt=\"avatars-000026659321-p3nrwa-crop\" width=\"300\" height=\"164\" \/><\/p>\n","protected":false},"excerpt":{"rendered":"<p>Freitag, 5. August 2016 | 20:00 | B\u00f6llenfalltorhalle |\u00a0Nieder-Ramst\u00e4dter Stra\u00dfe 170 48. Internationale Ferienkurse f\u00fcr Neue Musik Darmstadt Sergej Newski: Rules of Love f\u00fcr Mezzo-Sopran und f\u00fcnf Instrumentalisten (2012\/13) Johanna Zimmer, Sopran Truike von der Poel, Alt Krassimir Sterev, Akkordeon Ensemble Interface &nbsp; Mehr&#8230;<\/p>\n","protected":false},"author":1,"featured_media":0,"parent":47,"menu_order":0,"comment_status":"open","ping_status":"open","template":"fullwidth.php","meta":{"footnotes":""},"class_list":["post-3755","page","type-page","status-publish","hentry"],"_links":{"self":[{"href":"http:\/\/www.ensembleinterface.com\/de\/wp-json\/wp\/v2\/pages\/3755","targetHints":{"allow":["GET"]}}],"collection":[{"href":"http:\/\/www.ensembleinterface.com\/de\/wp-json\/wp\/v2\/pages"}],"about":[{"href":"http:\/\/www.ensembleinterface.com\/de\/wp-json\/wp\/v2\/types\/page"}],"author":[{"embeddable":true,"href":"http:\/\/www.ensembleinterface.com\/de\/wp-json\/wp\/v2\/users\/1"}],"replies":[{"embeddable":true,"href":"http:\/\/www.ensembleinterface.com\/de\/wp-json\/wp\/v2\/comments?post=3755"}],"version-history":[{"count":1,"href":"http:\/\/www.ensembleinterface.com\/de\/wp-json\/wp\/v2\/pages\/3755\/revisions"}],"predecessor-version":[{"id":3756,"href":"http:\/\/www.ensembleinterface.com\/de\/wp-json\/wp\/v2\/pages\/3755\/revisions\/3756"}],"up":[{"embeddable":true,"href":"http:\/\/www.ensembleinterface.com\/de\/wp-json\/wp\/v2\/pages\/47"}],"wp:attachment":[{"href":"http:\/\/www.ensembleinterface.com\/de\/wp-json\/wp\/v2\/media?parent=3755"}],"curies":[{"name":"wp","href":"https:\/\/api.w.org\/{rel}","templated":true}]}}