{"id":3698,"date":"2016-02-16T13:06:39","date_gmt":"2016-02-16T13:06:39","guid":{"rendered":"http:\/\/www.ensembleinterface.com\/de\/?page_id=3698"},"modified":"2016-02-16T13:09:43","modified_gmt":"2016-02-16T13:09:43","slug":"workshop_hfmdk-frankfurt","status":"publish","type":"page","link":"http:\/\/www.ensembleinterface.com\/de\/agenda\/workshop_hfmdk-frankfurt\/","title":{"rendered":"WORKSHOP_HFMDK FRANKFURT"},"content":{"rendered":"<div class=\"two_third\">\n<p>Hochschule f\u00fcr Musik und Darstellende Kunst | Frankfurt am Main<br \/>\n<em>In Kooperation mit dem Institut f\u00fcr zeitgen\u00f6ssische Musik Frankfurt <\/em><\/p>\n<p><span style=\"color: #c0c0c0;\">10. M\u00e4rz | 7. April | 18.-20. Mai | HfMDK Frankfurt<\/span><br \/>\n<span style=\"color: #c0c0c0;\">21. Mai | Senckenberg Naturmuseum Frankfurt<\/span><\/p>\n<p>Das <span style=\"color: #c0c0c0;\">Ensemble Interface<\/span> bietet Instrumental-Studierenden der Hochschule f\u00fcr Musik und Darstellende Kunst Frankfurt die Gelegenheit, in einem \u00fcber zwei Monate reichenden Workshop die Herausforderungen praktisch zu erleben, die die Neueinstudierung eines zeitgen\u00f6ssischen Werkes bedeuten: Zwei Mitglieder von Interface und drei Studierende erarbeiten gemeinsam Kaija Saariahos Quintett Terrestre (2002). Aspekte wie Partituranalyse, kammermusikalische Kommunikation, Klangfarben, rhythmische Pr\u00e4zision und Agogik spielen dabei eine wichtige Rolle. Der Workshop, der in Kooperation mit dem Institut f\u00fcr zeitgen\u00f6ssische Musik Frankfurt stattfindet, m\u00fcndet in Konzerten im Rahmen von <span style=\"color: #c0c0c0;\">ONE DAY IN LIFE<\/span> der Alten Oper Frankfurt.<\/p>\n<p><a href=\"http:\/\/www.hfmdk-frankfurt.info\" target=\"_blank\">www.hfmdk-frankfurt.info<\/a><br \/>\n<\/div><div class=\"one_third last\">\n<img loading=\"lazy\" decoding=\"async\" class=\"alignnone size-full wp-image-3900\" src=\"http:\/\/www.ensembleinterface.com\/en\/files\/HfMDK.png\" alt=\"HfMDK\" width=\"220\" height=\"98\" \/><\/p>\n<p>&nbsp;<br \/>\n<img loading=\"lazy\" decoding=\"async\" class=\"alignnone size-full wp-image-3902\" src=\"http:\/\/www.ensembleinterface.com\/en\/files\/IzM.png\" alt=\"IzM\" width=\"220\" height=\"135\" \/><\/div><\/p>\n","protected":false},"excerpt":{"rendered":"","protected":false},"author":1,"featured_media":0,"parent":47,"menu_order":0,"comment_status":"open","ping_status":"open","template":"fullwidth.php","meta":{"footnotes":""},"class_list":["post-3698","page","type-page","status-publish","hentry"],"_links":{"self":[{"href":"http:\/\/www.ensembleinterface.com\/de\/wp-json\/wp\/v2\/pages\/3698","targetHints":{"allow":["GET"]}}],"collection":[{"href":"http:\/\/www.ensembleinterface.com\/de\/wp-json\/wp\/v2\/pages"}],"about":[{"href":"http:\/\/www.ensembleinterface.com\/de\/wp-json\/wp\/v2\/types\/page"}],"author":[{"embeddable":true,"href":"http:\/\/www.ensembleinterface.com\/de\/wp-json\/wp\/v2\/users\/1"}],"replies":[{"embeddable":true,"href":"http:\/\/www.ensembleinterface.com\/de\/wp-json\/wp\/v2\/comments?post=3698"}],"version-history":[{"count":2,"href":"http:\/\/www.ensembleinterface.com\/de\/wp-json\/wp\/v2\/pages\/3698\/revisions"}],"predecessor-version":[{"id":3700,"href":"http:\/\/www.ensembleinterface.com\/de\/wp-json\/wp\/v2\/pages\/3698\/revisions\/3700"}],"up":[{"embeddable":true,"href":"http:\/\/www.ensembleinterface.com\/de\/wp-json\/wp\/v2\/pages\/47"}],"wp:attachment":[{"href":"http:\/\/www.ensembleinterface.com\/de\/wp-json\/wp\/v2\/media?parent=3698"}],"curies":[{"name":"wp","href":"https:\/\/api.w.org\/{rel}","templated":true}]}}