{"id":3652,"date":"2015-11-03T14:11:09","date_gmt":"2015-11-03T14:11:09","guid":{"rendered":"http:\/\/www.ensembleinterface.com\/de\/?page_id=3652"},"modified":"2016-04-01T18:18:34","modified_gmt":"2016-04-01T18:18:34","slug":"asian-composers-league-korea-international-conference-festival","status":"publish","type":"page","link":"http:\/\/www.ensembleinterface.com\/de\/agenda\/asian-composers-league-korea-international-conference-festival\/","title":{"rendered":"ASIAN COMPOSERS LEAGUE-KOREA INTERNATIONAL CONFERENCE &#038; FESTIVAL"},"content":{"rendered":"<p>27. April 2016 | Seoul<\/p>\n<p>Das Ensemble Interface ist nach Seoul zum Asian Composers League-Korea International Conference &amp; Festival 2016 eingeladen. Die Einladung im kommenden April umfasst unter anderem die Urauff\u00fchrung von Werken asiatischer Komponisten, die speziell f\u00fcr diesen Anlass geschrieben werden, sowie eine Zusammenarbeit mit Jos\u00e9 Maria S\u00e1nchez-Verd\u00fa, dem composer-in-residence 2016.<\/p>\n<h3>Programm<\/h3>\n<p><span style=\"color: #c0c0c0;\">Jinpyeong Yoo<\/span> &#8211; <em>Four songs for Father<\/em> (UA)<br \/>\n<span style=\"color: #c0c0c0;\">Youngmi Cho<\/span> &#8211; <em>Inflorescence<\/em> (UA)<br \/>\n<span style=\"color: #c0c0c0;\">JongYeoul Chong<\/span> &#8211; <em>Fragments<\/em> (UA)<br \/>\n<span style=\"color: #c0c0c0;\">Jung-eun Park<\/span> &#8211; <em>Rose<\/em> (UA)<br \/>\n<span style=\"color: #c0c0c0;\">Chunghoon Kim<\/span> &#8211; <em>Soft cut<\/em> (UA)<br \/>\n<span style=\"color: #c0c0c0;\">Jos\u00e9 M. S\u00e1nchez-Verd\u00fa<\/span> &#8211; <em>Arquitecturas del L\u00edmite<\/em> (2005-12)<br \/>\n<span style=\"color: #c0c0c0;\">Jos\u00e9 M. S\u00e1nchez-Verd\u00fa<\/span> &#8211; <em>Territorio interior<\/em> (2014)<\/p>\n<p><a href=\"http:\/\/www.aclkorea.org\" target=\"_blank\">http:\/\/www.aclkorea.org<\/a><\/p>\n","protected":false},"excerpt":{"rendered":"<p>27. April 2016 | Seoul Das Ensemble Interface ist nach Seoul zum Asian Composers League-Korea International Conference &amp; Festival 2016 eingeladen. Die Einladung im kommenden April umfasst unter anderem die Urauff\u00fchrung von Werken asiatischer Komponisten, die speziell f\u00fcr diesen Anlass geschrieben werden, sowie eine Zusammenarbeit mit Jos\u00e9 Maria S\u00e1nchez-Verd\u00fa, dem composer-in-residence 2016. Programm Jinpyeong Yoo&#8230;<\/p>\n<div class=\"read_more\"><a href=\"http:\/\/www.ensembleinterface.com\/de\/agenda\/asian-composers-league-korea-international-conference-festival\/\">Read More<\/a><\/div>\n","protected":false},"author":1,"featured_media":0,"parent":47,"menu_order":0,"comment_status":"open","ping_status":"open","template":"fullwidth.php","meta":{"footnotes":""},"class_list":["post-3652","page","type-page","status-publish","hentry"],"_links":{"self":[{"href":"http:\/\/www.ensembleinterface.com\/de\/wp-json\/wp\/v2\/pages\/3652","targetHints":{"allow":["GET"]}}],"collection":[{"href":"http:\/\/www.ensembleinterface.com\/de\/wp-json\/wp\/v2\/pages"}],"about":[{"href":"http:\/\/www.ensembleinterface.com\/de\/wp-json\/wp\/v2\/types\/page"}],"author":[{"embeddable":true,"href":"http:\/\/www.ensembleinterface.com\/de\/wp-json\/wp\/v2\/users\/1"}],"replies":[{"embeddable":true,"href":"http:\/\/www.ensembleinterface.com\/de\/wp-json\/wp\/v2\/comments?post=3652"}],"version-history":[{"count":2,"href":"http:\/\/www.ensembleinterface.com\/de\/wp-json\/wp\/v2\/pages\/3652\/revisions"}],"predecessor-version":[{"id":3745,"href":"http:\/\/www.ensembleinterface.com\/de\/wp-json\/wp\/v2\/pages\/3652\/revisions\/3745"}],"up":[{"embeddable":true,"href":"http:\/\/www.ensembleinterface.com\/de\/wp-json\/wp\/v2\/pages\/47"}],"wp:attachment":[{"href":"http:\/\/www.ensembleinterface.com\/de\/wp-json\/wp\/v2\/media?parent=3652"}],"curies":[{"name":"wp","href":"https:\/\/api.w.org\/{rel}","templated":true}]}}