{"id":3625,"date":"2015-10-02T13:14:33","date_gmt":"2015-10-02T13:14:33","guid":{"rendered":"http:\/\/www.ensembleinterface.com\/de\/?page_id=3625"},"modified":"2020-01-13T13:33:08","modified_gmt":"2020-01-13T13:33:08","slug":"klangmobil","status":"publish","type":"page","link":"http:\/\/www.ensembleinterface.com\/de\/projekte\/klangmobil\/","title":{"rendered":"klangm\u00f8bil"},"content":{"rendered":"&nbsp;\n<blockquote><p><span style=\"color: #c0c0c0;\">&#8222;L\u2019approche musicale et visuelle de ce projet est unique, une po\u00e9sie rare se d\u00e9gage offre une situation artistique inclassable.\u201d<\/span> (Xavier Dayer, director MA Composition and Theory \u2013 HKB Hochschule der K\u00fcnste Bern)<\/p><\/blockquote>\n<blockquote><p><span style=\"color: #c0c0c0;\">&#8222;So schlicht, ergreifend und unmittelbar kann Musiktheater entstehen\u201d<\/span> (D\u00e9sir\u00e9e Meiser, artistic director Gare du Nord, Basel)<\/p><\/blockquote>\n&nbsp;\n<p style=\"text-align: center;\"><img loading=\"lazy\" decoding=\"async\" class=\"wp-image-4208 size-full aligncenter\" src=\"http:\/\/www.ensembleinterface.com\/de\/files\/Q7A3667_BIGO_weekend_Sat.jpg\" alt=\"\" width=\"600\" height=\"400\" srcset=\"http:\/\/www.ensembleinterface.com\/de\/files\/Q7A3667_BIGO_weekend_Sat.jpg 900w, http:\/\/www.ensembleinterface.com\/de\/files\/Q7A3667_BIGO_weekend_Sat-300x200.jpg 300w, http:\/\/www.ensembleinterface.com\/de\/files\/Q7A3667_BIGO_weekend_Sat-768x512.jpg 768w\" sizes=\"auto, (max-width: 600px) 100vw, 600px\" \/><\/p>\n<h3>PROJECT DESCRIPTION<\/h3>\n<p><span style=\"color: #c0c0c0;\">KlangM\u00f8bil<\/span> is a performance, sound installation and concert all in one. The project is the brainchild of a team of international artists dedicated to sound, music and composition: Ensemble Interface, sound artist Hans van Koolwijk (Amsterdam), and composers Beat Gysin (Basel), Sergey Khismatov (Moscow\/Leipzig) and Amir Shpilman (Tel Aviv\/Berlin).<\/p>\n<p>An intense collaborative process, research focused on sound production and on its relations with movement: the outcome are the mobile sound sculptures built by Van Koolwijk, which the performers play while in motion. The musicians use their entire body to produce a huge diversity of sounds. In a d\u00e9cor full of bells, clocks, cables and lines, the interplay between performer and instrument outlines a dramaturgy for ears and eyes alike. <span style=\"color: #c0c0c0;\">KlangM\u00f8bil<\/span> is a happening that provides the listener with a totally new experience. It\u2019s \u201cmusic to touch\u201d.<\/p>\n<p><span style=\"color: #c0c0c0;\">KlangM\u00f8bil<\/span> provides as well an ideal framework to educational projects for school groups, children and adults.<\/p>\n<h3>THE PROJECT STEP BY STEP<\/h3>\n<p><a href=\"http:\/\/www.ensembleinterface.com\/de\/sound-to-touch-brainstorming-in-amsterdam\/\">Tryout<\/a> &#8211; Hans van Koolwijk Studio Amsterdam, April 2015<br \/>\n<a href=\"http:\/\/www.ensembleinterface.com\/de\/klangmobil-residenz-in-basel\/\">Residency<\/a> &#8211; Flatterschafft Basel, October 2015<br \/>\n<a href=\"https:\/\/www.youtube.com\/watch?v=mVxOprCjSHc\">KlangM\u00f8bil#1_Sense of Sound<\/a> &#8211; DordtYart Dordrecht, August 2017<br \/>\n<a href=\"https:\/\/www.youtube.com\/watch?time_continue=1&amp;v=aLDfva9uQTg\">KlangM\u00f8bil#2_BlindDate<\/a> &#8211; Hochschule der K\u00fcnste Bern, March 2018<br \/>\n<a href=\"http:\/\/www.ensembleinterface.com\/en\/agenda\/klangmobil_gaudeamus\/\">KlangM\u00f8bil#3_Senses Working Overtime<\/a> &#8211; Gaudeamus Muziekweek Utrecht, September 2018<br \/>\n<a href=\"https:\/\/www.youtube.com\/watch?v=yXJC2AlPm98&amp;list=PLaZEE9an0D5Kxl9JiIpHtk2grmf95BuqU\">KlangM\u00f8bil#4_Big Orchestra<\/a> &#8211; Schirn Kunsthalle Frankfurt, June 2019<\/p>\n<h3>ARTISTS<\/h3>\n<p>Hans van Koolwijk, sound sculptor<br \/>\nEnsemble Interface<br \/>\nArtists: Bettina Berger, Roberto Dani, Anna D\u2019Errico, Beat Gysin, Sergej Khismatov, Agnieszka Koprowska, Christophe Mathias, Andrea Nagy, Amir Shpilman<\/p>\n<h3>PRESS<\/h3>\n<p>Click on this link to read an&nbsp;<a href=\"https:\/\/www.schirn.de\/magazin\/interviews\/2019_interview\/interview_ensemble_interface_big_orchestra\/\">Interview with Ensemble Interface on SchirnMagazine<\/a><br \/>\n&#8222;Klang hat Rich\u00adtun\u00adgen \u2013 Klang bewegt sich. Klangt nimmt Zeit, aber auch Raum ein\u201d<br \/>\n&#8222;Wir k\u00f6nnen ande\u00adren Menschen unsere Ohren leihen\u201d<\/p>\n<blockquote><p><span style=\"color: #c0c0c0;\">&#8222;Das Ensemble Interface fasziniert immer wieder durch seine starke performative Pr\u00e4senz und die grenzenlose Einlassbereitschaft der MusikerInnen. An der Plattform Neues Musiktheater Bern diesen M\u00e4rz hatte ich das Vergn\u00fcgen, Interface wieder einmal in Aktion zu erleben, diesmal in Zusammenarbeit mit dem Klangk\u00fcnstler Hans van Koolwijk. Mit Koolwijks gemeinsam mit dem Ensemble entwickelten Klangskulpturen nahm Interface das Publikum mit in einen magischen Raum. Kein Hightech, keine teure Lightshow. Die phantasievollen, teils fahrbaren und archaisch anmutenden klingenden Gebilde verwandelten den Raum mit einfachsten, sparsamen Lichtquellen in eine Art t\u00f6nenden Zauberwald, der die Besucher in seinen Bann schlug. So schlicht, ergreifend und unmittelbar kann Musiktheater entstehen. Die Theatralik und Klangwelt, die Ensemble Interface mit diesem Instrumentarium geschaffen hat, ist ein vielversprechender Auftakt, auf dessen Weiterentwicklung man gespannt sein darf!\u201d<\/span> (D\u00e9sir\u00e9e Meiser, artistic director Gare du Nord, Basel)<\/p><\/blockquote>\n<blockquote><p><span style=\"color: #c0c0c0;\">&#8222;L\u2019approche musicale et visuelle de ce projet est unique, une po\u00e9sie rare se d\u00e9gage offre une situation artistique inclassable. Le d\u00e9fi de r\u00e9aliser des formes nouvelles n\u2019ayant ici, \u00e0 ma connaissance, que tr\u00e8s peu de mod\u00e8les ant\u00e9rieurs est admirablement relev\u00e9.\u201d<\/span> (Xavier Dayer, director MA Composition and Theory \u2013 HKB Hochschule der K\u00fcnste Bern)<\/p><\/blockquote>\n<p><iframe loading=\"lazy\" src=\"https:\/\/www.youtube.com\/embed\/yXJC2AlPm98\" width=\"370\" height=\"208\" frameborder=\"0\" allowfullscreen=\"allowfullscreen\"><\/iframe> <iframe loading=\"lazy\" src=\"https:\/\/www.youtube.com\/embed\/mVxOprCjSHc\" width=\"370\" height=\"208\" frameborder=\"0\" allowfullscreen=\"allowfullscreen\"><\/iframe><br \/>\n<p>&nbsp;<\/p><br \/>\n<iframe loading=\"lazy\" src=\"https:\/\/www.youtube.com\/embed\/aLDfva9uQTg\" width=\"370\" height=\"208\" frameborder=\"0\" allowfullscreen=\"allowfullscreen\"><\/iframe> <iframe loading=\"lazy\" src=\"https:\/\/www.youtube.com\/embed\/u4FyuFdo2JQ?rel=0\" width=\"370\" height=\"208\" frameborder=\"0\" allowfullscreen=\"allowfullscreen\"><\/iframe><p>&nbsp;<\/p><br \/>\n<em>KlangM\u00f8bil#4_Big Orchestra, \u00a9 Schirn Kunsthalle Frankfurt, 2019, Foto: Marc Krause<\/em><br \/>\n<em>KlangM\u00f8bil#2_BlindDate, Hochschule der K\u00fcnste Bern, 2018, Foto: Peter Kraus<\/em><\/p>\n","protected":false},"excerpt":{"rendered":"<p>&#8222;L\u2019approche musicale et visuelle de ce projet est unique, une po\u00e9sie rare se d\u00e9gage offre une situation artistique inclassable.\u201d (Xavier Dayer, director MA Composition and Theory \u2013 HKB Hochschule der K\u00fcnste Bern) &#8222;So schlicht, ergreifend und unmittelbar kann Musiktheater entstehen\u201d (D\u00e9sir\u00e9e Meiser, artistic director Gare du Nord, Basel) PROJECT DESCRIPTION KlangM\u00f8bil is a performance, sound&#8230;<\/p>\n<div class=\"read_more\"><a href=\"http:\/\/www.ensembleinterface.com\/de\/projekte\/klangmobil\/\">Read More<\/a><\/div>\n","protected":false},"author":1,"featured_media":0,"parent":2821,"menu_order":0,"comment_status":"open","ping_status":"open","template":"portfolio-four-column.php","meta":{"footnotes":""},"class_list":["post-3625","page","type-page","status-publish","hentry"],"_links":{"self":[{"href":"http:\/\/www.ensembleinterface.com\/de\/wp-json\/wp\/v2\/pages\/3625","targetHints":{"allow":["GET"]}}],"collection":[{"href":"http:\/\/www.ensembleinterface.com\/de\/wp-json\/wp\/v2\/pages"}],"about":[{"href":"http:\/\/www.ensembleinterface.com\/de\/wp-json\/wp\/v2\/types\/page"}],"author":[{"embeddable":true,"href":"http:\/\/www.ensembleinterface.com\/de\/wp-json\/wp\/v2\/users\/1"}],"replies":[{"embeddable":true,"href":"http:\/\/www.ensembleinterface.com\/de\/wp-json\/wp\/v2\/comments?post=3625"}],"version-history":[{"count":31,"href":"http:\/\/www.ensembleinterface.com\/de\/wp-json\/wp\/v2\/pages\/3625\/revisions"}],"predecessor-version":[{"id":4275,"href":"http:\/\/www.ensembleinterface.com\/de\/wp-json\/wp\/v2\/pages\/3625\/revisions\/4275"}],"up":[{"embeddable":true,"href":"http:\/\/www.ensembleinterface.com\/de\/wp-json\/wp\/v2\/pages\/2821"}],"wp:attachment":[{"href":"http:\/\/www.ensembleinterface.com\/de\/wp-json\/wp\/v2\/media?parent=3625"}],"curies":[{"name":"wp","href":"https:\/\/api.w.org\/{rel}","templated":true}]}}