{"id":3511,"date":"2015-07-04T13:56:48","date_gmt":"2015-07-04T13:56:48","guid":{"rendered":"http:\/\/www.ensembleinterface.com\/de\/?page_id=3511"},"modified":"2015-09-12T17:23:56","modified_gmt":"2015-09-12T17:23:56","slug":"musikfestival-bern","status":"publish","type":"page","link":"http:\/\/www.ensembleinterface.com\/de\/agenda\/musikfestival-bern\/","title":{"rendered":"MUSIKFESTIVAL BERN"},"content":{"rendered":"<p>13. September 2015<br \/>\n<span style=\"color: #c0c0c0;\">Dampfzentrale Bern | Marzilistrasse 47, 3005 Bern<\/span><\/p>\n<p><span style=\"color: #ffffff;\"><strong>13:30<\/strong><\/span><br \/>\nVERMITTLUNGSPROJEKT T\u00d6NST\u00d6R<br \/>\nmit Barbara Weber und Ensemble Interface<br \/>\nwww.toenstoer.ch<\/p>\n<p><span style=\"color: #ffffff;\"><strong>14:00<\/strong><\/span><br \/>\nF\u00fcnf neue St\u00fccke f\u00fcr das Ensemble Interface<br \/>\n<span style=\"color: #c0c0c0;\"><strong>Nemanja Radivojevic<\/strong><\/span> \u2014 <em>Pharos<\/em><br \/>\n<span style=\"color: #c0c0c0;\"><strong> Mathieu Corajod<\/strong><\/span> \u2014 <em>Scriptions<\/em><br \/>\n<span style=\"color: #c0c0c0;\"><strong> Yang Jing<\/strong><\/span> \u2014 <em>Im Fluss<\/em><br \/>\n<span style=\"color: #c0c0c0;\"><strong> Niklaus Erismann<\/strong><\/span> \u2014 <em>Ruinen Schwalben Ruinen<\/em><br \/>\n<span style=\"color: #c0c0c0;\"><strong> Rosalba Quindici<\/strong><\/span> \u2014 <em>In corpi vaganti<\/em><\/p>\n<p><span style=\"color: #ffffff;\"><strong>15:30<\/strong><\/span><br \/>\n<span style=\"color: #c0c0c0;\"><strong>Georgy Dorokhov<\/strong><\/span> \u2013 <em>Manifest<\/em> (2009) f\u00fcr 3 Styroporspieler mit B\u00f6gen (Schweizer Erstauff\u00fchrung)<br \/>\n<span style=\"color: #c0c0c0;\"><strong>Sergej Newski<\/strong><\/span> \u2013 <em>Rules of Love<\/em> (2012\/13) f\u00fcr Sopran, Alto und f\u00fcnf Instrumentalisten (Schweizer Erstauff\u00fchrung)<br \/>\nnach Texten anonymer Liebesgeschichten aus dem Russland der 80er Jahre, entnommen dem Buch \u201eHandgeschriebene M\u00e4dchenerz\u00e4hlung\u201d gesammelt und herausgegeben von Sergey Borisov, sowie einem Fragment aus dem \u201eRoman mit Kokain\u201d von Michail Ageev, 1934<\/p>\n<p>&nbsp;<\/p>\n<p><span style=\"color: #c0c0c0;\"> Natalia Pschenitschnikova, Sopran<\/span><br \/>\n<span style=\"color: #c0c0c0;\"> Madleine Merz, Alt<\/span><br \/>\n<span style=\"color: #c0c0c0;\"> Bettina Berger, Fl\u00f6te<\/span><br \/>\n<span style=\"color: #c0c0c0;\"> Anna D&#8217;Errico, Klavier<\/span><br \/>\n<span style=\"color: #c0c0c0;\"> Agnieszka Koprowska-Born &#038; Ruud Roelofsen, Perkussion<\/span><br \/>\n<span style=\"color: #c0c0c0;\"> Christophe Mathias, Cello<\/span><br \/>\n<span style=\"color: #c0c0c0;\"> Sergej Tchirkov, Akkordeon<\/span><\/p>\n<p>&nbsp;<\/p>\n<p><img loading=\"lazy\" decoding=\"async\" class=\"alignnone size-full wp-image-3598\" src=\"http:\/\/www.ensembleinterface.com\/en\/files\/agenda\/musikfestival-bern\/bern2015.jpg\" alt=\"bern2015\" width=\"400\" height=\"161\" \/><\/p>\n","protected":false},"excerpt":{"rendered":"<p>13. September 2015 Dampfzentrale Bern | Marzilistrasse 47, 3005 Bern 13:30 VERMITTLUNGSPROJEKT T\u00d6NST\u00d6R mit Barbara Weber und Ensemble Interface www.toenstoer.ch 14:00 F\u00fcnf neue St\u00fccke f\u00fcr das Ensemble Interface Nemanja Radivojevic \u2014 Pharos Mathieu Corajod \u2014 Scriptions Yang Jing \u2014 Im Fluss Niklaus Erismann \u2014 Ruinen Schwalben Ruinen Rosalba Quindici \u2014 In corpi vaganti 15:30 Georgy&#8230;<\/p>\n<div class=\"read_more\"><a href=\"http:\/\/www.ensembleinterface.com\/de\/agenda\/musikfestival-bern\/\">Read More<\/a><\/div>\n","protected":false},"author":1,"featured_media":0,"parent":47,"menu_order":0,"comment_status":"open","ping_status":"open","template":"fullwidth.php","meta":{"footnotes":""},"class_list":["post-3511","page","type-page","status-publish","hentry"],"_links":{"self":[{"href":"http:\/\/www.ensembleinterface.com\/de\/wp-json\/wp\/v2\/pages\/3511","targetHints":{"allow":["GET"]}}],"collection":[{"href":"http:\/\/www.ensembleinterface.com\/de\/wp-json\/wp\/v2\/pages"}],"about":[{"href":"http:\/\/www.ensembleinterface.com\/de\/wp-json\/wp\/v2\/types\/page"}],"author":[{"embeddable":true,"href":"http:\/\/www.ensembleinterface.com\/de\/wp-json\/wp\/v2\/users\/1"}],"replies":[{"embeddable":true,"href":"http:\/\/www.ensembleinterface.com\/de\/wp-json\/wp\/v2\/comments?post=3511"}],"version-history":[{"count":11,"href":"http:\/\/www.ensembleinterface.com\/de\/wp-json\/wp\/v2\/pages\/3511\/revisions"}],"predecessor-version":[{"id":3587,"href":"http:\/\/www.ensembleinterface.com\/de\/wp-json\/wp\/v2\/pages\/3511\/revisions\/3587"}],"up":[{"embeddable":true,"href":"http:\/\/www.ensembleinterface.com\/de\/wp-json\/wp\/v2\/pages\/47"}],"wp:attachment":[{"href":"http:\/\/www.ensembleinterface.com\/de\/wp-json\/wp\/v2\/media?parent=3511"}],"curies":[{"name":"wp","href":"https:\/\/api.w.org\/{rel}","templated":true}]}}