{"id":3205,"date":"2015-04-09T21:04:03","date_gmt":"2015-04-09T21:04:03","guid":{"rendered":"http:\/\/www.ensembleinterface.com\/de\/?page_id=3205"},"modified":"2016-02-15T21:24:36","modified_gmt":"2016-02-15T21:24:36","slug":"one-day-life","status":"publish","type":"page","link":"http:\/\/www.ensembleinterface.com\/de\/agenda\/one-day-life\/","title":{"rendered":"ONE DAY IN LIFE"},"content":{"rendered":"<p><div class=\"two_third\"><strong><span style=\"color: #c0c0c0;\">21.-22. Mai 2016 | Frankfurt am Main<\/span><\/strong><\/p>\n<p>Ein Konzertprojekt von <span style=\"color: #c0c0c0;\">Daniel Libeskind<\/span>: 24 Stunden \u2013 18 Orte Frankfurts \u2013 18 Dimensionen des Lebens \u2013 mehr als 75 Konzertereignisse<\/p>\n<p>Das Konzertprojekt, das der US-amerikanische Architekt Daniel Libeskind im Auftrag und auf Initiative der Alten Oper Frankfurt entworfen hat, dehnt sich weit \u00fcber den \u00fcblichen Rahmen des Konzertsaals aus und l\u00e4sst alle klassischen Konzert-Rituale hinter sich. \u201eOne Day in Life\u201c nennt der Denker der Architekturszene seinen musikalischen Tag, mit dem er das Publikum auffordert, aktiv zu werden und die Stadt, die Musik und das eigene Leben neu zu entdecken. An 18 Stationen der Stadt spannt Daniel Libeskind jeweils ein Dreieck auf aus Ort, Musik und einem Grundthema des menschlichen Daseins. Das Publikum durchquert Raum, Zeit, Klang, einen Tag und das ganze Leben. Das Konzertprojekt \u201eOne Day in Life\u201c gliedert sich in einzelne Konzertereignisse an verschiedenen Orten in Frankfurt. Jedes Programm wird am jeweiligen Ort im Abstand von je zwei Stunden mehrfach wiederholt. So l\u00e4sst sich von Station zu Station der musikalische Tag durchwandern. Wie viele Orte und Konzerte man besucht, entscheidet jeder selbst (Mindestbuchung: drei Konzerte). Eine gut einst\u00fcndige Pause gibt genug Zeit, vom einen zum n\u00e4chsten Ort zu gelangen. Wer mag, l\u00e4sst w\u00e4hrend n\u00e4chtlicher (Musik-)Aktionen sogar die Nacht zum Tag werden.<\/p>\n<p><a href=\"https:\/\/www.alteoper.de\/de\/ticketsystem\/#\" target=\"_blank\">Mehr&#8230;<\/a><\/p>\n<p><strong><span style=\"color: #c0c0c0;\">21. Mai 2016 | 20:00 &#8211; 22:00 &#8211; 24:00 | Senckenberg Naturmuseum<\/span><\/strong><\/p>\n<p><span style=\"color: #c0c0c0;\">Antonio Vivaldi<\/span> \u2013 <em>Le quattro stagioni<\/em><br \/>\n<span style=\"color: #c0c0c0;\">Kaija Saariaho<\/span> \u2013 <em>Terrestre<\/em><\/p>\n<p><span style=\"color: #c0c0c0;\">Ensemble Interface<\/span><br \/>\n<span style=\"color: #c0c0c0;\"> Studierenden der HFMDK Frankfurt<\/span><br \/>\n<span style=\"color: #c0c0c0;\"> Bettina Berger, solo Fl\u00f6te<\/span><\/p>\n<p><span style=\"color: #c0c0c0;\">Cappella Academica Frankfurt<\/span><br \/>\n<span style=\"color: #c0c0c0;\"> Eva-Maria Pollerus, Leitung und Cembalo<\/span><br \/>\n<span style=\"color: #c0c0c0;\"> Dmitri Khakhalin, Violine<\/span><\/p>\n<p><a href=\"https:\/\/www.alteoper.de\/de\/ticketsystem\/spielstaetten\/senckenberg_naturmuseum.php\" target=\"_blank\">Mehr&#8230;<\/a><br \/>\n<\/div><div class=\"one_third last\">\n<p style=\"text-align: center;\"><img loading=\"lazy\" decoding=\"async\" class=\"wp-image-3399 aligncenter\" src=\"http:\/\/www.ensembleinterface.com\/en\/files\/agenda\/nachtkonzert\/logo.png\" alt=\"Alte Oper\" width=\"152\" height=\"67\" \/><\/p>\n<\/div><\/p>\n","protected":false},"excerpt":{"rendered":"","protected":false},"author":1,"featured_media":0,"parent":47,"menu_order":0,"comment_status":"open","ping_status":"open","template":"fullwidth.php","meta":{"footnotes":""},"class_list":["post-3205","page","type-page","status-publish","hentry"],"_links":{"self":[{"href":"http:\/\/www.ensembleinterface.com\/de\/wp-json\/wp\/v2\/pages\/3205","targetHints":{"allow":["GET"]}}],"collection":[{"href":"http:\/\/www.ensembleinterface.com\/de\/wp-json\/wp\/v2\/pages"}],"about":[{"href":"http:\/\/www.ensembleinterface.com\/de\/wp-json\/wp\/v2\/types\/page"}],"author":[{"embeddable":true,"href":"http:\/\/www.ensembleinterface.com\/de\/wp-json\/wp\/v2\/users\/1"}],"replies":[{"embeddable":true,"href":"http:\/\/www.ensembleinterface.com\/de\/wp-json\/wp\/v2\/comments?post=3205"}],"version-history":[{"count":6,"href":"http:\/\/www.ensembleinterface.com\/de\/wp-json\/wp\/v2\/pages\/3205\/revisions"}],"predecessor-version":[{"id":3696,"href":"http:\/\/www.ensembleinterface.com\/de\/wp-json\/wp\/v2\/pages\/3205\/revisions\/3696"}],"up":[{"embeddable":true,"href":"http:\/\/www.ensembleinterface.com\/de\/wp-json\/wp\/v2\/pages\/47"}],"wp:attachment":[{"href":"http:\/\/www.ensembleinterface.com\/de\/wp-json\/wp\/v2\/media?parent=3205"}],"curies":[{"name":"wp","href":"https:\/\/api.w.org\/{rel}","templated":true}]}}