{"id":3067,"date":"2014-09-18T09:53:13","date_gmt":"2014-09-18T09:53:13","guid":{"rendered":"http:\/\/www.ensembleinterface.com\/de\/?page_id=3067"},"modified":"2021-06-11T13:47:39","modified_gmt":"2021-06-11T13:47:39","slug":"nagy","status":"publish","type":"page","link":"http:\/\/www.ensembleinterface.com\/de\/ueber_uns\/nagy\/","title":{"rendered":"Andrea Nagy, Klarinetten"},"content":{"rendered":"<p><img loading=\"lazy\" decoding=\"async\" src=\"http:\/\/www.ensembleinterface.com\/en\/files\/andrea150.jpg\" alt=\"Andrea Nagy, Klarinetten\" width=\"150\" height=\"150\" class=\"alignright size-full wp-image-3157\"><br \/>\nAndrea Nagy, geboren 1978 in Budapest, erhielt ihren ersten Klarinettenunterricht am B\u00e9la Bart\u00f3k Konservatorium bei Andr\u00e1s Horn. Anschlie\u00dfend nahm sie Unterricht bei B\u00e9la Kov\u00e1cs an der Franz Liszt Musikakademie. Danach folgte ein Studium an der Musikhochschule Freiburg bei Dieter Kl\u00f6cker und J\u00f6rg Widmann, das sie 2003 mit dem Diplom abschloss.<\/p>\n<p>In der Solistenklasse von Ernesto Molinari an der Hochschule der K\u00fcnste Bern setzte sie ihre Studien fort und erhielt 2006 im Rahmen ihrer Abschlusspr\u00fcfung den Eduard-Tschumi-Musikpreis Bern f\u00fcr das beste Solistendiplom des Jahrgangs. Es folgte ein Bassklarinettenstudium an der Hochschule der K\u00fcnste Bern, das sie 2008 mit Diplom abschloss.<\/p>\n<p>Andrea Nagy erhielt verschiedene Preise, beispielsweise 1993 den 1. Preis des Ungarischen Nationalwettbewerbs sowie 2002 den Stipendiumspreis der Darmst\u00e4dter Ferienkurse und 2004 den Kranichsteiner Musikpreis der Stadt Darmstadt. 2006 gewann sie den zweiten und 2009 den ersten Preis des vom schweizer Tonk\u00fcnstlerverein organisierten Nicati Interpretationswettbewerbs Zeitgen\u00f6ssischer Musik.<\/p>\n<p>Sie nahm an Meisterkursen bei David Smeyers und Eduard Brunner teil, wirkte mehrfach bei den Darmst\u00e4dter Ferienkursen mit, und arbeitete zusammen mit Stefan Litwin und Yukiko Sugawara. Als Kammermusikerin trat Andrea Nagy u.a. bei folgenden Festivals auf: Festspiele Mecklenburg-Vorpommern, Festival Music Today in Seoul, Luzern Festival.<\/p>\n<p>Sie wirkte bei diversen Rundfunk-, CD- und Fernseh-Aufnahmen mit, so z.B. bei WDR 3 &#8222;Nachtmusik&#8220; und bei der Serie &#8222;Musik Deb\u00fct&#8220; des SWR, wo sie in einem Fernsehportr\u00e4t vorgestellt wurde.<\/p>\n<p>Sie musiziert regelm\u00e4\u00dfig in Ensembles wie dem Klangforum Wien, Ensemble Modern und Ensemble SurPlus, Esbjerg Ensemble D\u00e4nemark und arbeitet u.a. mit den Dirigenten und Komponisten Heinz Holliger, Pierre Boulez, Matthias Spahlinger, Erhard Karkoschka, Cornelius Schwehr, Lucas Vis, Nicolaus A. Huber, Helmut Lachenmann, Markus Stenz, Johannes Kalitzke und Sylvain Cambreling.<\/p>\n<p>nagy@ensembleinterface.com<\/p>\n","protected":false},"excerpt":{"rendered":"<p>Andrea Nagy, geboren 1978 in Budapest, erhielt ihren ersten Klarinettenunterricht am B\u00e9la Bart\u00f3k Konservatorium bei Andr\u00e1s Horn. Anschlie\u00dfend nahm sie Unterricht bei B\u00e9la Kov\u00e1cs an der Franz Liszt Musikakademie. Danach folgte ein Studium an der Musikhochschule Freiburg bei Dieter Kl\u00f6cker und J\u00f6rg Widmann, das sie 2003 mit dem Diplom abschloss. In der Solistenklasse von Ernesto&#8230;<\/p>\n<div class=\"read_more\"><a href=\"http:\/\/www.ensembleinterface.com\/de\/ueber_uns\/nagy\/\">Read More<\/a><\/div>\n","protected":false},"author":1,"featured_media":0,"parent":43,"menu_order":5,"comment_status":"open","ping_status":"closed","template":"fullwidthbio.php","meta":{"footnotes":""},"class_list":["post-3067","page","type-page","status-publish","hentry"],"_links":{"self":[{"href":"http:\/\/www.ensembleinterface.com\/de\/wp-json\/wp\/v2\/pages\/3067","targetHints":{"allow":["GET"]}}],"collection":[{"href":"http:\/\/www.ensembleinterface.com\/de\/wp-json\/wp\/v2\/pages"}],"about":[{"href":"http:\/\/www.ensembleinterface.com\/de\/wp-json\/wp\/v2\/types\/page"}],"author":[{"embeddable":true,"href":"http:\/\/www.ensembleinterface.com\/de\/wp-json\/wp\/v2\/users\/1"}],"replies":[{"embeddable":true,"href":"http:\/\/www.ensembleinterface.com\/de\/wp-json\/wp\/v2\/comments?post=3067"}],"version-history":[{"count":4,"href":"http:\/\/www.ensembleinterface.com\/de\/wp-json\/wp\/v2\/pages\/3067\/revisions"}],"predecessor-version":[{"id":4340,"href":"http:\/\/www.ensembleinterface.com\/de\/wp-json\/wp\/v2\/pages\/3067\/revisions\/4340"}],"up":[{"embeddable":true,"href":"http:\/\/www.ensembleinterface.com\/de\/wp-json\/wp\/v2\/pages\/43"}],"wp:attachment":[{"href":"http:\/\/www.ensembleinterface.com\/de\/wp-json\/wp\/v2\/media?parent=3067"}],"curies":[{"name":"wp","href":"https:\/\/api.w.org\/{rel}","templated":true}]}}