{"id":2995,"date":"2014-02-14T14:10:38","date_gmt":"2014-02-14T14:10:38","guid":{"rendered":"http:\/\/www.ensembleinterface.com\/de\/?page_id=2995"},"modified":"2014-02-14T14:12:39","modified_gmt":"2014-02-14T14:12:39","slug":"performance-labor-goethe-universitaet-frankfurt","status":"publish","type":"page","link":"http:\/\/www.ensembleinterface.com\/de\/performance-labor-goethe-universitaet-frankfurt\/","title":{"rendered":"PERFORMANCE-LABOR GOETHE UNIVERSITAET FRANKFURT"},"content":{"rendered":"<p>Im WS 2013\/14 startet am Institut f\u00fcr Musikwissenschaft die neue Reihe Performance-Labor, die mit einer Veranstaltung pro Semester in den kommenden Jahren Studierende der Musikwissenschaft mit InterpretInnen, PerformerInnen und KomponistInnen zeitgen\u00f6ssischer Musik ins Gespr\u00e4ch bringen wird. Im Mittelpunkt stehen ungew\u00f6hnliche, neue<br \/>\nAuff\u00fchrungssituationen, die sich durch die Verwendung neuerer Technik und\/oder den Einbezug theatraler Momente ergeben.<br \/>\nF\u00fcr die erste Veranstaltung der Reihe hat Frau Prof. Dr. Marion Saxer das Ensemble Interface eingeladen, in einer \u00f6ffentlichen Probe gemeinsam mit der Komponistin Jagoda Szmytka an ihrem neuen St\u00fcck &#8222;pores open wide shut&#8220; zu arbeiten.<\/p>\n","protected":false},"excerpt":{"rendered":"<p>Im WS 2013\/14 startet am Institut f\u00fcr Musikwissenschaft die neue Reihe Performance-Labor, die mit einer Veranstaltung pro Semester in den kommenden Jahren Studierende der Musikwissenschaft mit InterpretInnen, PerformerInnen und KomponistInnen zeitgen\u00f6ssischer Musik ins Gespr\u00e4ch bringen wird. Im Mittelpunkt stehen ungew\u00f6hnliche, neue Auff\u00fchrungssituationen, die sich durch die Verwendung neuerer Technik und\/oder den Einbezug theatraler Momente ergeben&#8230;.<\/p>\n<div class=\"read_more\"><a href=\"http:\/\/www.ensembleinterface.com\/de\/performance-labor-goethe-universitaet-frankfurt\/\">Read More<\/a><\/div>\n","protected":false},"author":1,"featured_media":2901,"parent":0,"menu_order":0,"comment_status":"open","ping_status":"open","template":"portfolio-four-column.php","meta":{"footnotes":""},"class_list":["post-2995","page","type-page","status-publish","has-post-thumbnail","hentry"],"_links":{"self":[{"href":"http:\/\/www.ensembleinterface.com\/de\/wp-json\/wp\/v2\/pages\/2995","targetHints":{"allow":["GET"]}}],"collection":[{"href":"http:\/\/www.ensembleinterface.com\/de\/wp-json\/wp\/v2\/pages"}],"about":[{"href":"http:\/\/www.ensembleinterface.com\/de\/wp-json\/wp\/v2\/types\/page"}],"author":[{"embeddable":true,"href":"http:\/\/www.ensembleinterface.com\/de\/wp-json\/wp\/v2\/users\/1"}],"replies":[{"embeddable":true,"href":"http:\/\/www.ensembleinterface.com\/de\/wp-json\/wp\/v2\/comments?post=2995"}],"version-history":[{"count":1,"href":"http:\/\/www.ensembleinterface.com\/de\/wp-json\/wp\/v2\/pages\/2995\/revisions"}],"predecessor-version":[{"id":2996,"href":"http:\/\/www.ensembleinterface.com\/de\/wp-json\/wp\/v2\/pages\/2995\/revisions\/2996"}],"wp:featuredmedia":[{"embeddable":true,"href":"http:\/\/www.ensembleinterface.com\/de\/wp-json\/wp\/v2\/media\/2901"}],"wp:attachment":[{"href":"http:\/\/www.ensembleinterface.com\/de\/wp-json\/wp\/v2\/media?parent=2995"}],"curies":[{"name":"wp","href":"https:\/\/api.w.org\/{rel}","templated":true}]}}