{"id":2950,"date":"2013-12-17T13:48:57","date_gmt":"2013-12-17T13:48:57","guid":{"rendered":"http:\/\/www.ensembleinterface.com\/de\/?page_id=2950"},"modified":"2014-10-26T20:45:14","modified_gmt":"2014-10-26T20:45:14","slug":"limbo-lander","status":"publish","type":"page","link":"http:\/\/www.ensembleinterface.com\/de\/projekte\/limbo-lander\/","title":{"rendered":"LIMBO LANDER"},"content":{"rendered":"<p>Eine audio-visuelle Performance<\/p>\n<p>Premiere 3. August 2014 im Frankfurt LAB<br \/>\nEine Produktion des Internationalen Musikinstituts Darmstadt IMD in Kooperation mit Wien Modern <\/p>\n<p>Jagoda Szmytka &#8211; Komposition und Konzeption<br \/>\nEnsemble Interface &#8211; Musik<\/p>\n<p>Das St\u00fcck ist eine Studie \u00fcber die Identit\u00e4tsbildung eines Ensembles \u2013 einer Gruppe junger Menschen mit dem Ziel, gemeinsame Visionen lebendig werden zu lassen: to perform\/live\/think\/make music. Das Ensemble steht dabei als Beispiel f\u00fcr eine Generation im Konflikt zwischen der Sehnsucht nach Zusammengeh\u00f6rigkeit und dem &#8217;sich nicht Binden&#8216; d\u00fcrfen\/k\u00f6nnen\/wollen. In der Schwebe leben. Flexibilit\u00e4t bis an die Grenze zum Zerbrechen.<br \/>\nAufgrund der gro\u00dfen geografischen Distanzen zwischen den MusikerInnen findet die Kommunikation im Ensemble zu einem wichtigen Teil auf virtueller Ebene \u00fcber Medien wie chatroom und skype statt: Durch die dabei auftretenden Verzerrungen und Deformationen ihrer oft fragmentarischen, half-blurred S\u00e4tze und dem Switchen zwischen Sprachen entstehen musikalische Komplexe, die in LIMBO LANDER zu einem vielschichtigen Musiktheater verflochten werden.<\/p>\n<p><a href=\"http:\/\/www.jagodaszmytka.com\/limbo-lander.html\" target=\"_blank\">Mehr\u2026<\/a><\/p>\n<p>Project co-financed by the Ministry of Culture and National Heritage of the Republic of Poland within the programme \u201eCollections\u201d \u2013 the priority \u201eComposition Commissions\u201d implemented by the Institute of Music and Dance.<\/p>\n<p><img loading=\"lazy\" decoding=\"async\" class=\"alignnone wp-image-3253\" src=\"http:\/\/www.ensembleinterface.com\/en\/files\/Limbo-logo-trio.jpg\" alt=\"Limbo-logo-trio\" width=\"422\" height=\"70\" \/><\/p>\n","protected":false},"excerpt":{"rendered":"<p>Eine audio-visuelle Performance Premiere 3. August 2014 im Frankfurt LAB Eine Produktion des Internationalen Musikinstituts Darmstadt IMD in Kooperation mit Wien Modern Jagoda Szmytka &#8211; Komposition und Konzeption Ensemble Interface &#8211; Musik Das St\u00fcck ist eine Studie \u00fcber die Identit\u00e4tsbildung eines Ensembles \u2013 einer Gruppe junger Menschen mit dem Ziel, gemeinsame Visionen lebendig werden zu&#8230;<\/p>\n<div class=\"read_more\"><a href=\"http:\/\/www.ensembleinterface.com\/de\/projekte\/limbo-lander\/\">Read More<\/a><\/div>\n","protected":false},"author":1,"featured_media":2953,"parent":2821,"menu_order":0,"comment_status":"open","ping_status":"open","template":"portfolio-four-column.php","meta":{"footnotes":""},"class_list":["post-2950","page","type-page","status-publish","has-post-thumbnail","hentry"],"_links":{"self":[{"href":"http:\/\/www.ensembleinterface.com\/de\/wp-json\/wp\/v2\/pages\/2950","targetHints":{"allow":["GET"]}}],"collection":[{"href":"http:\/\/www.ensembleinterface.com\/de\/wp-json\/wp\/v2\/pages"}],"about":[{"href":"http:\/\/www.ensembleinterface.com\/de\/wp-json\/wp\/v2\/types\/page"}],"author":[{"embeddable":true,"href":"http:\/\/www.ensembleinterface.com\/de\/wp-json\/wp\/v2\/users\/1"}],"replies":[{"embeddable":true,"href":"http:\/\/www.ensembleinterface.com\/de\/wp-json\/wp\/v2\/comments?post=2950"}],"version-history":[{"count":4,"href":"http:\/\/www.ensembleinterface.com\/de\/wp-json\/wp\/v2\/pages\/2950\/revisions"}],"predecessor-version":[{"id":3085,"href":"http:\/\/www.ensembleinterface.com\/de\/wp-json\/wp\/v2\/pages\/2950\/revisions\/3085"}],"up":[{"embeddable":true,"href":"http:\/\/www.ensembleinterface.com\/de\/wp-json\/wp\/v2\/pages\/2821"}],"wp:featuredmedia":[{"embeddable":true,"href":"http:\/\/www.ensembleinterface.com\/de\/wp-json\/wp\/v2\/media\/2953"}],"wp:attachment":[{"href":"http:\/\/www.ensembleinterface.com\/de\/wp-json\/wp\/v2\/media?parent=2950"}],"curies":[{"name":"wp","href":"https:\/\/api.w.org\/{rel}","templated":true}]}}