{"id":2914,"date":"2013-12-12T18:03:34","date_gmt":"2013-12-12T18:03:34","guid":{"rendered":"http:\/\/www.ensembleinterface.com\/de\/?page_id=2914"},"modified":"2014-02-04T18:14:30","modified_gmt":"2014-02-04T18:14:30","slug":"zwischenzone-ost-frankfurt","status":"publish","type":"page","link":"http:\/\/www.ensembleinterface.com\/de\/agenda\/zwischenzone-ost-frankfurt\/","title":{"rendered":"ZWISCHENZONE OST"},"content":{"rendered":"<p><div class=\"two_third\">15. Januar 2014 | 19:00<br \/>\n<span style=\"color: #c0c0c0;\">Frankfurt | Haus am Dom<\/span><\/p>\n<p>19:00: Einf\u00fchrungsgespr\u00e4ch mit Prof. Dr. Marion Saxer<br \/>\n19:30: Konzert<\/p>\n<p><span style=\"color: #c0c0c0;\"><strong>Programm<\/strong><\/span><br \/>\nPanayiotis Kokoras: <em>Delirium<\/em> f\u00fcr verst\u00e4rkte Fl\u00f6te, Cello, Klavier (2008)<br \/>\nWojtek Blecharz: <em>K\u2019an<\/em> f\u00fcr Steeldrum und ca. 130 St\u00e4be (2012)<br \/>\nSergej Newski: <em>Wut<\/em> f\u00fcr Fl\u00f6te, Cello, Klavier, Perkussion (2013)<br \/>\nHelmut Oehring: <em>Leuchter (aus: kurz im M\u00fcll gestochert)<\/em> f\u00fcr Fl\u00f6te, Cello, pr\u00e4pariertes Klavier (1994)<br \/>\nVladimir Gorlinsky: <em>Accent sequence<\/em> f\u00fcr Klavier und Elektronik (2009)<br \/>\nGeorgy Dorokhov: <em>Manifest<\/em> f\u00fcr 3 Styropore und B\u00f6gen (2009)<br \/>\nOnur Y\u0131ld\u0131r\u0131m: <em>upa.naxturu\u0161u<\/em> f\u00fcr Fl\u00f6te, Cello, Klavier, Perkussion (2013)<br \/>\nJagoda Szmytka: <em>pores open wide shut<\/em> (2013) &#8211; Urauff\u00fchrung<\/p>\n<p><a href=\"http:\/\/www.ensembleinterface.com\/de\/projekte\/zwischenzone-ost\/\">Mehr \u00fcber das Projekt<\/a><\/p>\n<p><span style=\"color: #c0c0c0;\">Ensemble Interface<\/span><br \/>\n<span style=\"color: #c0c0c0;\">Robin B\u00f6s, Elektronik<\/span><\/div><div class=\"one_third last\">\n<img loading=\"lazy\" decoding=\"async\" src=\"http:\/\/www.ensembleinterface.com\/en\/files\/Plakat_Ensemble-Interface-ZO.png\" alt=\"Plakat_Ensemble-Interface-ZO\" width=\"230\" height=\"324\" class=\"alignnone size-full wp-image-3071\" \/><\/p>\n<p><span style=\"color: #c0c0c0;\"><strong>Haus am Dom<\/strong><br \/>\nDomplatz 3<br \/>\nFrankfurt<\/span><br \/>\n<\/div><\/p>\n","protected":false},"excerpt":{"rendered":"","protected":false},"author":1,"featured_media":0,"parent":47,"menu_order":0,"comment_status":"open","ping_status":"open","template":"fullwidth.php","meta":{"footnotes":""},"class_list":["post-2914","page","type-page","status-publish","hentry"],"_links":{"self":[{"href":"http:\/\/www.ensembleinterface.com\/de\/wp-json\/wp\/v2\/pages\/2914","targetHints":{"allow":["GET"]}}],"collection":[{"href":"http:\/\/www.ensembleinterface.com\/de\/wp-json\/wp\/v2\/pages"}],"about":[{"href":"http:\/\/www.ensembleinterface.com\/de\/wp-json\/wp\/v2\/types\/page"}],"author":[{"embeddable":true,"href":"http:\/\/www.ensembleinterface.com\/de\/wp-json\/wp\/v2\/users\/1"}],"replies":[{"embeddable":true,"href":"http:\/\/www.ensembleinterface.com\/de\/wp-json\/wp\/v2\/comments?post=2914"}],"version-history":[{"count":12,"href":"http:\/\/www.ensembleinterface.com\/de\/wp-json\/wp\/v2\/pages\/2914\/revisions"}],"predecessor-version":[{"id":2975,"href":"http:\/\/www.ensembleinterface.com\/de\/wp-json\/wp\/v2\/pages\/2914\/revisions\/2975"}],"up":[{"embeddable":true,"href":"http:\/\/www.ensembleinterface.com\/de\/wp-json\/wp\/v2\/pages\/47"}],"wp:attachment":[{"href":"http:\/\/www.ensembleinterface.com\/de\/wp-json\/wp\/v2\/media?parent=2914"}],"curies":[{"name":"wp","href":"https:\/\/api.w.org\/{rel}","templated":true}]}}